{"id":1097,"date":"2023-10-02T08:19:27","date_gmt":"2023-10-02T08:19:27","guid":{"rendered":"https:\/\/www.opur.cloud\/?page_id=1097"},"modified":"2023-10-19T09:54:29","modified_gmt":"2023-10-19T09:54:29","slug":"sobre-nosotros","status":"publish","type":"page","link":"https:\/\/www.opur.cloud\/index.php\/es\/sobre-nosotros\/","title":{"rendered":"Sobre nosotros"},"content":{"rendered":"\n<div class=\"wp-block-skt-blocks-section gbnature-section-4 skt-blocks-block-section-outer-wrap block-6465a058-9002-4b2b-922c-9e1a2f72a845 background-type-color alignundefined\" style=\"z-index:1;max-width:;margin-left:;margin-right:\"><style type=\"text\/css\"> @media only screen and (max-width: 976px){\n .block-6465a058-9002-4b2b-922c-9e1a2f72a845 .skt-blocks-block-section{\n margin-top: 0px; margin-bottom: 0px; margin-left: 0px; margin-right: 0px; padding-top: 40px; padding-bottom: 40px; padding-left: 10px; padding-right: 10px; }\n}\n @media only screen and (max-width: 767px){\n .block-6465a058-9002-4b2b-922c-9e1a2f72a845 .skt-blocks-block-section{\n margin-top: 0px; margin-bottom: 0px; margin-left: 0px; margin-right: 0px; padding-top: 40px; padding-bottom: 40px; padding-left: 10px; padding-right: 10px; }\n}\n @media only screen and (min-width: 976px){\n .block-6465a058-9002-4b2b-922c-9e1a2f72a845 .skt-blocks-block-section{\n margin-top: 0px; margin-bottom: 0px; margin-left: 0px; margin-right: 0px; padding-top: 80px; padding-bottom: 80px; padding-left: 0px; padding-right: 0px; }\n}\n .block-6465a058-9002-4b2b-922c-9e1a2f72a845.skt-blocks-block-section-outer-wrap.background-type-image{\n background-image: linear-gradient(rgba(255, 255, 255, 1),rgba(255, 255, 255, 1)),url(undefined); background-position: center-center; background-attachment: scroll; background-repeat: no-repeat; background-size: cover; border-radius: 0px; }\n .block-6465a058-9002-4b2b-922c-9e1a2f72a845.skt-blocks-block-section-outer-wrap.background-type-image .skt-blocks-block-section.overlay-type-color{\n background-color: rgba(255, 255, 255, 1); }\n .block-6465a058-9002-4b2b-922c-9e1a2f72a845.skt-blocks-block-section-outer-wrap.background-type-image .skt-blocks-block-section.overlay-type-gradient.linear{\n background-image: linear-gradient(0deg, rgba(255, 255, 255, 1) 0%, rgba(255, 255, 255, 1) 100%); }\n .block-6465a058-9002-4b2b-922c-9e1a2f72a845.skt-blocks-block-section-outer-wrap.background-type-image .skt-blocks-block-section.overlay-type-gradient.radial{\n background-image: radial-gradient( at center center, rgba(255, 255, 255, 1) 0%, rgba(255, 255, 255, 1) 100%); }\n .block-6465a058-9002-4b2b-922c-9e1a2f72a845.background-type-video .skt-blocks-block-section {\n background-color: rgba(255, 255, 255, 1); }\n<\/style><style type=\"text\/css\"> .block-6465a058-9002-4b2b-922c-9e1a2f72a845 .responsive-section-inner-wrap {\n max-width : 100%; }\n @media only screen and (min-width: 976px){\n .block-6465a058-9002-4b2b-922c-9e1a2f72a845 .responsive-section-inner-wrap, .page.page-template-gutenberg-fullwidth .block-6465a058-9002-4b2b-922c-9e1a2f72a845.alignfull .responsive-section-inner-wrap {\n max-width : 1140px !important; }\n}\n @media only screen and (max-width: 976px){\n .block-6465a058-9002-4b2b-922c-9e1a2f72a845 .responsive-section-inner-wrap, .page.page-template-gutenberg-fullwidth .block-6465a058-9002-4b2b-922c-9e1a2f72a845.alignfull .responsive-section-inner-wrap {\n max-width : 1140px !important; }\n}\n @media only screen and (max-width: 767px){\n .block-6465a058-9002-4b2b-922c-9e1a2f72a845 .responsive-section-inner-wrap, .page.page-template-gutenberg-fullwidth .block-6465a058-9002-4b2b-922c-9e1a2f72a845.alignfull .responsive-section-inner-wrap {\n max-width : 1140px !important; }\n}\n<\/style><section class=\"responsive-section-wrap skt-blocks-block-section overlay-type-color linear\" style=\"border-width:1px;border-style:none;border-radius:0;background-color:rgba(255, 255, 255, 1);box-shadow:0px 0px 0px 0px undefined \"><div class=\"responsive-section-inner-wrap\" style=\"z-index:1\">\n<div class=\"wp-block-columns is-layout-flex wp-container-2 wp-block-columns-is-layout-flex\">\n<div class=\"wp-block-column is-layout-flow wp-block-column-is-layout-flow\" style=\"flex-basis:100%\">\n<style type=\"text\/css\"> .block-0e970e57-e215-4ee8-96b5-e8003365bd14 .skt-blocks-block-columns.overlay-type-color{\n background-color: rgba(255, 255, 255, 0); }\n .block-0e970e57-e215-4ee8-96b5-e8003365bd14 .skt-blocks-block-columns.overlay-type-gradient.linear{\n background-image: linear-gradient(0deg, rgba(255, 255, 255, 0) 0%, rgba(255, 255, 255, 0) 100%); }\n .block-0e970e57-e215-4ee8-96b5-e8003365bd14 .skt-blocks-block-columns.overlay-type-gradient.radial{\n background-image: radial-gradient( at center center, rgba(255, 255, 255, 0) 0%, rgba(255, 255, 255, 0) 100%); }\n .block-0e970e57-e215-4ee8-96b5-e8003365bd14 .skt-blocks-block-column{\n min-height: ; align-items: flex-start; }\n @media only screen and (min-width: 976px){\n .block-0e970e57-e215-4ee8-96b5-e8003365bd14 .skt-blocks-block-columns{\n padding-top: 10px; padding-bottom: 10px; padding-left: 10px; padding-right: 10px; margin-top: 0px; margin-bottom: 0px; }\n}\n @media only screen and (max-width: 976px){\n .block-0e970e57-e215-4ee8-96b5-e8003365bd14 .skt-blocks-block-columns{\n padding-top: undefinedpx; padding-bottom: undefinedpx; padding-left: undefinedpx; padding-right: undefinedpx; margin-top: undefinedpx; margin-bottom: undefinedpx; }\n}\n @media only screen and (max-width: 767px){\n .block-0e970e57-e215-4ee8-96b5-e8003365bd14 .skt-blocks-block-columns{\n padding-top: undefinedpx; padding-bottom: undefinedpx; padding-left: undefinedpx; padding-right: undefinedpx; margin-top: undefinedpx; margin-bottom: undefinedpx; }\n}\n<\/style><div class=\"block-0e970e57-e215-4ee8-96b5-e8003365bd14 skt-blocks-advanced-column-outer-wrap undefined\" style=\"z-index:1\"><div class=\"skt-blocks-advanced-column alignundefined\"><div class=\"responsive-columns-wrap skt-blocks-block-columns responsive-columns__gap-default responsive-columns__stack-mobile responsive-columns__content-width-theme overlay-type-color linear\" style=\"text-align:left;border-width:1px;border-style:none;box-shadow:0px 0px 0px 0px undefined \"><div class=\"responsive-columns-inner-wrap responsive-columns-columns-2\" style=\"max-width:100%\">\n<style type=\"text\/css\"> .block-6b965a89-44a4-4532-bd47-369e69fc6dc6 .skt-blocks-block-column {\n box-shadow: 0px 0px 0px 0px undefined ; }\n .block-6b965a89-44a4-4532-bd47-369e69fc6dc6 .skt-blocks-block-column:hover {\n box-shadow: 0px 0px 0px 0px #cccccc ; }\n @media only screen and (min-width: 976px){\n .block-6b965a89-44a4-4532-bd47-369e69fc6dc6 .skt-blocks-block-column{\n padding-top: undefinedpx; padding-bottom: undefinedpx; padding-left: undefinedpx; padding-right: undefinedpx; margin-top: undefinedpx; margin-bottom: undefinedpx; margin-left: undefinedpx; margin-right: undefinedpx; }\n}\n @media only screen and (max-width: 976px){\n .block-6b965a89-44a4-4532-bd47-369e69fc6dc6 .skt-blocks-block-column{\n padding-top: undefinedpx; padding-bottom: undefinedpx; padding-left: undefinedpx; padding-right: undefinedpx; margin-top: undefinedpx; margin-bottom: undefinedpx; margin-left: undefinedpx; margin-right: undefinedpx; }\n}\n @media only screen and (max-width: 767px){\n .block-6b965a89-44a4-4532-bd47-369e69fc6dc6 .skt-blocks-block-column{\n padding-top: undefinedpx; padding-bottom: undefinedpx; padding-left: undefinedpx; padding-right: undefinedpx; margin-top: undefinedpx; margin-bottom: undefinedpx; margin-left: undefinedpx; margin-right: undefinedpx; }\n}\n<\/style><div class=\"skt-blocks-advanced-column-child block-6b965a89-44a4-4532-bd47-369e69fc6dc6\" style=\"width:50%\"><div class=\"responsive-column-wrap skt-blocks-block-column\" style=\"border-width:1px;border-style:none\"><div class=\"responsive-column-inner-wrap overlay-type-color linear\">\n<style type=\"text\/css\"> @media only screen and (min-width: 976px){\n\n.skt-blocks-block-advanced-heading.block-251c2331-b792-4e5a-9a3a-59266539df92 .responsive-heading-title-text {\n font-size: 38px !important; margin-bottom: 20px !important; }\n\n.skt-blocks-block-advanced-heading.block-251c2331-b792-4e5a-9a3a-59266539df92 .responsive-heading-seperator {\n margin-bottom: 15px !important; }\n\n.skt-blocks-block-advanced-heading.block-251c2331-b792-4e5a-9a3a-59266539df92 .responsive-heading-desc-text {\n margin-bottom: 15px !important; }\n}\n @media only screen and (min-width: 768px) and (max-width: 976px){\n\n.skt-blocks-block-advanced-heading.block-251c2331-b792-4e5a-9a3a-59266539df92 .responsive-heading-title-text {\n margin-bottom: 15px !important; }\n\n.skt-blocks-block-advanced-heading.block-251c2331-b792-4e5a-9a3a-59266539df92 .responsive-heading-seperator {\n margin-bottom: 15px !important; }\n\n.skt-blocks-block-advanced-heading.block-251c2331-b792-4e5a-9a3a-59266539df92 .responsive-heading-desc-text {\n margin-bottom: 15px !important; }\n}\n @media only screen and (max-width: 767px){\n .skt-blocks-block-advanced-heading.block-251c2331-b792-4e5a-9a3a-59266539df92 .responsive-heading-title-text {\n margin-bottom: 15px !important; }\n .skt-blocks-block-advanced-heading.block-251c2331-b792-4e5a-9a3a-59266539df92 .responsive-heading-seperator {\n margin-bottom: 15px !important; }\n .skt-blocks-block-advanced-heading.block-251c2331-b792-4e5a-9a3a-59266539df92 .responsive-heading-desc-text {\n margin-bottom: 15px !important; }\n}\n<\/style><style type=\"text\/css\"> @media only screen and (max-width: 976px){\n\n.skt-blocks-block-advanced-heading.block-251c2331-b792-4e5a-9a3a-59266539df92 .responsive-heading-title-text {\n font-size: 32px; }\n}\n<\/style><style type=\"text\/css\"> @media only screen and (max-width: 767px){\n .skt-blocks-block-advanced-heading.block-251c2331-b792-4e5a-9a3a-59266539df92 .responsive-heading-title-text {\n font-size: 30px; }\n}\n<\/style><style type=\"text\/css\"> @media only screen and (min-width: 976px){\n\n.skt-blocks-block-advanced-heading.block-251c2331-b792-4e5a-9a3a-59266539df92 .responsive-heading-desc-text {\n font-size: undefinedpx !important; }\n}\n<\/style><style type=\"text\/css\"> @media only screen and (min-width: 976px){\n .skt-blocks-block-advanced-heading.block-251c2331-b792-4e5a-9a3a-59266539df92 {\n text-align: left; }\n}\n @media only screen and (max-width: 976px){\n .skt-blocks-block-advanced-heading.block-251c2331-b792-4e5a-9a3a-59266539df92 {\n text-align: left; }\n}\n @media only screen and (max-width: 767px){\n .skt-blocks-block-advanced-heading.block-251c2331-b792-4e5a-9a3a-59266539df92 {\n text-align: center; }\n}\n<\/style><div class=\"skt-blocks-block-advanced-heading block-251c2331-b792-4e5a-9a3a-59266539df92\"><h2 class=\"responsive-heading-title-text\" style=\"font-family:Assistant;font-weight:700;line-height:1;letter-spacing:0\"><strong>COMIT\u00c9 DE OPUR<\/strong><\/h2><div class=\"responsive-heading-seperator-wrap\"><div class=\"responsive-heading-seperator\" style=\"border-top-style:solid;border-top-width:2px;width:40px;border-color:#6ab43e\"><\/div><\/div><\/div>\n\n\n\n<p><strong>Presidente<\/strong>: <a href=\"mailto:dbeysens@yahoo.fr\" data-type=\"mailto\" data-id=\"mailto:dbeysens@yahoo.fr\">Dr. D. Beysens<\/a><\/p>\n\n\n\n<p><strong>Vice &#8211; Presidente<\/strong>: <a href=\"maito:BERKOWI@vms.huji.ac.il\" data-type=\"link\" data-id=\"maito:BERKOWI@vms.huji.ac.il\">Mr. S. Berkowicz<\/a><\/p>\n\n\n\n<p><strong>Tresorero<\/strong>: <a href=\"mailto:imylymuk@yahoo.fr\" data-type=\"mailto\" data-id=\"mailto:imylymuk@yahoo.fr\">Mrs. I. Milimouk<\/a><\/p>\n\n\n\n<p><strong>Secretario<\/strong>: <a href=\"mailto:anne.dejoan@fnac.net\" data-type=\"mailto\" data-id=\"mailto:anne.dejoan@fnac.net\">Mrs. A. Dejoan<\/a><\/p>\n\n\n\n<style type=\"text\/css\"> @media only screen and (min-width: 976px){\n\n.skt-blocks-block-advanced-heading.block-c357b3a1-9049-43c5-b342-e37aa1f600b5 .responsive-heading-title-text {\n font-size: 38px !important; margin-bottom: 20px !important; }\n\n.skt-blocks-block-advanced-heading.block-c357b3a1-9049-43c5-b342-e37aa1f600b5 .responsive-heading-seperator {\n margin-bottom: 15px !important; }\n\n.skt-blocks-block-advanced-heading.block-c357b3a1-9049-43c5-b342-e37aa1f600b5 .responsive-heading-desc-text {\n margin-bottom: 15px !important; }\n}\n @media only screen and (min-width: 768px) and (max-width: 976px){\n\n.skt-blocks-block-advanced-heading.block-c357b3a1-9049-43c5-b342-e37aa1f600b5 .responsive-heading-title-text {\n margin-bottom: 15px !important; }\n\n.skt-blocks-block-advanced-heading.block-c357b3a1-9049-43c5-b342-e37aa1f600b5 .responsive-heading-seperator {\n margin-bottom: 15px !important; }\n\n.skt-blocks-block-advanced-heading.block-c357b3a1-9049-43c5-b342-e37aa1f600b5 .responsive-heading-desc-text {\n margin-bottom: 15px !important; }\n}\n @media only screen and (max-width: 767px){\n .skt-blocks-block-advanced-heading.block-c357b3a1-9049-43c5-b342-e37aa1f600b5 .responsive-heading-title-text {\n margin-bottom: 15px !important; }\n .skt-blocks-block-advanced-heading.block-c357b3a1-9049-43c5-b342-e37aa1f600b5 .responsive-heading-seperator {\n margin-bottom: 15px !important; }\n .skt-blocks-block-advanced-heading.block-c357b3a1-9049-43c5-b342-e37aa1f600b5 .responsive-heading-desc-text {\n margin-bottom: 15px !important; }\n}\n<\/style><style type=\"text\/css\"> @media only screen and (max-width: 976px){\n\n.skt-blocks-block-advanced-heading.block-c357b3a1-9049-43c5-b342-e37aa1f600b5 .responsive-heading-title-text {\n font-size: 32px; }\n}\n<\/style><style type=\"text\/css\"> @media only screen and (max-width: 767px){\n .skt-blocks-block-advanced-heading.block-c357b3a1-9049-43c5-b342-e37aa1f600b5 .responsive-heading-title-text {\n font-size: 30px; }\n}\n<\/style><style type=\"text\/css\"> @media only screen and (min-width: 976px){\n\n.skt-blocks-block-advanced-heading.block-c357b3a1-9049-43c5-b342-e37aa1f600b5 .responsive-heading-desc-text {\n font-size: undefinedpx !important; }\n}\n<\/style><style type=\"text\/css\"> @media only screen and (min-width: 976px){\n .skt-blocks-block-advanced-heading.block-c357b3a1-9049-43c5-b342-e37aa1f600b5 {\n text-align: left; }\n}\n @media only screen and (max-width: 976px){\n .skt-blocks-block-advanced-heading.block-c357b3a1-9049-43c5-b342-e37aa1f600b5 {\n text-align: left; }\n}\n @media only screen and (max-width: 767px){\n .skt-blocks-block-advanced-heading.block-c357b3a1-9049-43c5-b342-e37aa1f600b5 {\n text-align: center; }\n}\n<\/style><div class=\"skt-blocks-block-advanced-heading block-c357b3a1-9049-43c5-b342-e37aa1f600b5\"><h2 class=\"responsive-heading-title-text\" style=\"font-family:Assistant;font-weight:700;line-height:1;letter-spacing:0\"><strong>MIEMBROS FUNDADORES<\/strong><\/h2><div class=\"responsive-heading-seperator-wrap\"><div class=\"responsive-heading-seperator\" style=\"border-top-style:solid;border-top-width:2px;width:40px;border-color:#6ab43e\"><\/div><\/div><\/div>\n\n\n\n<p><strong>Daniel BEYSENS<\/strong>, investigador<br><strong>Jacques MARCILLAT<\/strong>, investigador<br><strong>Iryna MILIMOUK<\/strong>, ling\u00fcista<br><strong>Jean-Paul RUIZ<\/strong>, artista<br><strong>Torbj\u00f6rn NILSSON<\/strong>, ingeniero<\/p>\n<\/div><\/div><\/div>\n\n\n\n<style type=\"text\/css\"> .block-48b0e16a-9234-499f-a208-598f66e8b626 .skt-blocks-block-column {\n box-shadow: 0px 0px 0px 0px undefined ; }\n .block-48b0e16a-9234-499f-a208-598f66e8b626 .skt-blocks-block-column:hover {\n box-shadow: 0px 0px 0px 0px #cccccc ; }\n @media only screen and (min-width: 976px){\n .block-48b0e16a-9234-499f-a208-598f66e8b626 .skt-blocks-block-column{\n padding-top: undefinedpx; padding-bottom: undefinedpx; padding-left: undefinedpx; padding-right: undefinedpx; margin-top: undefinedpx; margin-bottom: undefinedpx; margin-left: undefinedpx; margin-right: undefinedpx; }\n}\n @media only screen and (max-width: 976px){\n .block-48b0e16a-9234-499f-a208-598f66e8b626 .skt-blocks-block-column{\n padding-top: undefinedpx; padding-bottom: undefinedpx; padding-left: undefinedpx; padding-right: undefinedpx; margin-top: undefinedpx; margin-bottom: undefinedpx; margin-left: undefinedpx; margin-right: undefinedpx; }\n}\n @media only screen and (max-width: 767px){\n .block-48b0e16a-9234-499f-a208-598f66e8b626 .skt-blocks-block-column{\n padding-top: undefinedpx; padding-bottom: undefinedpx; padding-left: undefinedpx; padding-right: undefinedpx; margin-top: undefinedpx; margin-bottom: undefinedpx; margin-left: undefinedpx; margin-right: undefinedpx; }\n}\n<\/style><div class=\"skt-blocks-advanced-column-child block-48b0e16a-9234-499f-a208-598f66e8b626\" style=\"width:50%\"><div class=\"responsive-column-wrap skt-blocks-block-column\" style=\"border-width:1px;border-style:none\"><div class=\"responsive-column-inner-wrap overlay-type-color linear\">\n<style type=\"text\/css\"> @media only screen and (min-width: 976px){\n\n.skt-blocks-block-advanced-heading.block-b115e1df-88da-4eed-9364-3ad5bb4ac977 .responsive-heading-title-text {\n font-size: 38px !important; margin-bottom: 20px !important; }\n\n.skt-blocks-block-advanced-heading.block-b115e1df-88da-4eed-9364-3ad5bb4ac977 .responsive-heading-seperator {\n margin-bottom: 15px !important; }\n\n.skt-blocks-block-advanced-heading.block-b115e1df-88da-4eed-9364-3ad5bb4ac977 .responsive-heading-desc-text {\n margin-bottom: 15px !important; }\n}\n @media only screen and (min-width: 768px) and (max-width: 976px){\n\n.skt-blocks-block-advanced-heading.block-b115e1df-88da-4eed-9364-3ad5bb4ac977 .responsive-heading-title-text {\n margin-bottom: 15px !important; }\n\n.skt-blocks-block-advanced-heading.block-b115e1df-88da-4eed-9364-3ad5bb4ac977 .responsive-heading-seperator {\n margin-bottom: 15px !important; }\n\n.skt-blocks-block-advanced-heading.block-b115e1df-88da-4eed-9364-3ad5bb4ac977 .responsive-heading-desc-text {\n margin-bottom: 15px !important; }\n}\n @media only screen and (max-width: 767px){\n .skt-blocks-block-advanced-heading.block-b115e1df-88da-4eed-9364-3ad5bb4ac977 .responsive-heading-title-text {\n margin-bottom: 15px !important; }\n .skt-blocks-block-advanced-heading.block-b115e1df-88da-4eed-9364-3ad5bb4ac977 .responsive-heading-seperator {\n margin-bottom: 15px !important; }\n .skt-blocks-block-advanced-heading.block-b115e1df-88da-4eed-9364-3ad5bb4ac977 .responsive-heading-desc-text {\n margin-bottom: 15px !important; }\n}\n<\/style><style type=\"text\/css\"> @media only screen and (max-width: 976px){\n\n.skt-blocks-block-advanced-heading.block-b115e1df-88da-4eed-9364-3ad5bb4ac977 .responsive-heading-title-text {\n font-size: 32px; }\n}\n<\/style><style type=\"text\/css\"> @media only screen and (max-width: 767px){\n .skt-blocks-block-advanced-heading.block-b115e1df-88da-4eed-9364-3ad5bb4ac977 .responsive-heading-title-text {\n font-size: 30px; }\n}\n<\/style><style type=\"text\/css\"> @media only screen and (min-width: 976px){\n\n.skt-blocks-block-advanced-heading.block-b115e1df-88da-4eed-9364-3ad5bb4ac977 .responsive-heading-desc-text {\n font-size: undefinedpx !important; }\n}\n<\/style><style type=\"text\/css\"> @media only screen and (min-width: 976px){\n .skt-blocks-block-advanced-heading.block-b115e1df-88da-4eed-9364-3ad5bb4ac977 {\n text-align: left; }\n}\n @media only screen and (max-width: 976px){\n .skt-blocks-block-advanced-heading.block-b115e1df-88da-4eed-9364-3ad5bb4ac977 {\n text-align: left; }\n}\n @media only screen and (max-width: 767px){\n .skt-blocks-block-advanced-heading.block-b115e1df-88da-4eed-9364-3ad5bb4ac977 {\n text-align: center; }\n}\n<\/style><div class=\"skt-blocks-block-advanced-heading block-b115e1df-88da-4eed-9364-3ad5bb4ac977\"><h2 class=\"responsive-heading-title-text\" style=\"font-family:Assistant;font-weight:700;line-height:1;letter-spacing:0\"><strong>NUESTROS REPRESENTANTES REGIONALES E INTERNACIONALES<\/strong><\/h2><div class=\"responsive-heading-seperator-wrap\"><div class=\"responsive-heading-seperator\" style=\"border-top-style:solid;border-top-width:2px;width:40px;border-color:#6ab43e\"><\/div><\/div><\/div>\n\n\n\n<p>Nuestra organizaci\u00f3n colabora con diferentes organismos de investigaci\u00f3n nacionales e internacionales cuyos cient\u00edficos han elegido formar parte de OPUR.<\/p>\n\n\n\n<p><strong>BENIN <\/strong>: <a href=\"mailto:kotgabin36@yahoo.fr\" data-type=\"mailto\" data-id=\"mailto:kotgabin36@yahoo.fr\">Mr. Gabin KOTO N\u2019GOBI<\/a><\/p>\n\n\n\n<p><strong>CHILI <\/strong>: <a href=\"https:\/\/www.opur.cloud\/index.php\/artistic-activities\/\" data-type=\"page\" data-id=\"847\">Dr. Jean-Gabriel MINONZIO<\/a><\/p>\n\n\n\n<p><strong>FRENCH POLYNESIA<\/strong>: <a href=\"mailto:Pascal.Ortega@upf.pf\" data-type=\"mailto\" data-id=\"mailto:Pascal.Ortega@upf.pf\">Dr. Pascal ORTEGA<\/a><\/p>\n\n\n\n<p><strong>GERMANY<\/strong>: <a href=\"mailto:alexander.graf@uni-essen.de\" data-type=\"mailto\" data-id=\"mailto:alexander.graf@uni-essen.de\">Dr. Alexander GRAF<\/a><\/p>\n\n\n\n<p><strong>INDIA <\/strong>: <a href=\"mailto:anil_roy@daiict.ac.in\" data-type=\"mailto\" data-id=\"mailto:anil_roy@daiict.ac.in\">Dr. Anil Kumar ROY<\/a><\/p>\n\n\n\n<p><strong>ISRAEL<\/strong>: <a href=\"mailto:BERKOWI@vms.huji.ac.il\" data-type=\"mailto\" data-id=\"mailto:BERKOWI@vms.huji.ac.il\">Pfr. Simon BERKOWICZ<\/a><\/p>\n\n\n\n<p><strong>MEDITERRANEAN ISLANDS<\/strong> : <a href=\"mailto:marc.muselli@univ-corse.fr\" data-type=\"mailto\" data-id=\"mailto:marc.muselli@univ-corse.fr\">Dr. Marc MUSELLI<\/a><\/p>\n\n\n\n<p><strong>NETHERLANDS<\/strong>: <a href=\"mailto:bert.heusinkveld@gmail.com\" data-type=\"mailto\" data-id=\"mailto:bert.heusinkveld@gmail.com\">Dr. Bert HEUSINKVELD<\/a><\/p>\n\n\n\n<p><strong>SPAIN<\/strong>: <a href=\"mailto:anne.dejoan@fnac.net\" data-type=\"mailto\" data-id=\"mailto:anne.dejoan@fnac.net\">Dr. Anne DEJOAN<\/a><\/p>\n\n\n\n<p><strong>SWEDEN<\/strong>: <a href=\"mailto:Torbjorn.Nilsson@emw.ericsson.se\" data-type=\"mailto\" data-id=\"mailto:Torbjorn.Nilsson@emw.ericsson.se\">Dr. Torbj\u00f6rn NILSSON<\/a><\/p>\n\n\n\n<p><strong>TAIWAN<\/strong>: <a href=\"mailto:fbo1111@gmail.com\" data-type=\"mailto\" data-id=\"mailto:fbo1111@gmail.com\">Dr. Francois BELLET-ODENT<\/a><\/p>\n\n\n\n<p><strong>UNITED KINGDOM<\/strong>: <a href=\"mailto:richardgordonjones@btinternet.com\" data-type=\"mailto\" data-id=\"mailto:richardgordonjones@btinternet.com\">Mr. Richard Gordon JONES<\/a><\/p>\n<\/div><\/div><\/div>\n<\/div><\/div><\/div><\/div>\n\n\n\n<div style=\"height:20px\" aria-hidden=\"true\" class=\"wp-block-spacer\"><\/div>\n<\/div>\n<\/div>\n<\/div><\/section><\/div>\n","protected":false},"excerpt":{"rendered":"","protected":false},"author":1,"featured_media":0,"parent":0,"menu_order":0,"comment_status":"closed","ping_status":"closed","template":"templates\/page-builder.php","meta":{"footnotes":""},"featured_image_src":false,"featured_image_src_square":false,"rbea_author_info":{"display_name":"admin","author_link":"https:\/\/www.opur.cloud\/index.php\/author\/admin\/"},"rbea_excerpt_info":null,"_links":{"self":[{"href":"https:\/\/www.opur.cloud\/index.php\/wp-json\/wp\/v2\/pages\/1097"}],"collection":[{"href":"https:\/\/www.opur.cloud\/index.php\/wp-json\/wp\/v2\/pages"}],"about":[{"href":"https:\/\/www.opur.cloud\/index.php\/wp-json\/wp\/v2\/types\/page"}],"author":[{"embeddable":true,"href":"https:\/\/www.opur.cloud\/index.php\/wp-json\/wp\/v2\/users\/1"}],"replies":[{"embeddable":true,"href":"https:\/\/www.opur.cloud\/index.php\/wp-json\/wp\/v2\/comments?post=1097"}],"version-history":[{"count":6,"href":"https:\/\/www.opur.cloud\/index.php\/wp-json\/wp\/v2\/pages\/1097\/revisions"}],"predecessor-version":[{"id":1366,"href":"https:\/\/www.opur.cloud\/index.php\/wp-json\/wp\/v2\/pages\/1097\/revisions\/1366"}],"wp:attachment":[{"href":"https:\/\/www.opur.cloud\/index.php\/wp-json\/wp\/v2\/media?parent=1097"}],"curies":[{"name":"wp","href":"https:\/\/api.w.org\/{rel}","templated":true}]}}