{"id":1100,"date":"2023-10-02T08:27:46","date_gmt":"2023-10-02T08:27:46","guid":{"rendered":"https:\/\/www.opur.cloud\/?page_id=1100"},"modified":"2023-10-02T08:27:47","modified_gmt":"2023-10-02T08:27:47","slug":"bienvenidos-a-opur","status":"publish","type":"page","link":"https:\/\/www.opur.cloud\/index.php\/es\/bienvenidos-a-opur\/","title":{"rendered":"Bienvenidos\/as a OPUR"},"content":{"rendered":"\n<div class=\"wp-block-skt-blocks-section gbnature-section-4 skt-blocks-block-section-outer-wrap block-47f1cd87-a06d-4178-bc4e-afe167557ec9 background-type-color alignundefined\" style=\"z-index:1;max-width:;margin-left:;margin-right:\"><style type=\"text\/css\"> @media only screen and (max-width: 976px){\n .block-47f1cd87-a06d-4178-bc4e-afe167557ec9 .skt-blocks-block-section{\n margin-top: 0px; margin-bottom: 0px; margin-left: 0px; margin-right: 0px; padding-top: 40px; padding-bottom: 40px; padding-left: 10px; padding-right: 10px; }\n}\n @media only screen and (max-width: 767px){\n .block-47f1cd87-a06d-4178-bc4e-afe167557ec9 .skt-blocks-block-section{\n margin-top: 0px; margin-bottom: 0px; margin-left: 0px; margin-right: 0px; padding-top: 40px; padding-bottom: 40px; padding-left: 10px; padding-right: 10px; }\n}\n @media only screen and (min-width: 976px){\n .block-47f1cd87-a06d-4178-bc4e-afe167557ec9 .skt-blocks-block-section{\n margin-top: 0px; margin-bottom: 0px; margin-left: 0px; margin-right: 0px; padding-top: 80px; padding-bottom: 80px; padding-left: 0px; padding-right: 0px; }\n}\n .block-47f1cd87-a06d-4178-bc4e-afe167557ec9.skt-blocks-block-section-outer-wrap.background-type-image{\n background-image: linear-gradient(rgba(255, 255, 255, 1),rgba(255, 255, 255, 1)),url(undefined); background-position: center-center; background-attachment: scroll; background-repeat: no-repeat; background-size: cover; border-radius: 0px; }\n .block-47f1cd87-a06d-4178-bc4e-afe167557ec9.skt-blocks-block-section-outer-wrap.background-type-image .skt-blocks-block-section.overlay-type-color{\n background-color: rgba(255, 255, 255, 1); }\n .block-47f1cd87-a06d-4178-bc4e-afe167557ec9.skt-blocks-block-section-outer-wrap.background-type-image .skt-blocks-block-section.overlay-type-gradient.linear{\n background-image: linear-gradient(0deg, rgba(255, 255, 255, 1) 0%, rgba(255, 255, 255, 1) 100%); }\n .block-47f1cd87-a06d-4178-bc4e-afe167557ec9.skt-blocks-block-section-outer-wrap.background-type-image .skt-blocks-block-section.overlay-type-gradient.radial{\n background-image: radial-gradient( at center center, rgba(255, 255, 255, 1) 0%, rgba(255, 255, 255, 1) 100%); }\n .block-47f1cd87-a06d-4178-bc4e-afe167557ec9.background-type-video .skt-blocks-block-section {\n background-color: rgba(255, 255, 255, 1); }\n<\/style><style type=\"text\/css\"> .block-47f1cd87-a06d-4178-bc4e-afe167557ec9 .responsive-section-inner-wrap {\n max-width : 100%; }\n @media only screen and (min-width: 976px){\n .block-47f1cd87-a06d-4178-bc4e-afe167557ec9 .responsive-section-inner-wrap, .page.page-template-gutenberg-fullwidth .block-47f1cd87-a06d-4178-bc4e-afe167557ec9.alignfull .responsive-section-inner-wrap {\n max-width : 1140px !important; }\n}\n @media only screen and (max-width: 976px){\n .block-47f1cd87-a06d-4178-bc4e-afe167557ec9 .responsive-section-inner-wrap, .page.page-template-gutenberg-fullwidth .block-47f1cd87-a06d-4178-bc4e-afe167557ec9.alignfull .responsive-section-inner-wrap {\n max-width : 1140px !important; }\n}\n @media only screen and (max-width: 767px){\n .block-47f1cd87-a06d-4178-bc4e-afe167557ec9 .responsive-section-inner-wrap, .page.page-template-gutenberg-fullwidth .block-47f1cd87-a06d-4178-bc4e-afe167557ec9.alignfull .responsive-section-inner-wrap {\n max-width : 1140px !important; }\n}\n<\/style><section class=\"responsive-section-wrap skt-blocks-block-section overlay-type-color linear\" style=\"border-width:1px;border-style:none;border-radius:0;background-color:rgba(255, 255, 255, 1);box-shadow:0px 0px 0px 0px undefined \"><div class=\"responsive-section-inner-wrap\" style=\"z-index:1\">\n<style type=\"text\/css\"> .block-214a723e-5292-4171-aa40-41f20b5dc98f .skt-blocks-block-columns.overlay-type-color{\n background-color: rgba(255, 255, 255, 0); }\n .block-214a723e-5292-4171-aa40-41f20b5dc98f .skt-blocks-block-columns.overlay-type-gradient.linear{\n background-image: linear-gradient(0deg, rgba(255, 255, 255, 0) 0%, rgba(255, 255, 255, 0) 100%); }\n .block-214a723e-5292-4171-aa40-41f20b5dc98f .skt-blocks-block-columns.overlay-type-gradient.radial{\n background-image: radial-gradient( at center center, rgba(255, 255, 255, 0) 0%, rgba(255, 255, 255, 0) 100%); }\n .block-214a723e-5292-4171-aa40-41f20b5dc98f .skt-blocks-block-column{\n min-height: ; align-items: flex-start; }\n @media only screen and (min-width: 976px){\n .block-214a723e-5292-4171-aa40-41f20b5dc98f .skt-blocks-block-columns{\n padding-top: 10px; padding-bottom: 10px; padding-left: 10px; padding-right: 10px; margin-top: 0px; margin-bottom: 0px; }\n}\n @media only screen and (max-width: 976px){\n .block-214a723e-5292-4171-aa40-41f20b5dc98f .skt-blocks-block-columns{\n padding-top: undefinedpx; padding-bottom: undefinedpx; padding-left: undefinedpx; padding-right: undefinedpx; margin-top: undefinedpx; margin-bottom: undefinedpx; }\n}\n @media only screen and (max-width: 767px){\n .block-214a723e-5292-4171-aa40-41f20b5dc98f .skt-blocks-block-columns{\n padding-top: undefinedpx; padding-bottom: undefinedpx; padding-left: undefinedpx; padding-right: undefinedpx; margin-top: undefinedpx; margin-bottom: undefinedpx; }\n}\n<\/style><div class=\"block-214a723e-5292-4171-aa40-41f20b5dc98f skt-blocks-advanced-column-outer-wrap undefined\" style=\"z-index:1\"><div class=\"skt-blocks-advanced-column alignundefined\"><div class=\"responsive-columns-wrap skt-blocks-block-columns responsive-columns__gap-default responsive-columns__stack-mobile responsive-columns__content-width-theme overlay-type-color linear\" style=\"text-align:left;border-width:1px;border-style:none;box-shadow:0px 0px 0px 0px undefined \"><div class=\"responsive-columns-inner-wrap responsive-columns-columns-2\" style=\"max-width:100%\">\n<style type=\"text\/css\"> .block-f5ef608f-801a-4a04-89d5-48840037156d .skt-blocks-block-column {\n box-shadow: 0px 0px 0px 0px undefined ; }\n .block-f5ef608f-801a-4a04-89d5-48840037156d .skt-blocks-block-column:hover {\n box-shadow: 0px 0px 0px 0px #cccccc ; }\n @media only screen and (min-width: 976px){\n .block-f5ef608f-801a-4a04-89d5-48840037156d .skt-blocks-block-column{\n padding-top: undefinedpx; padding-bottom: undefinedpx; padding-left: undefinedpx; padding-right: undefinedpx; margin-top: undefinedpx; margin-bottom: undefinedpx; margin-left: undefinedpx; margin-right: undefinedpx; }\n}\n @media only screen and (max-width: 976px){\n .block-f5ef608f-801a-4a04-89d5-48840037156d .skt-blocks-block-column{\n padding-top: undefinedpx; padding-bottom: undefinedpx; padding-left: undefinedpx; padding-right: undefinedpx; margin-top: undefinedpx; margin-bottom: undefinedpx; margin-left: undefinedpx; margin-right: undefinedpx; }\n}\n @media only screen and (max-width: 767px){\n .block-f5ef608f-801a-4a04-89d5-48840037156d .skt-blocks-block-column{\n padding-top: undefinedpx; padding-bottom: undefinedpx; padding-left: undefinedpx; padding-right: undefinedpx; margin-top: undefinedpx; margin-bottom: undefinedpx; margin-left: undefinedpx; margin-right: undefinedpx; }\n}\n<\/style><div class=\"skt-blocks-advanced-column-child block-f5ef608f-801a-4a04-89d5-48840037156d\" style=\"width:50%\"><div class=\"responsive-column-wrap skt-blocks-block-column\" style=\"border-width:1px;border-style:none\"><div class=\"responsive-column-inner-wrap overlay-type-color linear\">\n<style type=\"text\/css\"> @media only screen and (min-width: 976px){\n\n.skt-blocks-block-advanced-heading.block-844723a1-a36d-43e1-9ef0-8c113028649a .responsive-heading-title-text {\n font-size: 32px !important; margin-bottom: 15px !important; }\n\n.skt-blocks-block-advanced-heading.block-844723a1-a36d-43e1-9ef0-8c113028649a .responsive-heading-seperator {\n margin-bottom: 15px !important; }\n\n.skt-blocks-block-advanced-heading.block-844723a1-a36d-43e1-9ef0-8c113028649a .responsive-heading-desc-text {\n margin-bottom: 15px !important; }\n}\n @media only screen and (min-width: 768px) and (max-width: 976px){\n\n.skt-blocks-block-advanced-heading.block-844723a1-a36d-43e1-9ef0-8c113028649a .responsive-heading-title-text {\n margin-bottom: 15px !important; }\n\n.skt-blocks-block-advanced-heading.block-844723a1-a36d-43e1-9ef0-8c113028649a .responsive-heading-seperator {\n margin-bottom: 15px !important; }\n\n.skt-blocks-block-advanced-heading.block-844723a1-a36d-43e1-9ef0-8c113028649a .responsive-heading-desc-text {\n margin-bottom: 15px !important; }\n}\n @media only screen and (max-width: 767px){\n .skt-blocks-block-advanced-heading.block-844723a1-a36d-43e1-9ef0-8c113028649a .responsive-heading-title-text {\n margin-bottom: 15px !important; }\n .skt-blocks-block-advanced-heading.block-844723a1-a36d-43e1-9ef0-8c113028649a .responsive-heading-seperator {\n margin-bottom: 15px !important; }\n .skt-blocks-block-advanced-heading.block-844723a1-a36d-43e1-9ef0-8c113028649a .responsive-heading-desc-text {\n margin-bottom: 15px !important; }\n}\n<\/style><style type=\"text\/css\"> @media only screen and (max-width: 976px){\n\n.skt-blocks-block-advanced-heading.block-844723a1-a36d-43e1-9ef0-8c113028649a .responsive-heading-title-text {\n font-size: 28px; }\n}\n<\/style><style type=\"text\/css\"> @media only screen and (max-width: 767px){\n .skt-blocks-block-advanced-heading.block-844723a1-a36d-43e1-9ef0-8c113028649a .responsive-heading-title-text {\n font-size: 24px; }\n}\n<\/style><style type=\"text\/css\"> @media only screen and (min-width: 976px){\n\n.skt-blocks-block-advanced-heading.block-844723a1-a36d-43e1-9ef0-8c113028649a .responsive-heading-desc-text {\n font-size: undefinedpx !important; }\n}\n<\/style><style type=\"text\/css\"> @media only screen and (min-width: 976px){\n .skt-blocks-block-advanced-heading.block-844723a1-a36d-43e1-9ef0-8c113028649a {\n text-align: left; }\n}\n @media only screen and (max-width: 976px){\n .skt-blocks-block-advanced-heading.block-844723a1-a36d-43e1-9ef0-8c113028649a {\n text-align: left; }\n}\n @media only screen and (max-width: 767px){\n .skt-blocks-block-advanced-heading.block-844723a1-a36d-43e1-9ef0-8c113028649a {\n text-align: center; }\n}\n<\/style><div class=\"skt-blocks-block-advanced-heading block-844723a1-a36d-43e1-9ef0-8c113028649a\"><h2 class=\"responsive-heading-title-text\" style=\"font-family:Assistant;font-weight:600;line-height:1;letter-spacing:0;color:#3a3a3a\">\u00bfQue es m\u00e0s inocente que una perla de roc\u00edo?<\/h2><\/div>\n\n\n\n<style type=\"text\/css\"> @media only screen and (min-width: 976px){\n\n.skt-blocks-block-advanced-heading.block-d217f82b-b56b-42e2-96fc-263e9922c84c .responsive-heading-title-text {\n font-size: 38px !important; margin-bottom: 20px !important; }\n\n.skt-blocks-block-advanced-heading.block-d217f82b-b56b-42e2-96fc-263e9922c84c .responsive-heading-seperator {\n margin-bottom: 15px !important; }\n\n.skt-blocks-block-advanced-heading.block-d217f82b-b56b-42e2-96fc-263e9922c84c .responsive-heading-desc-text {\n margin-bottom: 15px !important; }\n}\n @media only screen and (min-width: 768px) and (max-width: 976px){\n\n.skt-blocks-block-advanced-heading.block-d217f82b-b56b-42e2-96fc-263e9922c84c .responsive-heading-title-text {\n margin-bottom: 15px !important; }\n\n.skt-blocks-block-advanced-heading.block-d217f82b-b56b-42e2-96fc-263e9922c84c .responsive-heading-seperator {\n margin-bottom: 15px !important; }\n\n.skt-blocks-block-advanced-heading.block-d217f82b-b56b-42e2-96fc-263e9922c84c .responsive-heading-desc-text {\n margin-bottom: 15px !important; }\n}\n @media only screen and (max-width: 767px){\n .skt-blocks-block-advanced-heading.block-d217f82b-b56b-42e2-96fc-263e9922c84c .responsive-heading-title-text {\n margin-bottom: 15px !important; }\n .skt-blocks-block-advanced-heading.block-d217f82b-b56b-42e2-96fc-263e9922c84c .responsive-heading-seperator {\n margin-bottom: 15px !important; }\n .skt-blocks-block-advanced-heading.block-d217f82b-b56b-42e2-96fc-263e9922c84c .responsive-heading-desc-text {\n margin-bottom: 15px !important; }\n}\n<\/style><style type=\"text\/css\"> @media only screen and (max-width: 976px){\n\n.skt-blocks-block-advanced-heading.block-d217f82b-b56b-42e2-96fc-263e9922c84c .responsive-heading-title-text {\n font-size: 32px; }\n}\n<\/style><style type=\"text\/css\"> @media only screen and (max-width: 767px){\n .skt-blocks-block-advanced-heading.block-d217f82b-b56b-42e2-96fc-263e9922c84c .responsive-heading-title-text {\n font-size: 30px; }\n}\n<\/style><style type=\"text\/css\"> @media only screen and (min-width: 976px){\n\n.skt-blocks-block-advanced-heading.block-d217f82b-b56b-42e2-96fc-263e9922c84c .responsive-heading-desc-text {\n font-size: undefinedpx !important; }\n}\n<\/style><style type=\"text\/css\"> @media only screen and (min-width: 976px){\n .skt-blocks-block-advanced-heading.block-d217f82b-b56b-42e2-96fc-263e9922c84c {\n text-align: left; }\n}\n @media only screen and (max-width: 976px){\n .skt-blocks-block-advanced-heading.block-d217f82b-b56b-42e2-96fc-263e9922c84c {\n text-align: left; }\n}\n @media only screen and (max-width: 767px){\n .skt-blocks-block-advanced-heading.block-d217f82b-b56b-42e2-96fc-263e9922c84c {\n text-align: center; }\n}\n<\/style><div class=\"skt-blocks-block-advanced-heading block-d217f82b-b56b-42e2-96fc-263e9922c84c\"><h2 class=\"responsive-heading-title-text\" style=\"font-family:Assistant;font-weight:700;line-height:1;letter-spacing:0\">Bienvenidos\/as a OPUR<\/h2><div class=\"responsive-heading-seperator-wrap\"><div class=\"responsive-heading-seperator\" style=\"border-top-style:solid;border-top-width:2px;width:40px;border-color:#6ab43e\"><\/div><\/div><\/div>\n\n\n\n<p>El roc\u00edo, todo el mundo le conoce. <\/p>\n\n\n\n<p>Lo descubrimos al amanecer, cuando el sol apenas ha salido, y el roc\u00edo cubre la hierba con gotas di\u00e1fanas y plateadas que brillan bajo del sol. Tan fr\u00e1gil que un rayo de sol es suficiente para volatilizarla. <\/p>\n\n\n\n<p>Pero tan firmemente aferrada a la hoja de la hierba o al p\u00e9talo de una flor. Pura como el diamante, y sin embargo tan fr\u00e1gil! Los alquimistas no se han equivocado, diciendo que era uno de los ingredientes principales de la elaboraci\u00f3n de la Piedra Filosofal.<\/p>\n\n\n\n<p>Su transparencia hab\u00eda que recogerla en la ma\u00f1ana (pero, \u00bfpodemos recogerla de otra manera?), desenrollando una toalla seca sobra la hierba y hojas para empaparla de miles de gotas de roc\u00edo. Despu\u00e9s de estrujarla, el agua pura se recoge para la &#8220;Gran Obra&#8221;.<\/p>\n\n\n\n<p>Al parecer, el roc\u00edo tiene otras virtudes: interpuso la belleza a las mujeres (que como, en Ucrania, se revuelcan desnudas en el roc\u00edo de la ma\u00f1ana), cura las enfermedades de la piel, y muchas cosas mas \u2026<\/p>\n\n\n\n<p>El roc\u00edo, inspiraci\u00f3n de las artes y las letras, tambi\u00e9n est\u00e0 presente en las religiones. La Biblia utiliza la palabra roc\u00edo en sentido figurado para indicar todo lo que sin ruido, e incluso invisible, proporciona refresco y bendici\u00f3n, como el roc\u00edo a la vegetaci\u00f3n \u2026 <\/p>\n\n\n\n<p>El Eclesiast\u00e9s, por su parte, quiere recordar que lo ef\u00edmero esta asociado con el roc\u00edo, y lo compara con la vanidad y el vac\u00edo de todas las cosas: el significado literal de las famosas palabras del Eclesiast\u00e9s que deplora el vac\u00edo y la nada de las cosas del hombre &#8220;vanidad de vanidades, todo es vanidad&#8221; aparentemente significa en hebreo &#8220;Roc\u00edo, roc\u00edo, y todo es solamente roc\u00edo&#8221;<\/p>\n\n\n\n<p><\/p>\n<\/div><\/div><\/div>\n\n\n\n<style type=\"text\/css\"> .block-d714c9aa-bd0a-47fa-9c77-ddc4dae8fbe2 .skt-blocks-block-column {\n box-shadow: 0px 0px 0px 0px undefined ; }\n .block-d714c9aa-bd0a-47fa-9c77-ddc4dae8fbe2 .skt-blocks-block-column:hover {\n box-shadow: 0px 0px 0px 0px #cccccc ; }\n @media only screen and (min-width: 976px){\n .block-d714c9aa-bd0a-47fa-9c77-ddc4dae8fbe2 .skt-blocks-block-column{\n padding-top: undefinedpx; padding-bottom: undefinedpx; padding-left: 30px; padding-right: undefinedpx; margin-top: undefinedpx; margin-bottom: undefinedpx; margin-left: undefinedpx; margin-right: undefinedpx; }\n}\n @media only screen and (max-width: 976px){\n .block-d714c9aa-bd0a-47fa-9c77-ddc4dae8fbe2 .skt-blocks-block-column{\n padding-top: undefinedpx; padding-bottom: undefinedpx; padding-left: undefinedpx; padding-right: undefinedpx; margin-top: undefinedpx; margin-bottom: undefinedpx; margin-left: undefinedpx; margin-right: undefinedpx; }\n}\n @media only screen and (max-width: 767px){\n .block-d714c9aa-bd0a-47fa-9c77-ddc4dae8fbe2 .skt-blocks-block-column{\n padding-top: 40px; padding-bottom: undefinedpx; padding-left: undefinedpx; padding-right: undefinedpx; margin-top: undefinedpx; margin-bottom: undefinedpx; margin-left: undefinedpx; margin-right: undefinedpx; }\n}\n<\/style><div class=\"skt-blocks-advanced-column-child block-d714c9aa-bd0a-47fa-9c77-ddc4dae8fbe2\" style=\"width:50%\"><div class=\"responsive-column-wrap skt-blocks-block-column\" style=\"border-width:1px;border-style:none\"><div class=\"responsive-column-inner-wrap overlay-type-color linear\"><div class=\"wp-block-image\">\n<figure class=\"alignright size-full\"><img decoding=\"async\" loading=\"lazy\" width=\"544\" height=\"500\" src=\"https:\/\/www.opur.cloud\/wp-content\/uploads\/2023\/09\/dew1.png\" alt=\"\" class=\"wp-image-965\" srcset=\"https:\/\/www.opur.cloud\/wp-content\/uploads\/2023\/09\/dew1.png 544w, https:\/\/www.opur.cloud\/wp-content\/uploads\/2023\/09\/dew1-300x276.png 300w\" sizes=\"(max-width: 544px) 100vw, 544px\" \/><\/figure><\/div><\/div><\/div><\/div>\n<\/div><\/div><\/div><\/div>\n<\/div><\/section><\/div>\n","protected":false},"excerpt":{"rendered":"","protected":false},"author":1,"featured_media":0,"parent":0,"menu_order":0,"comment_status":"closed","ping_status":"closed","template":"templates\/page-builder.php","meta":{"footnotes":""},"featured_image_src":false,"featured_image_src_square":false,"rbea_author_info":{"display_name":"admin","author_link":"https:\/\/www.opur.cloud\/index.php\/author\/admin\/"},"rbea_excerpt_info":null,"_links":{"self":[{"href":"https:\/\/www.opur.cloud\/index.php\/wp-json\/wp\/v2\/pages\/1100"}],"collection":[{"href":"https:\/\/www.opur.cloud\/index.php\/wp-json\/wp\/v2\/pages"}],"about":[{"href":"https:\/\/www.opur.cloud\/index.php\/wp-json\/wp\/v2\/types\/page"}],"author":[{"embeddable":true,"href":"https:\/\/www.opur.cloud\/index.php\/wp-json\/wp\/v2\/users\/1"}],"replies":[{"embeddable":true,"href":"https:\/\/www.opur.cloud\/index.php\/wp-json\/wp\/v2\/comments?post=1100"}],"version-history":[{"count":3,"href":"https:\/\/www.opur.cloud\/index.php\/wp-json\/wp\/v2\/pages\/1100\/revisions"}],"predecessor-version":[{"id":1103,"href":"https:\/\/www.opur.cloud\/index.php\/wp-json\/wp\/v2\/pages\/1100\/revisions\/1103"}],"wp:attachment":[{"href":"https:\/\/www.opur.cloud\/index.php\/wp-json\/wp\/v2\/media?parent=1100"}],"curies":[{"name":"wp","href":"https:\/\/api.w.org\/{rel}","templated":true}]}}