{"id":1104,"date":"2023-10-02T08:33:00","date_gmt":"2023-10-02T08:33:00","guid":{"rendered":"https:\/\/www.opur.cloud\/?page_id=1104"},"modified":"2023-10-02T08:33:01","modified_gmt":"2023-10-02T08:33:01","slug":"page-daccueil-de-opur","status":"publish","type":"page","link":"https:\/\/www.opur.cloud\/index.php\/fr\/page-daccueil-de-opur\/","title":{"rendered":"Page d&#8217;accueil de l&#8217;OPUR"},"content":{"rendered":"\n<div class=\"wp-block-skt-blocks-section gbnature-section-4 skt-blocks-block-section-outer-wrap block-d3c363a1-465e-4341-93f5-64ec5db55744 background-type-color alignundefined\" style=\"z-index:1;max-width:;margin-left:;margin-right:\"><style type=\"text\/css\"> @media only screen and (max-width: 976px){\n .block-d3c363a1-465e-4341-93f5-64ec5db55744 .skt-blocks-block-section{\n margin-top: 0px; margin-bottom: 0px; margin-left: 0px; margin-right: 0px; padding-top: 40px; padding-bottom: 40px; padding-left: 10px; padding-right: 10px; }\n}\n @media only screen and (max-width: 767px){\n .block-d3c363a1-465e-4341-93f5-64ec5db55744 .skt-blocks-block-section{\n margin-top: 0px; margin-bottom: 0px; margin-left: 0px; margin-right: 0px; padding-top: 40px; padding-bottom: 40px; padding-left: 10px; padding-right: 10px; }\n}\n @media only screen and (min-width: 976px){\n .block-d3c363a1-465e-4341-93f5-64ec5db55744 .skt-blocks-block-section{\n margin-top: 0px; margin-bottom: 0px; margin-left: 0px; margin-right: 0px; padding-top: 80px; padding-bottom: 80px; padding-left: 0px; padding-right: 0px; }\n}\n .block-d3c363a1-465e-4341-93f5-64ec5db55744.skt-blocks-block-section-outer-wrap.background-type-image{\n background-image: linear-gradient(rgba(255, 255, 255, 1),rgba(255, 255, 255, 1)),url(undefined); background-position: center-center; background-attachment: scroll; background-repeat: no-repeat; background-size: cover; border-radius: 0px; }\n .block-d3c363a1-465e-4341-93f5-64ec5db55744.skt-blocks-block-section-outer-wrap.background-type-image .skt-blocks-block-section.overlay-type-color{\n background-color: rgba(255, 255, 255, 1); }\n .block-d3c363a1-465e-4341-93f5-64ec5db55744.skt-blocks-block-section-outer-wrap.background-type-image .skt-blocks-block-section.overlay-type-gradient.linear{\n background-image: linear-gradient(0deg, rgba(255, 255, 255, 1) 0%, rgba(255, 255, 255, 1) 100%); }\n .block-d3c363a1-465e-4341-93f5-64ec5db55744.skt-blocks-block-section-outer-wrap.background-type-image .skt-blocks-block-section.overlay-type-gradient.radial{\n background-image: radial-gradient( at center center, rgba(255, 255, 255, 1) 0%, rgba(255, 255, 255, 1) 100%); }\n .block-d3c363a1-465e-4341-93f5-64ec5db55744.background-type-video .skt-blocks-block-section {\n background-color: rgba(255, 255, 255, 1); }\n<\/style><style type=\"text\/css\"> .block-d3c363a1-465e-4341-93f5-64ec5db55744 .responsive-section-inner-wrap {\n max-width : 100%; }\n @media only screen and (min-width: 976px){\n .block-d3c363a1-465e-4341-93f5-64ec5db55744 .responsive-section-inner-wrap, .page.page-template-gutenberg-fullwidth .block-d3c363a1-465e-4341-93f5-64ec5db55744.alignfull .responsive-section-inner-wrap {\n max-width : 1140px !important; }\n}\n @media only screen and (max-width: 976px){\n .block-d3c363a1-465e-4341-93f5-64ec5db55744 .responsive-section-inner-wrap, .page.page-template-gutenberg-fullwidth .block-d3c363a1-465e-4341-93f5-64ec5db55744.alignfull .responsive-section-inner-wrap {\n max-width : 1140px !important; }\n}\n @media only screen and (max-width: 767px){\n .block-d3c363a1-465e-4341-93f5-64ec5db55744 .responsive-section-inner-wrap, .page.page-template-gutenberg-fullwidth .block-d3c363a1-465e-4341-93f5-64ec5db55744.alignfull .responsive-section-inner-wrap {\n max-width : 1140px !important; }\n}\n<\/style><section class=\"responsive-section-wrap skt-blocks-block-section overlay-type-color linear\" style=\"border-width:1px;border-style:none;border-radius:0;background-color:rgba(255, 255, 255, 1);box-shadow:0px 0px 0px 0px undefined \"><div class=\"responsive-section-inner-wrap\" style=\"z-index:1\">\n<style type=\"text\/css\"> .block-3df3d014-3f6c-4679-8fc3-50d4be47cda5 .skt-blocks-block-columns.overlay-type-color{\n background-color: rgba(255, 255, 255, 0); }\n .block-3df3d014-3f6c-4679-8fc3-50d4be47cda5 .skt-blocks-block-columns.overlay-type-gradient.linear{\n background-image: linear-gradient(0deg, rgba(255, 255, 255, 0) 0%, rgba(255, 255, 255, 0) 100%); }\n .block-3df3d014-3f6c-4679-8fc3-50d4be47cda5 .skt-blocks-block-columns.overlay-type-gradient.radial{\n background-image: radial-gradient( at center center, rgba(255, 255, 255, 0) 0%, rgba(255, 255, 255, 0) 100%); }\n .block-3df3d014-3f6c-4679-8fc3-50d4be47cda5 .skt-blocks-block-column{\n min-height: ; align-items: flex-start; }\n @media only screen and (min-width: 976px){\n .block-3df3d014-3f6c-4679-8fc3-50d4be47cda5 .skt-blocks-block-columns{\n padding-top: 10px; padding-bottom: 10px; padding-left: 10px; padding-right: 10px; margin-top: 0px; margin-bottom: 0px; }\n}\n @media only screen and (max-width: 976px){\n .block-3df3d014-3f6c-4679-8fc3-50d4be47cda5 .skt-blocks-block-columns{\n padding-top: undefinedpx; padding-bottom: undefinedpx; padding-left: undefinedpx; padding-right: undefinedpx; margin-top: undefinedpx; margin-bottom: undefinedpx; }\n}\n @media only screen and (max-width: 767px){\n .block-3df3d014-3f6c-4679-8fc3-50d4be47cda5 .skt-blocks-block-columns{\n padding-top: undefinedpx; padding-bottom: undefinedpx; padding-left: undefinedpx; padding-right: undefinedpx; margin-top: undefinedpx; margin-bottom: undefinedpx; }\n}\n<\/style><div class=\"block-3df3d014-3f6c-4679-8fc3-50d4be47cda5 skt-blocks-advanced-column-outer-wrap undefined\" style=\"z-index:1\"><div class=\"skt-blocks-advanced-column alignundefined\"><div class=\"responsive-columns-wrap skt-blocks-block-columns responsive-columns__gap-default responsive-columns__stack-mobile responsive-columns__content-width-theme overlay-type-color linear\" style=\"text-align:left;border-width:1px;border-style:none;box-shadow:0px 0px 0px 0px undefined \"><div class=\"responsive-columns-inner-wrap responsive-columns-columns-2\" style=\"max-width:100%\">\n<style type=\"text\/css\"> .block-d2a26771-e1d2-4f03-9033-1b52e4286b0a .skt-blocks-block-column {\n box-shadow: 0px 0px 0px 0px undefined ; }\n .block-d2a26771-e1d2-4f03-9033-1b52e4286b0a .skt-blocks-block-column:hover {\n box-shadow: 0px 0px 0px 0px #cccccc ; }\n @media only screen and (min-width: 976px){\n .block-d2a26771-e1d2-4f03-9033-1b52e4286b0a .skt-blocks-block-column{\n padding-top: undefinedpx; padding-bottom: undefinedpx; padding-left: undefinedpx; padding-right: undefinedpx; margin-top: undefinedpx; margin-bottom: undefinedpx; margin-left: undefinedpx; margin-right: undefinedpx; }\n}\n @media only screen and (max-width: 976px){\n .block-d2a26771-e1d2-4f03-9033-1b52e4286b0a .skt-blocks-block-column{\n padding-top: undefinedpx; padding-bottom: undefinedpx; padding-left: undefinedpx; padding-right: undefinedpx; margin-top: undefinedpx; margin-bottom: undefinedpx; margin-left: undefinedpx; margin-right: undefinedpx; }\n}\n @media only screen and (max-width: 767px){\n .block-d2a26771-e1d2-4f03-9033-1b52e4286b0a .skt-blocks-block-column{\n padding-top: undefinedpx; padding-bottom: undefinedpx; padding-left: undefinedpx; padding-right: undefinedpx; margin-top: undefinedpx; margin-bottom: undefinedpx; margin-left: undefinedpx; margin-right: undefinedpx; }\n}\n<\/style><div class=\"skt-blocks-advanced-column-child block-d2a26771-e1d2-4f03-9033-1b52e4286b0a\" style=\"width:50%\"><div class=\"responsive-column-wrap skt-blocks-block-column\" style=\"border-width:1px;border-style:none\"><div class=\"responsive-column-inner-wrap overlay-type-color linear\">\n<style type=\"text\/css\"> @media only screen and (min-width: 976px){\n\n.skt-blocks-block-advanced-heading.block-b02300e6-e679-4476-84f5-462eb2914ae0 .responsive-heading-title-text {\n font-size: 32px !important; margin-bottom: 15px !important; }\n\n.skt-blocks-block-advanced-heading.block-b02300e6-e679-4476-84f5-462eb2914ae0 .responsive-heading-seperator {\n margin-bottom: 15px !important; }\n\n.skt-blocks-block-advanced-heading.block-b02300e6-e679-4476-84f5-462eb2914ae0 .responsive-heading-desc-text {\n margin-bottom: 15px !important; }\n}\n @media only screen and (min-width: 768px) and (max-width: 976px){\n\n.skt-blocks-block-advanced-heading.block-b02300e6-e679-4476-84f5-462eb2914ae0 .responsive-heading-title-text {\n margin-bottom: 15px !important; }\n\n.skt-blocks-block-advanced-heading.block-b02300e6-e679-4476-84f5-462eb2914ae0 .responsive-heading-seperator {\n margin-bottom: 15px !important; }\n\n.skt-blocks-block-advanced-heading.block-b02300e6-e679-4476-84f5-462eb2914ae0 .responsive-heading-desc-text {\n margin-bottom: 15px !important; }\n}\n @media only screen and (max-width: 767px){\n .skt-blocks-block-advanced-heading.block-b02300e6-e679-4476-84f5-462eb2914ae0 .responsive-heading-title-text {\n margin-bottom: 15px !important; }\n .skt-blocks-block-advanced-heading.block-b02300e6-e679-4476-84f5-462eb2914ae0 .responsive-heading-seperator {\n margin-bottom: 15px !important; }\n .skt-blocks-block-advanced-heading.block-b02300e6-e679-4476-84f5-462eb2914ae0 .responsive-heading-desc-text {\n margin-bottom: 15px !important; }\n}\n<\/style><style type=\"text\/css\"> @media only screen and (max-width: 976px){\n\n.skt-blocks-block-advanced-heading.block-b02300e6-e679-4476-84f5-462eb2914ae0 .responsive-heading-title-text {\n font-size: 28px; }\n}\n<\/style><style type=\"text\/css\"> @media only screen and (max-width: 767px){\n .skt-blocks-block-advanced-heading.block-b02300e6-e679-4476-84f5-462eb2914ae0 .responsive-heading-title-text {\n font-size: 24px; }\n}\n<\/style><style type=\"text\/css\"> @media only screen and (min-width: 976px){\n\n.skt-blocks-block-advanced-heading.block-b02300e6-e679-4476-84f5-462eb2914ae0 .responsive-heading-desc-text {\n font-size: undefinedpx !important; }\n}\n<\/style><style type=\"text\/css\"> @media only screen and (min-width: 976px){\n .skt-blocks-block-advanced-heading.block-b02300e6-e679-4476-84f5-462eb2914ae0 {\n text-align: left; }\n}\n @media only screen and (max-width: 976px){\n .skt-blocks-block-advanced-heading.block-b02300e6-e679-4476-84f5-462eb2914ae0 {\n text-align: left; }\n}\n @media only screen and (max-width: 767px){\n .skt-blocks-block-advanced-heading.block-b02300e6-e679-4476-84f5-462eb2914ae0 {\n text-align: center; }\n}\n<\/style><div class=\"skt-blocks-block-advanced-heading block-b02300e6-e679-4476-84f5-462eb2914ae0\"><h2 class=\"responsive-heading-title-text\" style=\"font-family:Assistant;font-weight:600;line-height:1;letter-spacing:0;color:#3a3a3a\">Quoi de plus innocent qu\u2019une perle de ros\u00e9e?<\/h2><\/div>\n\n\n\n<style type=\"text\/css\"> @media only screen and (min-width: 976px){\n\n.skt-blocks-block-advanced-heading.block-11d35fc3-d47e-4979-8730-c9a4620184d7 .responsive-heading-title-text {\n font-size: 38px !important; margin-bottom: 20px !important; }\n\n.skt-blocks-block-advanced-heading.block-11d35fc3-d47e-4979-8730-c9a4620184d7 .responsive-heading-seperator {\n margin-bottom: 15px !important; }\n\n.skt-blocks-block-advanced-heading.block-11d35fc3-d47e-4979-8730-c9a4620184d7 .responsive-heading-desc-text {\n margin-bottom: 15px !important; }\n}\n @media only screen and (min-width: 768px) and (max-width: 976px){\n\n.skt-blocks-block-advanced-heading.block-11d35fc3-d47e-4979-8730-c9a4620184d7 .responsive-heading-title-text {\n margin-bottom: 15px !important; }\n\n.skt-blocks-block-advanced-heading.block-11d35fc3-d47e-4979-8730-c9a4620184d7 .responsive-heading-seperator {\n margin-bottom: 15px !important; }\n\n.skt-blocks-block-advanced-heading.block-11d35fc3-d47e-4979-8730-c9a4620184d7 .responsive-heading-desc-text {\n margin-bottom: 15px !important; }\n}\n @media only screen and (max-width: 767px){\n .skt-blocks-block-advanced-heading.block-11d35fc3-d47e-4979-8730-c9a4620184d7 .responsive-heading-title-text {\n margin-bottom: 15px !important; }\n .skt-blocks-block-advanced-heading.block-11d35fc3-d47e-4979-8730-c9a4620184d7 .responsive-heading-seperator {\n margin-bottom: 15px !important; }\n .skt-blocks-block-advanced-heading.block-11d35fc3-d47e-4979-8730-c9a4620184d7 .responsive-heading-desc-text {\n margin-bottom: 15px !important; }\n}\n<\/style><style type=\"text\/css\"> @media only screen and (max-width: 976px){\n\n.skt-blocks-block-advanced-heading.block-11d35fc3-d47e-4979-8730-c9a4620184d7 .responsive-heading-title-text {\n font-size: 32px; }\n}\n<\/style><style type=\"text\/css\"> @media only screen and (max-width: 767px){\n .skt-blocks-block-advanced-heading.block-11d35fc3-d47e-4979-8730-c9a4620184d7 .responsive-heading-title-text {\n font-size: 30px; }\n}\n<\/style><style type=\"text\/css\"> @media only screen and (min-width: 976px){\n\n.skt-blocks-block-advanced-heading.block-11d35fc3-d47e-4979-8730-c9a4620184d7 .responsive-heading-desc-text {\n font-size: undefinedpx !important; }\n}\n<\/style><style type=\"text\/css\"> @media only screen and (min-width: 976px){\n .skt-blocks-block-advanced-heading.block-11d35fc3-d47e-4979-8730-c9a4620184d7 {\n text-align: left; }\n}\n @media only screen and (max-width: 976px){\n .skt-blocks-block-advanced-heading.block-11d35fc3-d47e-4979-8730-c9a4620184d7 {\n text-align: left; }\n}\n @media only screen and (max-width: 767px){\n .skt-blocks-block-advanced-heading.block-11d35fc3-d47e-4979-8730-c9a4620184d7 {\n text-align: center; }\n}\n<\/style><div class=\"skt-blocks-block-advanced-heading block-11d35fc3-d47e-4979-8730-c9a4620184d7\"><h2 class=\"responsive-heading-title-text\" style=\"font-family:Assistant;font-weight:700;line-height:1;letter-spacing:0\">Page d&#8217;accueil de l&#8217;OPUR<\/h2><div class=\"responsive-heading-seperator-wrap\"><div class=\"responsive-heading-seperator\" style=\"border-top-style:solid;border-top-width:2px;width:40px;border-color:#6ab43e\"><\/div><\/div><\/div>\n\n\n\n<p>La ros\u00e9e, tout le monde conna\u00eet. <\/p>\n\n\n\n<p>On la d\u00e9couvre, au petit matin, quand le soleil est \u00e0 peine lev\u00e9, et qu\u2019elle recouvre l\u2019herbe des pr\u00e9s de gouttelettes diaphanes et argent\u00e9es qui scintillent au soleil. <\/p>\n\n\n\n<p>Si fr\u00eale cependant qu\u2019un rayon de soleil suffit \u00e0 la volatiliser. Mais si solidement accroch\u00e9e au brin d\u2019herbe ou \u00e0 la p\u00e9tale de fleur. Pure comme le diamant, et pourtant si fragile ! <\/p>\n\n\n\n<p>Les alchimistes ne s\u2019y \u00e9taient pas tromp\u00e9s, qui en faisait l\u2019un des ingr\u00e9dients majeurs d\u2019\u00e9laboration de la Pierre Philosophale. <\/p>\n\n\n\n<p>Sa transparence \u00e9tait \u00e0 r\u00e9colter au petit matin (mais peut\u2013on la r\u00e9colter diff\u00e9remment ?), d\u00e9roulant un linge sec sur herbes et feuillages pour l\u2019imbiber de myriades de gouttelettes de ros\u00e9e. Apr\u00e8s essorage, l\u2019eau pure est recueillie pour le &#8221; Grand Oeuvre &#8220;.<\/p>\n\n\n\n<p>La ros\u00e9e a, semble\u2013t\u2013il d\u2019autres vertus : elle fait venir la beaut\u00e9 aux femmes qui, comme en Ukraine,se roulent nues dans la ros\u00e9e matinale. Elle gu\u00e9rit les maladies de peau. Et bien d\u2019autres choses encore\u2026<\/p>\n\n\n\n<p>La ros\u00e9e, source d\u2019inspiration des arts et des lettres, est aussi bien pr\u00e9sente dans les religions. Dans la Bible, les Ecritures emploient le mot ros\u00e9e au sens figur\u00e9, pour d\u00e9signer tout ce qui, sans bruit, et m\u00eame de fa\u00e7on invisible, apporte rafra\u00eechissement et b\u00e9n\u00e9diction, comme la ros\u00e9e \u00e0 la v\u00e9g\u00e9tation\u2026 <\/p>\n\n\n\n<p>L\u2019Eccl\u00e9siaste, quant \u00e0 lui, ne veut se souvenir que de l\u2019\u00e9ph\u00e9m\u00e8re associ\u00e9 \u00e0 la ros\u00e9e, et l\u2019assimile \u00e0 la vanit\u00e9 et \u00e0 l\u2019inanit\u00e9 de toutes choses : la signification litt\u00e9rale des fameuses paroles o\u00f9 l\u2019Eccl\u00e9siaste d\u00e9plore le vide et le n\u00e9ant des choses d\u2019ici\u2013bas &#8221; vanit\u00e9 des vanit\u00e9s, et tout est vanit\u00e9 &#8221; ne signifie \u2013 t\u2013il pas litt\u00e9ralement en h\u00e9breu &#8221; ros\u00e9e, ros\u00e9e, et tout n\u2019est que ros\u00e9e ?&#8221;<\/p>\n\n\n\n<p><\/p>\n\n\n\n<p><\/p>\n\n\n\n<p><\/p>\n<\/div><\/div><\/div>\n\n\n\n<style type=\"text\/css\"> .block-eedab9b6-c0e0-428a-8ae7-f467a2e64ac0 .skt-blocks-block-column {\n box-shadow: 0px 0px 0px 0px undefined ; }\n .block-eedab9b6-c0e0-428a-8ae7-f467a2e64ac0 .skt-blocks-block-column:hover {\n box-shadow: 0px 0px 0px 0px #cccccc ; }\n @media only screen and (min-width: 976px){\n .block-eedab9b6-c0e0-428a-8ae7-f467a2e64ac0 .skt-blocks-block-column{\n padding-top: undefinedpx; padding-bottom: undefinedpx; padding-left: 30px; padding-right: undefinedpx; margin-top: undefinedpx; margin-bottom: undefinedpx; margin-left: undefinedpx; margin-right: undefinedpx; }\n}\n @media only screen and (max-width: 976px){\n .block-eedab9b6-c0e0-428a-8ae7-f467a2e64ac0 .skt-blocks-block-column{\n padding-top: undefinedpx; padding-bottom: undefinedpx; padding-left: undefinedpx; padding-right: undefinedpx; margin-top: undefinedpx; margin-bottom: undefinedpx; margin-left: undefinedpx; margin-right: undefinedpx; }\n}\n @media only screen and (max-width: 767px){\n .block-eedab9b6-c0e0-428a-8ae7-f467a2e64ac0 .skt-blocks-block-column{\n padding-top: 40px; padding-bottom: undefinedpx; padding-left: undefinedpx; padding-right: undefinedpx; margin-top: undefinedpx; margin-bottom: undefinedpx; margin-left: undefinedpx; margin-right: undefinedpx; }\n}\n<\/style><div class=\"skt-blocks-advanced-column-child block-eedab9b6-c0e0-428a-8ae7-f467a2e64ac0\" style=\"width:50%\"><div class=\"responsive-column-wrap skt-blocks-block-column\" style=\"border-width:1px;border-style:none\"><div class=\"responsive-column-inner-wrap overlay-type-color linear\"><div class=\"wp-block-image\">\n<figure class=\"alignright size-full\"><img decoding=\"async\" loading=\"lazy\" width=\"544\" height=\"500\" src=\"https:\/\/www.opur.cloud\/wp-content\/uploads\/2023\/09\/dew1.png\" alt=\"\" class=\"wp-image-965\" srcset=\"https:\/\/www.opur.cloud\/wp-content\/uploads\/2023\/09\/dew1.png 544w, https:\/\/www.opur.cloud\/wp-content\/uploads\/2023\/09\/dew1-300x276.png 300w\" sizes=\"(max-width: 544px) 100vw, 544px\" \/><\/figure><\/div><\/div><\/div><\/div>\n<\/div><\/div><\/div><\/div>\n<\/div><\/section><\/div>\n","protected":false},"excerpt":{"rendered":"","protected":false},"author":1,"featured_media":0,"parent":0,"menu_order":0,"comment_status":"closed","ping_status":"closed","template":"templates\/page-builder.php","meta":{"footnotes":""},"featured_image_src":false,"featured_image_src_square":false,"rbea_author_info":{"display_name":"admin","author_link":"https:\/\/www.opur.cloud\/index.php\/author\/admin\/"},"rbea_excerpt_info":null,"_links":{"self":[{"href":"https:\/\/www.opur.cloud\/index.php\/wp-json\/wp\/v2\/pages\/1104"}],"collection":[{"href":"https:\/\/www.opur.cloud\/index.php\/wp-json\/wp\/v2\/pages"}],"about":[{"href":"https:\/\/www.opur.cloud\/index.php\/wp-json\/wp\/v2\/types\/page"}],"author":[{"embeddable":true,"href":"https:\/\/www.opur.cloud\/index.php\/wp-json\/wp\/v2\/users\/1"}],"replies":[{"embeddable":true,"href":"https:\/\/www.opur.cloud\/index.php\/wp-json\/wp\/v2\/comments?post=1104"}],"version-history":[{"count":3,"href":"https:\/\/www.opur.cloud\/index.php\/wp-json\/wp\/v2\/pages\/1104\/revisions"}],"predecessor-version":[{"id":1107,"href":"https:\/\/www.opur.cloud\/index.php\/wp-json\/wp\/v2\/pages\/1104\/revisions\/1107"}],"wp:attachment":[{"href":"https:\/\/www.opur.cloud\/index.php\/wp-json\/wp\/v2\/media?parent=1104"}],"curies":[{"name":"wp","href":"https:\/\/api.w.org\/{rel}","templated":true}]}}