{"id":1118,"date":"2023-10-02T09:07:59","date_gmt":"2023-10-02T09:07:59","guid":{"rendered":"https:\/\/www.opur.cloud\/?page_id=1118"},"modified":"2023-10-19T09:44:05","modified_gmt":"2023-10-19T09:44:05","slug":"pourquoi-opur","status":"publish","type":"page","link":"https:\/\/www.opur.cloud\/index.php\/fr\/pourquoi-opur\/","title":{"rendered":"Pourquoi OPUR?"},"content":{"rendered":"\n<div class=\"wp-block-skt-blocks-section gbnature-section-4 skt-blocks-block-section-outer-wrap block-1e961dc0-accb-404d-9c3a-cea4575ad699 background-type-color alignundefined\" style=\"z-index:1;max-width:;margin-left:;margin-right:\"><style type=\"text\/css\"> @media only screen and (max-width: 976px){\n .block-1e961dc0-accb-404d-9c3a-cea4575ad699 .skt-blocks-block-section{\n margin-top: 0px; margin-bottom: 0px; margin-left: 0px; margin-right: 0px; padding-top: 40px; padding-bottom: 40px; padding-left: 10px; padding-right: 10px; }\n}\n @media only screen and (max-width: 767px){\n .block-1e961dc0-accb-404d-9c3a-cea4575ad699 .skt-blocks-block-section{\n margin-top: 0px; margin-bottom: 0px; margin-left: 0px; margin-right: 0px; padding-top: 40px; padding-bottom: 40px; padding-left: 10px; padding-right: 10px; }\n}\n @media only screen and (min-width: 976px){\n .block-1e961dc0-accb-404d-9c3a-cea4575ad699 .skt-blocks-block-section{\n margin-top: 0px; margin-bottom: 0px; margin-left: 0px; margin-right: 0px; padding-top: 80px; padding-bottom: 80px; padding-left: 0px; padding-right: 0px; }\n}\n .block-1e961dc0-accb-404d-9c3a-cea4575ad699.skt-blocks-block-section-outer-wrap.background-type-image{\n background-image: linear-gradient(rgba(255, 255, 255, 1),rgba(255, 255, 255, 1)),url(undefined); background-position: center-center; background-attachment: scroll; background-repeat: no-repeat; background-size: cover; border-radius: 0px; }\n .block-1e961dc0-accb-404d-9c3a-cea4575ad699.skt-blocks-block-section-outer-wrap.background-type-image .skt-blocks-block-section.overlay-type-color{\n background-color: rgba(255, 255, 255, 1); }\n .block-1e961dc0-accb-404d-9c3a-cea4575ad699.skt-blocks-block-section-outer-wrap.background-type-image .skt-blocks-block-section.overlay-type-gradient.linear{\n background-image: linear-gradient(0deg, rgba(255, 255, 255, 1) 0%, rgba(255, 255, 255, 1) 100%); }\n .block-1e961dc0-accb-404d-9c3a-cea4575ad699.skt-blocks-block-section-outer-wrap.background-type-image .skt-blocks-block-section.overlay-type-gradient.radial{\n background-image: radial-gradient( at center center, rgba(255, 255, 255, 1) 0%, rgba(255, 255, 255, 1) 100%); }\n .block-1e961dc0-accb-404d-9c3a-cea4575ad699.background-type-video .skt-blocks-block-section {\n background-color: rgba(255, 255, 255, 1); }\n<\/style><style type=\"text\/css\"> .block-1e961dc0-accb-404d-9c3a-cea4575ad699 .responsive-section-inner-wrap {\n max-width : 100%; }\n @media only screen and (min-width: 976px){\n .block-1e961dc0-accb-404d-9c3a-cea4575ad699 .responsive-section-inner-wrap, .page.page-template-gutenberg-fullwidth .block-1e961dc0-accb-404d-9c3a-cea4575ad699.alignfull .responsive-section-inner-wrap {\n max-width : 1140px !important; }\n}\n @media only screen and (max-width: 976px){\n .block-1e961dc0-accb-404d-9c3a-cea4575ad699 .responsive-section-inner-wrap, .page.page-template-gutenberg-fullwidth .block-1e961dc0-accb-404d-9c3a-cea4575ad699.alignfull .responsive-section-inner-wrap {\n max-width : 1140px !important; }\n}\n @media only screen and (max-width: 767px){\n .block-1e961dc0-accb-404d-9c3a-cea4575ad699 .responsive-section-inner-wrap, .page.page-template-gutenberg-fullwidth .block-1e961dc0-accb-404d-9c3a-cea4575ad699.alignfull .responsive-section-inner-wrap {\n max-width : 1140px !important; }\n}\n<\/style><section class=\"responsive-section-wrap skt-blocks-block-section overlay-type-color linear\" style=\"border-width:1px;border-style:none;border-radius:0;background-color:rgba(255, 255, 255, 1);box-shadow:0px 0px 0px 0px undefined \"><div class=\"responsive-section-inner-wrap\" style=\"z-index:1\">\n<style type=\"text\/css\"> .block-b0d3246b-8e12-4c95-8738-1a3ad1fc8c8f .skt-blocks-block-columns.overlay-type-color{\n background-color: rgba(255, 255, 255, 0); }\n .block-b0d3246b-8e12-4c95-8738-1a3ad1fc8c8f .skt-blocks-block-columns.overlay-type-gradient.linear{\n background-image: linear-gradient(0deg, rgba(255, 255, 255, 0) 0%, rgba(255, 255, 255, 0) 100%); }\n .block-b0d3246b-8e12-4c95-8738-1a3ad1fc8c8f .skt-blocks-block-columns.overlay-type-gradient.radial{\n background-image: radial-gradient( at center center, rgba(255, 255, 255, 0) 0%, rgba(255, 255, 255, 0) 100%); }\n .block-b0d3246b-8e12-4c95-8738-1a3ad1fc8c8f .skt-blocks-block-column{\n min-height: ; align-items: flex-start; }\n @media only screen and (min-width: 976px){\n .block-b0d3246b-8e12-4c95-8738-1a3ad1fc8c8f .skt-blocks-block-columns{\n padding-top: 10px; padding-bottom: 10px; padding-left: 10px; padding-right: 10px; margin-top: 0px; margin-bottom: 0px; }\n}\n @media only screen and (max-width: 976px){\n .block-b0d3246b-8e12-4c95-8738-1a3ad1fc8c8f .skt-blocks-block-columns{\n padding-top: undefinedpx; padding-bottom: undefinedpx; padding-left: undefinedpx; padding-right: undefinedpx; margin-top: undefinedpx; margin-bottom: undefinedpx; }\n}\n @media only screen and (max-width: 767px){\n .block-b0d3246b-8e12-4c95-8738-1a3ad1fc8c8f .skt-blocks-block-columns{\n padding-top: undefinedpx; padding-bottom: undefinedpx; padding-left: undefinedpx; padding-right: undefinedpx; margin-top: undefinedpx; margin-bottom: undefinedpx; }\n}\n<\/style><div class=\"block-b0d3246b-8e12-4c95-8738-1a3ad1fc8c8f skt-blocks-advanced-column-outer-wrap undefined\" style=\"z-index:1\"><div class=\"skt-blocks-advanced-column alignundefined\"><div class=\"responsive-columns-wrap skt-blocks-block-columns responsive-columns__gap-default responsive-columns__stack-mobile responsive-columns__content-width-theme overlay-type-color linear\" style=\"text-align:left;border-width:1px;border-style:none;box-shadow:0px 0px 0px 0px undefined \"><div class=\"responsive-columns-inner-wrap responsive-columns-columns-2\" style=\"max-width:100%\">\n<style type=\"text\/css\"> .block-d2c62e47-7ea9-4254-8f0f-e290c26a63cd .skt-blocks-block-column {\n box-shadow: 0px 0px 0px 0px undefined ; }\n .block-d2c62e47-7ea9-4254-8f0f-e290c26a63cd .skt-blocks-block-column:hover {\n box-shadow: 0px 0px 0px 0px #cccccc ; }\n @media only screen and (min-width: 976px){\n .block-d2c62e47-7ea9-4254-8f0f-e290c26a63cd .skt-blocks-block-column{\n padding-top: undefinedpx; padding-bottom: undefinedpx; padding-left: undefinedpx; padding-right: undefinedpx; margin-top: undefinedpx; margin-bottom: undefinedpx; margin-left: undefinedpx; margin-right: undefinedpx; }\n}\n @media only screen and (max-width: 976px){\n .block-d2c62e47-7ea9-4254-8f0f-e290c26a63cd .skt-blocks-block-column{\n padding-top: undefinedpx; padding-bottom: undefinedpx; padding-left: undefinedpx; padding-right: undefinedpx; margin-top: undefinedpx; margin-bottom: undefinedpx; margin-left: undefinedpx; margin-right: undefinedpx; }\n}\n @media only screen and (max-width: 767px){\n .block-d2c62e47-7ea9-4254-8f0f-e290c26a63cd .skt-blocks-block-column{\n padding-top: undefinedpx; padding-bottom: undefinedpx; padding-left: undefinedpx; padding-right: undefinedpx; margin-top: undefinedpx; margin-bottom: undefinedpx; margin-left: undefinedpx; margin-right: undefinedpx; }\n}\n<\/style><div class=\"skt-blocks-advanced-column-child block-d2c62e47-7ea9-4254-8f0f-e290c26a63cd\" style=\"width:50%\"><div class=\"responsive-column-wrap skt-blocks-block-column\" style=\"border-width:1px;border-style:none\"><div class=\"responsive-column-inner-wrap overlay-type-color linear\">\n<style type=\"text\/css\"> @media only screen and (min-width: 976px){\n\n.skt-blocks-block-advanced-heading.block-0b4280a4-4e46-4bf6-bf45-9a1b7b8cdd8f .responsive-heading-title-text {\n font-size: 32px !important; margin-bottom: 15px !important; }\n\n.skt-blocks-block-advanced-heading.block-0b4280a4-4e46-4bf6-bf45-9a1b7b8cdd8f .responsive-heading-seperator {\n margin-bottom: 15px !important; }\n\n.skt-blocks-block-advanced-heading.block-0b4280a4-4e46-4bf6-bf45-9a1b7b8cdd8f .responsive-heading-desc-text {\n margin-bottom: 15px !important; }\n}\n @media only screen and (min-width: 768px) and (max-width: 976px){\n\n.skt-blocks-block-advanced-heading.block-0b4280a4-4e46-4bf6-bf45-9a1b7b8cdd8f .responsive-heading-title-text {\n margin-bottom: 15px !important; }\n\n.skt-blocks-block-advanced-heading.block-0b4280a4-4e46-4bf6-bf45-9a1b7b8cdd8f .responsive-heading-seperator {\n margin-bottom: 15px !important; }\n\n.skt-blocks-block-advanced-heading.block-0b4280a4-4e46-4bf6-bf45-9a1b7b8cdd8f .responsive-heading-desc-text {\n margin-bottom: 15px !important; }\n}\n @media only screen and (max-width: 767px){\n .skt-blocks-block-advanced-heading.block-0b4280a4-4e46-4bf6-bf45-9a1b7b8cdd8f .responsive-heading-title-text {\n margin-bottom: 15px !important; }\n .skt-blocks-block-advanced-heading.block-0b4280a4-4e46-4bf6-bf45-9a1b7b8cdd8f .responsive-heading-seperator {\n margin-bottom: 15px !important; }\n .skt-blocks-block-advanced-heading.block-0b4280a4-4e46-4bf6-bf45-9a1b7b8cdd8f .responsive-heading-desc-text {\n margin-bottom: 15px !important; }\n}\n<\/style><style type=\"text\/css\"> @media only screen and (max-width: 976px){\n\n.skt-blocks-block-advanced-heading.block-0b4280a4-4e46-4bf6-bf45-9a1b7b8cdd8f .responsive-heading-title-text {\n font-size: 28px; }\n}\n<\/style><style type=\"text\/css\"> @media only screen and (max-width: 767px){\n .skt-blocks-block-advanced-heading.block-0b4280a4-4e46-4bf6-bf45-9a1b7b8cdd8f .responsive-heading-title-text {\n font-size: 24px; }\n}\n<\/style><style type=\"text\/css\"> @media only screen and (min-width: 976px){\n\n.skt-blocks-block-advanced-heading.block-0b4280a4-4e46-4bf6-bf45-9a1b7b8cdd8f .responsive-heading-desc-text {\n font-size: undefinedpx !important; }\n}\n<\/style><style type=\"text\/css\"> @media only screen and (min-width: 976px){\n .skt-blocks-block-advanced-heading.block-0b4280a4-4e46-4bf6-bf45-9a1b7b8cdd8f {\n text-align: left; }\n}\n @media only screen and (max-width: 976px){\n .skt-blocks-block-advanced-heading.block-0b4280a4-4e46-4bf6-bf45-9a1b7b8cdd8f {\n text-align: left; }\n}\n @media only screen and (max-width: 767px){\n .skt-blocks-block-advanced-heading.block-0b4280a4-4e46-4bf6-bf45-9a1b7b8cdd8f {\n text-align: center; }\n}\n<\/style><div class=\"skt-blocks-block-advanced-heading block-0b4280a4-4e46-4bf6-bf45-9a1b7b8cdd8f\"><h2 class=\"responsive-heading-title-text\" style=\"font-family:Assistant;font-weight:600;line-height:1;letter-spacing:0;color:#3a3a3a\">L&#8217;EAU EST PARTOUT ET NULLE PART.<br>NOTRE DEVISE &#8211; C&#8217;EST<br>DE LA RECHERCHER ET DE LA TROUVER!<\/h2><\/div>\n\n\n\n<style type=\"text\/css\"> @media only screen and (min-width: 976px){\n\n.skt-blocks-block-advanced-heading.block-a1cfdcaa-f6d0-4045-bfe8-1d5626c02ddf .responsive-heading-title-text {\n font-size: 38px !important; margin-bottom: 20px !important; }\n\n.skt-blocks-block-advanced-heading.block-a1cfdcaa-f6d0-4045-bfe8-1d5626c02ddf .responsive-heading-seperator {\n margin-bottom: 15px !important; }\n\n.skt-blocks-block-advanced-heading.block-a1cfdcaa-f6d0-4045-bfe8-1d5626c02ddf .responsive-heading-desc-text {\n margin-bottom: 15px !important; }\n}\n @media only screen and (min-width: 768px) and (max-width: 976px){\n\n.skt-blocks-block-advanced-heading.block-a1cfdcaa-f6d0-4045-bfe8-1d5626c02ddf .responsive-heading-title-text {\n margin-bottom: 15px !important; }\n\n.skt-blocks-block-advanced-heading.block-a1cfdcaa-f6d0-4045-bfe8-1d5626c02ddf .responsive-heading-seperator {\n margin-bottom: 15px !important; }\n\n.skt-blocks-block-advanced-heading.block-a1cfdcaa-f6d0-4045-bfe8-1d5626c02ddf .responsive-heading-desc-text {\n margin-bottom: 15px !important; }\n}\n @media only screen and (max-width: 767px){\n .skt-blocks-block-advanced-heading.block-a1cfdcaa-f6d0-4045-bfe8-1d5626c02ddf .responsive-heading-title-text {\n margin-bottom: 15px !important; }\n .skt-blocks-block-advanced-heading.block-a1cfdcaa-f6d0-4045-bfe8-1d5626c02ddf .responsive-heading-seperator {\n margin-bottom: 15px !important; }\n .skt-blocks-block-advanced-heading.block-a1cfdcaa-f6d0-4045-bfe8-1d5626c02ddf .responsive-heading-desc-text {\n margin-bottom: 15px !important; }\n}\n<\/style><style type=\"text\/css\"> @media only screen and (max-width: 976px){\n\n.skt-blocks-block-advanced-heading.block-a1cfdcaa-f6d0-4045-bfe8-1d5626c02ddf .responsive-heading-title-text {\n font-size: 32px; }\n}\n<\/style><style type=\"text\/css\"> @media only screen and (max-width: 767px){\n .skt-blocks-block-advanced-heading.block-a1cfdcaa-f6d0-4045-bfe8-1d5626c02ddf .responsive-heading-title-text {\n font-size: 30px; }\n}\n<\/style><style type=\"text\/css\"> @media only screen and (min-width: 976px){\n\n.skt-blocks-block-advanced-heading.block-a1cfdcaa-f6d0-4045-bfe8-1d5626c02ddf .responsive-heading-desc-text {\n font-size: undefinedpx !important; }\n}\n<\/style><style type=\"text\/css\"> @media only screen and (min-width: 976px){\n .skt-blocks-block-advanced-heading.block-a1cfdcaa-f6d0-4045-bfe8-1d5626c02ddf {\n text-align: left; }\n}\n @media only screen and (max-width: 976px){\n .skt-blocks-block-advanced-heading.block-a1cfdcaa-f6d0-4045-bfe8-1d5626c02ddf {\n text-align: left; }\n}\n @media only screen and (max-width: 767px){\n .skt-blocks-block-advanced-heading.block-a1cfdcaa-f6d0-4045-bfe8-1d5626c02ddf {\n text-align: center; }\n}\n<\/style><div class=\"skt-blocks-block-advanced-heading block-a1cfdcaa-f6d0-4045-bfe8-1d5626c02ddf\"><h2 class=\"responsive-heading-title-text\" style=\"font-family:Assistant;font-weight:700;line-height:1;letter-spacing:0\">Pourquoi OPUR?<\/h2><div class=\"responsive-heading-seperator-wrap\"><div class=\"responsive-heading-seperator\" style=\"border-top-style:solid;border-top-width:2px;width:40px;border-color:#6ab43e\"><\/div><\/div><\/div>\n\n\n\n<p> <\/p>\n\n\n\n<p>L&#8217;Association OPUR a \u00e9t\u00e9 fond\u00e9e en 1999<br>pour faire mieux conna\u00eetre les sources d&#8217;eau alternatives.<br>Cette association a pour but des r\u00e9unir tous ceux qui seraient int\u00e9ress\u00e9s \u00e0 donner un peu du leur pour ne pas perdre cette richesse que nous poss\u00e9dons &#8211; l&#8217;eau.<br>Bien loin d&#8217;\u00eatre une assembl\u00e9e \u00e9litiste,<br>elle ressemble un large public de tous horizons, dont le point commun est de vouloir faire quelques chose pour l&#8217;\u00e9cologie de notre plan\u00e8te.<\/p>\n\n\n\n<h4 class=\"wp-block-heading\">SOUTENIR OPUR, FAIRE UN DON<\/h4>\n\n\n\n<p>Soutenir OPUR &#8211; c&#8217;est participer \u00e0 la lutte contre le manque d&#8217;eau dans le monde. C&#8217;est aussi \u00e9tudier de nouveaux proc\u00e9d\u00e9s ayant pour objectif la production d&#8217;eau. Cela deviendra possible gr\u00e2ce \u00e0 la g\u00e9n\u00e9rosit\u00e9 de chacun et de tous.<\/p>\n\n\n\n<h4 class=\"wp-block-heading\">DESTINATION DES DONS<\/h4>\n\n\n\n<ul>\n<li>Mise en place de condenseurs d&#8217;eau atmosph\u00e9rique<\/li>\n\n\n\n<li>Production des r\u00e9serves d&#8217;eau potable<\/li>\n\n\n\n<li>Irrigation par goutte \u00e0 goutte de cultures dans les zones arides<\/li>\n<\/ul>\n\n\n\n<h4 class=\"wp-block-heading\">ADHERER<\/h4>\n\n\n\n<p>Etre adh\u00e9rent &#8211; c&#8217;est :<\/p>\n\n\n\n<ul>\n<li>participer aux campagnes de mesures, poss\u00e9der son propre condenseur de ros\u00e9e et profiter de sa maintenance technique par nos professionnels;<\/li>\n\n\n\n<li>proposer de nouveaux proc\u00e9d\u00e9s et campagnes d&#8217;exp\u00e9rience et b\u00e9n\u00e9ficier du soutien de nos sp\u00e9cialistes;<\/li>\n\n\n\n<li>disposer d&#8217;un journal interne d&#8217;informations sur toutes les nouvelles concernant de pr\u00e8s et de loin OPUR; participer \u00e0 sa r\u00e9daction;<\/li>\n\n\n\n<li>avoir la chance de rencontrer les &#8220;ros\u00e9ephiles&#8221; passionn\u00e9s (et cela n&#8217;a pas de prix !)<\/li>\n<\/ul>\n\n\n\n<p><strong>Vous pouvez adh\u00e9rer comme:<\/strong><\/p>\n\n\n\n<pre class=\"wp-block-code\"><code>> <a href=\"https:\/\/www.opur.cloud\/index.php\/fr\/comme-adherer\/\" data-type=\"link\" data-id=\"https:\/\/www.opur.cloud\/index.php\/fr\/comme-adherer\/\">membre ACTIF<\/a>\n> <a href=\"https:\/\/www.opur.cloud\/index.php\/donation-2\/\" data-type=\"link\" data-id=\"https:\/\/www.opur.cloud\/index.php\/donation-2\/\">membre BIENFAITEUR<\/a>\n> membre HONORAIRE<\/code><\/pre>\n<\/div><\/div><\/div>\n\n\n\n<style type=\"text\/css\"> .block-1debd11e-a766-4f9a-88b5-94e4a2227f4e .skt-blocks-block-column {\n box-shadow: 0px 0px 0px 0px undefined ; }\n .block-1debd11e-a766-4f9a-88b5-94e4a2227f4e .skt-blocks-block-column:hover {\n box-shadow: 0px 0px 0px 0px #cccccc ; }\n @media only screen and (min-width: 976px){\n .block-1debd11e-a766-4f9a-88b5-94e4a2227f4e .skt-blocks-block-column{\n padding-top: undefinedpx; padding-bottom: undefinedpx; padding-left: undefinedpx; padding-right: undefinedpx; margin-top: undefinedpx; margin-bottom: undefinedpx; margin-left: undefinedpx; margin-right: undefinedpx; }\n}\n @media only screen and (max-width: 976px){\n .block-1debd11e-a766-4f9a-88b5-94e4a2227f4e .skt-blocks-block-column{\n padding-top: undefinedpx; padding-bottom: undefinedpx; padding-left: undefinedpx; padding-right: undefinedpx; margin-top: undefinedpx; margin-bottom: undefinedpx; margin-left: undefinedpx; margin-right: undefinedpx; }\n}\n @media only screen and (max-width: 767px){\n .block-1debd11e-a766-4f9a-88b5-94e4a2227f4e .skt-blocks-block-column{\n padding-top: 40px; padding-bottom: undefinedpx; padding-left: undefinedpx; padding-right: undefinedpx; margin-top: undefinedpx; margin-bottom: undefinedpx; margin-left: undefinedpx; margin-right: undefinedpx; }\n}\n<\/style><div class=\"skt-blocks-advanced-column-child block-1debd11e-a766-4f9a-88b5-94e4a2227f4e\" style=\"width:50%\"><div class=\"responsive-column-wrap skt-blocks-block-column\" style=\"border-width:1px;border-style:none\"><div class=\"responsive-column-inner-wrap overlay-type-color linear\"><div class=\"wp-block-image\">\n<figure class=\"alignright size-full\"><img decoding=\"async\" loading=\"lazy\" width=\"405\" height=\"270\" src=\"https:\/\/www.opur.cloud\/wp-content\/uploads\/2023\/09\/herbe3.jpg\" alt=\"\" class=\"wp-image-1013\" srcset=\"https:\/\/www.opur.cloud\/wp-content\/uploads\/2023\/09\/herbe3.jpg 405w, https:\/\/www.opur.cloud\/wp-content\/uploads\/2023\/09\/herbe3-300x200.jpg 300w\" sizes=\"(max-width: 405px) 100vw, 405px\" \/><figcaption class=\"wp-element-caption\">Ros\u00e9e sur l&#8217;herbe\u2026<\/figcaption><\/figure><\/div>\n\n<div class=\"wp-block-image\">\n<figure class=\"alignright size-full\"><img decoding=\"async\" loading=\"lazy\" width=\"406\" height=\"267\" src=\"https:\/\/www.opur.cloud\/wp-content\/uploads\/2023\/09\/DEWBAR.jpg\" alt=\"\" class=\"wp-image-1012\" srcset=\"https:\/\/www.opur.cloud\/wp-content\/uploads\/2023\/09\/DEWBAR.jpg 406w, https:\/\/www.opur.cloud\/wp-content\/uploads\/2023\/09\/DEWBAR-300x197.jpg 300w\" sizes=\"(max-width: 406px) 100vw, 406px\" \/><figcaption class=\"wp-element-caption\">Ros\u00e9e dans le d\u00e9sert de N\u00e9guev\u2026<\/figcaption><\/figure><\/div><\/div><\/div><\/div>\n<\/div><\/div><\/div><\/div>\n<\/div><\/section><\/div>\n","protected":false},"excerpt":{"rendered":"","protected":false},"author":1,"featured_media":0,"parent":0,"menu_order":0,"comment_status":"closed","ping_status":"closed","template":"templates\/page-builder.php","meta":{"footnotes":""},"featured_image_src":false,"featured_image_src_square":false,"rbea_author_info":{"display_name":"admin","author_link":"https:\/\/www.opur.cloud\/index.php\/author\/admin\/"},"rbea_excerpt_info":null,"_links":{"self":[{"href":"https:\/\/www.opur.cloud\/index.php\/wp-json\/wp\/v2\/pages\/1118"}],"collection":[{"href":"https:\/\/www.opur.cloud\/index.php\/wp-json\/wp\/v2\/pages"}],"about":[{"href":"https:\/\/www.opur.cloud\/index.php\/wp-json\/wp\/v2\/types\/page"}],"author":[{"embeddable":true,"href":"https:\/\/www.opur.cloud\/index.php\/wp-json\/wp\/v2\/users\/1"}],"replies":[{"embeddable":true,"href":"https:\/\/www.opur.cloud\/index.php\/wp-json\/wp\/v2\/comments?post=1118"}],"version-history":[{"count":13,"href":"https:\/\/www.opur.cloud\/index.php\/wp-json\/wp\/v2\/pages\/1118\/revisions"}],"predecessor-version":[{"id":1354,"href":"https:\/\/www.opur.cloud\/index.php\/wp-json\/wp\/v2\/pages\/1118\/revisions\/1354"}],"wp:attachment":[{"href":"https:\/\/www.opur.cloud\/index.php\/wp-json\/wp\/v2\/media?parent=1118"}],"curies":[{"name":"wp","href":"https:\/\/api.w.org\/{rel}","templated":true}]}}