{"id":1140,"date":"2023-10-02T12:57:16","date_gmt":"2023-10-02T12:57:16","guid":{"rendered":"https:\/\/www.opur.cloud\/?page_id=1140"},"modified":"2023-10-19T10:14:09","modified_gmt":"2023-10-19T10:14:09","slug":"actions-scientifiques","status":"publish","type":"page","link":"https:\/\/www.opur.cloud\/index.php\/fr\/actions-scientifiques\/","title":{"rendered":"Actions scientifiques"},"content":{"rendered":"\n<div class=\"wp-block-skt-blocks-section gbnature-section-4 skt-blocks-block-section-outer-wrap block-59721b69-e1a4-43bc-9b3a-dc4b0f801556 background-type-color alignundefined\" style=\"z-index:1;max-width:;margin-left:;margin-right:\"><style type=\"text\/css\"> @media only screen and (max-width: 976px){\n .block-59721b69-e1a4-43bc-9b3a-dc4b0f801556 .skt-blocks-block-section{\n margin-top: 0px; margin-bottom: 0px; margin-left: 0px; margin-right: 0px; padding-top: 40px; padding-bottom: 40px; padding-left: 10px; padding-right: 10px; }\n}\n @media only screen and (max-width: 767px){\n .block-59721b69-e1a4-43bc-9b3a-dc4b0f801556 .skt-blocks-block-section{\n margin-top: 0px; margin-bottom: 0px; margin-left: 0px; margin-right: 0px; padding-top: 40px; padding-bottom: 40px; padding-left: 10px; padding-right: 10px; }\n}\n @media only screen and (min-width: 976px){\n .block-59721b69-e1a4-43bc-9b3a-dc4b0f801556 .skt-blocks-block-section{\n margin-top: 0px; margin-bottom: 0px; margin-left: 0px; margin-right: 0px; padding-top: 80px; padding-bottom: 80px; padding-left: 0px; padding-right: 0px; }\n}\n .block-59721b69-e1a4-43bc-9b3a-dc4b0f801556.skt-blocks-block-section-outer-wrap.background-type-image{\n background-image: linear-gradient(rgba(255, 255, 255, 1),rgba(255, 255, 255, 1)),url(undefined); background-position: center-center; background-attachment: scroll; background-repeat: no-repeat; background-size: cover; border-radius: 0px; }\n .block-59721b69-e1a4-43bc-9b3a-dc4b0f801556.skt-blocks-block-section-outer-wrap.background-type-image .skt-blocks-block-section.overlay-type-color{\n background-color: rgba(255, 255, 255, 1); }\n .block-59721b69-e1a4-43bc-9b3a-dc4b0f801556.skt-blocks-block-section-outer-wrap.background-type-image .skt-blocks-block-section.overlay-type-gradient.linear{\n background-image: linear-gradient(0deg, rgba(255, 255, 255, 1) 0%, rgba(255, 255, 255, 1) 100%); }\n .block-59721b69-e1a4-43bc-9b3a-dc4b0f801556.skt-blocks-block-section-outer-wrap.background-type-image .skt-blocks-block-section.overlay-type-gradient.radial{\n background-image: radial-gradient( at center center, rgba(255, 255, 255, 1) 0%, rgba(255, 255, 255, 1) 100%); }\n .block-59721b69-e1a4-43bc-9b3a-dc4b0f801556.background-type-video .skt-blocks-block-section {\n background-color: rgba(255, 255, 255, 1); }\n<\/style><style type=\"text\/css\"> .block-59721b69-e1a4-43bc-9b3a-dc4b0f801556 .responsive-section-inner-wrap {\n max-width : 100%; }\n @media only screen and (min-width: 976px){\n .block-59721b69-e1a4-43bc-9b3a-dc4b0f801556 .responsive-section-inner-wrap, .page.page-template-gutenberg-fullwidth .block-59721b69-e1a4-43bc-9b3a-dc4b0f801556.alignfull .responsive-section-inner-wrap {\n max-width : 1140px !important; }\n}\n @media only screen and (max-width: 976px){\n .block-59721b69-e1a4-43bc-9b3a-dc4b0f801556 .responsive-section-inner-wrap, .page.page-template-gutenberg-fullwidth .block-59721b69-e1a4-43bc-9b3a-dc4b0f801556.alignfull .responsive-section-inner-wrap {\n max-width : 1140px !important; }\n}\n @media only screen and (max-width: 767px){\n .block-59721b69-e1a4-43bc-9b3a-dc4b0f801556 .responsive-section-inner-wrap, .page.page-template-gutenberg-fullwidth .block-59721b69-e1a4-43bc-9b3a-dc4b0f801556.alignfull .responsive-section-inner-wrap {\n max-width : 1140px !important; }\n}\n<\/style><section class=\"responsive-section-wrap skt-blocks-block-section overlay-type-color linear\" style=\"border-width:1px;border-style:none;border-radius:0;background-color:rgba(255, 255, 255, 1);box-shadow:0px 0px 0px 0px undefined \"><div class=\"responsive-section-inner-wrap\" style=\"z-index:1\">\n<style type=\"text\/css\"> .block-b3bc4fb2-177f-4efc-a387-0b0d1b8e6d82 .skt-blocks-block-columns.overlay-type-color{\n background-color: rgba(255, 255, 255, 0); }\n .block-b3bc4fb2-177f-4efc-a387-0b0d1b8e6d82 .skt-blocks-block-columns.overlay-type-gradient.linear{\n background-image: linear-gradient(0deg, rgba(255, 255, 255, 0) 0%, rgba(255, 255, 255, 0) 100%); }\n .block-b3bc4fb2-177f-4efc-a387-0b0d1b8e6d82 .skt-blocks-block-columns.overlay-type-gradient.radial{\n background-image: radial-gradient( at center center, rgba(255, 255, 255, 0) 0%, rgba(255, 255, 255, 0) 100%); }\n .block-b3bc4fb2-177f-4efc-a387-0b0d1b8e6d82 .skt-blocks-block-column{\n min-height: ; align-items: flex-start; }\n @media only screen and (min-width: 976px){\n .block-b3bc4fb2-177f-4efc-a387-0b0d1b8e6d82 .skt-blocks-block-columns{\n padding-top: 10px; padding-bottom: 10px; padding-left: 10px; padding-right: 10px; margin-top: 0px; margin-bottom: 0px; }\n}\n @media only screen and (max-width: 976px){\n .block-b3bc4fb2-177f-4efc-a387-0b0d1b8e6d82 .skt-blocks-block-columns{\n padding-top: undefinedpx; padding-bottom: undefinedpx; padding-left: undefinedpx; padding-right: undefinedpx; margin-top: undefinedpx; margin-bottom: undefinedpx; }\n}\n @media only screen and (max-width: 767px){\n .block-b3bc4fb2-177f-4efc-a387-0b0d1b8e6d82 .skt-blocks-block-columns{\n padding-top: undefinedpx; padding-bottom: undefinedpx; padding-left: undefinedpx; padding-right: undefinedpx; margin-top: undefinedpx; margin-bottom: undefinedpx; }\n}\n<\/style><div class=\"block-b3bc4fb2-177f-4efc-a387-0b0d1b8e6d82 skt-blocks-advanced-column-outer-wrap undefined\" style=\"z-index:1\"><div class=\"skt-blocks-advanced-column alignundefined\"><div class=\"responsive-columns-wrap skt-blocks-block-columns responsive-columns__gap-default responsive-columns__stack-mobile responsive-columns__content-width-theme overlay-type-color linear\" style=\"text-align:left;border-width:1px;border-style:none;box-shadow:0px 0px 0px 0px undefined \"><div class=\"responsive-columns-inner-wrap responsive-columns-columns-2\" style=\"max-width:100%\">\n<style type=\"text\/css\"> .block-dcad8cef-4926-4806-b9e0-465e3069f8ee .skt-blocks-block-column {\n box-shadow: 0px 0px 0px 0px undefined ; }\n .block-dcad8cef-4926-4806-b9e0-465e3069f8ee .skt-blocks-block-column:hover {\n box-shadow: 0px 0px 0px 0px #cccccc ; }\n @media only screen and (min-width: 976px){\n .block-dcad8cef-4926-4806-b9e0-465e3069f8ee .skt-blocks-block-column{\n padding-top: undefinedpx; padding-bottom: undefinedpx; padding-left: undefinedpx; padding-right: undefinedpx; margin-top: undefinedpx; margin-bottom: undefinedpx; margin-left: undefinedpx; margin-right: undefinedpx; }\n}\n @media only screen and (max-width: 976px){\n .block-dcad8cef-4926-4806-b9e0-465e3069f8ee .skt-blocks-block-column{\n padding-top: undefinedpx; padding-bottom: undefinedpx; padding-left: undefinedpx; padding-right: undefinedpx; margin-top: undefinedpx; margin-bottom: undefinedpx; margin-left: undefinedpx; margin-right: undefinedpx; }\n}\n @media only screen and (max-width: 767px){\n .block-dcad8cef-4926-4806-b9e0-465e3069f8ee .skt-blocks-block-column{\n padding-top: undefinedpx; padding-bottom: undefinedpx; padding-left: undefinedpx; padding-right: undefinedpx; margin-top: undefinedpx; margin-bottom: undefinedpx; margin-left: undefinedpx; margin-right: undefinedpx; }\n}\n<\/style><div class=\"skt-blocks-advanced-column-child block-dcad8cef-4926-4806-b9e0-465e3069f8ee\" style=\"width:50%\"><div class=\"responsive-column-wrap skt-blocks-block-column\" style=\"border-width:1px;border-style:none\"><div class=\"responsive-column-inner-wrap overlay-type-color linear\">\n<style type=\"text\/css\"> @media only screen and (min-width: 976px){\n\n.skt-blocks-block-advanced-heading.block-5609ee15-17bb-4422-8272-bbf663813857 .responsive-heading-title-text {\n font-size: 38px !important; margin-bottom: 20px !important; }\n\n.skt-blocks-block-advanced-heading.block-5609ee15-17bb-4422-8272-bbf663813857 .responsive-heading-seperator {\n margin-bottom: 15px !important; }\n\n.skt-blocks-block-advanced-heading.block-5609ee15-17bb-4422-8272-bbf663813857 .responsive-heading-desc-text {\n margin-bottom: 15px !important; }\n}\n @media only screen and (min-width: 768px) and (max-width: 976px){\n\n.skt-blocks-block-advanced-heading.block-5609ee15-17bb-4422-8272-bbf663813857 .responsive-heading-title-text {\n margin-bottom: 15px !important; }\n\n.skt-blocks-block-advanced-heading.block-5609ee15-17bb-4422-8272-bbf663813857 .responsive-heading-seperator {\n margin-bottom: 15px !important; }\n\n.skt-blocks-block-advanced-heading.block-5609ee15-17bb-4422-8272-bbf663813857 .responsive-heading-desc-text {\n margin-bottom: 15px !important; }\n}\n @media only screen and (max-width: 767px){\n .skt-blocks-block-advanced-heading.block-5609ee15-17bb-4422-8272-bbf663813857 .responsive-heading-title-text {\n margin-bottom: 15px !important; }\n .skt-blocks-block-advanced-heading.block-5609ee15-17bb-4422-8272-bbf663813857 .responsive-heading-seperator {\n margin-bottom: 15px !important; }\n .skt-blocks-block-advanced-heading.block-5609ee15-17bb-4422-8272-bbf663813857 .responsive-heading-desc-text {\n margin-bottom: 15px !important; }\n}\n<\/style><style type=\"text\/css\"> @media only screen and (max-width: 976px){\n\n.skt-blocks-block-advanced-heading.block-5609ee15-17bb-4422-8272-bbf663813857 .responsive-heading-title-text {\n font-size: 32px; }\n}\n<\/style><style type=\"text\/css\"> @media only screen and (max-width: 767px){\n .skt-blocks-block-advanced-heading.block-5609ee15-17bb-4422-8272-bbf663813857 .responsive-heading-title-text {\n font-size: 30px; }\n}\n<\/style><style type=\"text\/css\"> @media only screen and (min-width: 976px){\n\n.skt-blocks-block-advanced-heading.block-5609ee15-17bb-4422-8272-bbf663813857 .responsive-heading-desc-text {\n font-size: undefinedpx !important; }\n}\n<\/style><style type=\"text\/css\"> @media only screen and (min-width: 976px){\n .skt-blocks-block-advanced-heading.block-5609ee15-17bb-4422-8272-bbf663813857 {\n text-align: left; }\n}\n @media only screen and (max-width: 976px){\n .skt-blocks-block-advanced-heading.block-5609ee15-17bb-4422-8272-bbf663813857 {\n text-align: left; }\n}\n @media only screen and (max-width: 767px){\n .skt-blocks-block-advanced-heading.block-5609ee15-17bb-4422-8272-bbf663813857 {\n text-align: center; }\n}\n<\/style><div class=\"skt-blocks-block-advanced-heading block-5609ee15-17bb-4422-8272-bbf663813857\"><h2 class=\"responsive-heading-title-text\" style=\"font-family:Assistant;font-weight:700;line-height:1;letter-spacing:0\">Actions engag\u00e9es \u00e0 caract\u00e8re scientifique<br>et technique<\/h2><div class=\"responsive-heading-seperator-wrap\"><div class=\"responsive-heading-seperator\" style=\"border-top-style:solid;border-top-width:2px;width:40px;border-color:#6ab43e\"><\/div><\/div><\/div>\n\n\n\n<ol>\n<li>Expertise :<br>1.1 Ph\u00e9nom\u00e8nes de condensation:<br>bu\u00e9e, ros\u00e9e, givre etc.<br>1.2 Corrosion<br>1.3 Anti\u2013bu\u00e9e<br>1.4 Climatisation passive<\/li>\n\n\n\n<li>Etude de la formation de la ros\u00e9e :<br>2.1 Mesures et exp\u00e9rimentation (France \u2013 Ajaccio, Bordeaux, Polyn\u00e9sie Fran\u00e7aise; Espagne \u2013 Iles Canaries; Croatie; Isra\u00ebl; Tunisie; Maroc; Mauritanie; Inde; Australie; Chili)<br>2.2 Construction de l&#8217;Usine de Ros\u00e9e en Inde<br>2.3 Evaluation semi\u2013quantitative du &#8220;Gisement de ros\u00e9e&#8221; en France (Projet R.O.R.)<br>2.4 Th\u00e9orie<\/li>\n\n\n\n<li>Etude de condenseurs atmosph\u00e9riques :<br>3.1 Enqu\u00eates :<br>\u2013 Recherches documentaires sur d&#8217;anciens condenseurs<br>\u2013 D\u00e9couverte en 1993 du condenseur de Zibold du d\u00e9but du XXi\u00e8me si\u00e8cle (F\u00e9odosia, Crim\u00e9e)<br>\u2013 Fouilles arch\u00e9ologiques de tumuli r\u00e9put\u00e9s condenseurs antiques (F\u00e9odosia,Crim\u00e9e)<br>\u2013 Examen du condenseur de Knapen \u00e0 Trans\u2013en\u2013Provence<br>\u2013 Relev\u00e9s thermo\u2013physiques en continu sur le site de la &#8220;Sainte\u2013Tombe&#8221; d&#8217;Arles sur Tech<br>\u2013 D\u00e9couverte en 2002 sur l&#8217;\u00eele de Vis (Croatie) des restes de deux condenseurs de ros\u00e9e, construits par Klaphake, scientifique allemand du milieu du XXi\u00e8me si\u00e8cle<br>3.2 Op\u00e9rations :<br>\u2013 Etudes de nouveaux mat\u00e9riaux pour augmenter le refroidissement radiatif<br>\u2013 Etudes d&#8217;architecture a\u00e9rodynamique de condenseurs<br>\u2013 Cr\u00e9ation de nouveaux proc\u00e9d\u00e9s : Programme de la simulation num\u00e9rique<br>de la condensation<br>\u2013 Stockage de la ros\u00e9e dans des gels polyacrylamides<br>\u2013 Construction de condenseurs radiatifs (maquettes \u00e0 Grenoble et Bordeaux, grandeur nature \u00e0 Vignola en Corse, l&#8217;\u00eele de Bi\u0161evo en Croatie et dans la r\u00e9gion de Kutch en Inde)<br>\u2013 Analyse chimique de l&#8217;eau de ros\u00e9e (Grenoble, Bordeaux, Vignola \u2013 Corse, Polyn\u00e9sie Fran\u00e7aise \u2013 Tahiti et l&#8217;atoll de Tikehau)<br>\u2013 Etude de la cro\u00fbte biologique, aliment\u00e9e par la ros\u00e9e, des dunes de d\u00e9sert (Neguev, Isra\u00ebl)<br>\u2013 Publication d&#8217;un livre sur la ros\u00e9e par un des nos membres, Dr. Girja Sharan (Inde)<br>\u2013 Installation d&#8217;un r\u00e9seau de condenseurs de ros\u00e9e en Isra\u00ebl et en Inde<br>\u2013 Installation de condenseurs radiatifs en Croatie, Ethiopie, Maroc, Inde et Polyn\u00e9sie Fran\u00e7aise<\/li>\n\n\n\n<li>Formation, enseignement :<br>4.1 Stages et formations scientifiques<br>(stages universitaires, doctorat, post\u2013doctorats)<br>4.2 Soutien des activit\u00e9s des \u00e9tudiants et lyc\u00e9ens relatives \u00e0 la condensation<\/li>\n\n\n\n<li>Projets :<br>5.1 Construction d&#8217;un condenseur dans un village de la zone aride du Burkina\u2013Faso<br>5.2 Etudes d&#8217;utilisation de ros\u00e9e en tant que source d&#8217;eau alternative aux Canaries<\/li>\n<\/ol>\n<\/div><\/div><\/div>\n\n\n\n<style type=\"text\/css\"> .block-a1e07bf4-8644-422d-a8e0-6e80219e8962 .skt-blocks-block-column {\n box-shadow: 0px 0px 0px 0px undefined ; }\n .block-a1e07bf4-8644-422d-a8e0-6e80219e8962 .skt-blocks-block-column:hover {\n box-shadow: 0px 0px 0px 0px #cccccc ; }\n @media only screen and (min-width: 976px){\n .block-a1e07bf4-8644-422d-a8e0-6e80219e8962 .skt-blocks-block-column{\n padding-top: undefinedpx; padding-bottom: undefinedpx; padding-left: 50px; padding-right: undefinedpx; margin-top: undefinedpx; margin-bottom: undefinedpx; margin-left: undefinedpx; margin-right: undefinedpx; }\n}\n @media only screen and (max-width: 976px){\n .block-a1e07bf4-8644-422d-a8e0-6e80219e8962 .skt-blocks-block-column{\n padding-top: undefinedpx; padding-bottom: undefinedpx; padding-left: undefinedpx; padding-right: undefinedpx; margin-top: undefinedpx; margin-bottom: undefinedpx; margin-left: undefinedpx; margin-right: undefinedpx; }\n}\n @media only screen and (max-width: 767px){\n .block-a1e07bf4-8644-422d-a8e0-6e80219e8962 .skt-blocks-block-column{\n padding-top: 40px; padding-bottom: undefinedpx; padding-left: undefinedpx; padding-right: undefinedpx; margin-top: undefinedpx; margin-bottom: undefinedpx; margin-left: undefinedpx; margin-right: undefinedpx; }\n}\n<\/style><div class=\"skt-blocks-advanced-column-child block-a1e07bf4-8644-422d-a8e0-6e80219e8962\" style=\"width:50%\"><div class=\"responsive-column-wrap skt-blocks-block-column\" style=\"border-width:1px;border-style:none\"><div class=\"responsive-column-inner-wrap overlay-type-color linear\"><div class=\"wp-block-image\">\n<figure class=\"alignleft size-full\"><img decoding=\"async\" loading=\"lazy\" width=\"380\" height=\"248\" src=\"https:\/\/www.opur.cloud\/wp-content\/uploads\/2023\/09\/Zibold-3b.jpg\" alt=\"\" class=\"wp-image-1031\" srcset=\"https:\/\/www.opur.cloud\/wp-content\/uploads\/2023\/09\/Zibold-3b.jpg 380w, https:\/\/www.opur.cloud\/wp-content\/uploads\/2023\/09\/Zibold-3b-300x196.jpg 300w\" sizes=\"(max-width: 380px) 100vw, 380px\" \/><figcaption class=\"wp-element-caption\">Condenseur de Zibold (1912) \u00e0 F\u00e9odosia (Ukraine) \u2013 \u00e9tat actuel<\/figcaption><\/figure><\/div>\n\n<div class=\"wp-block-image\">\n<figure class=\"alignleft size-full\"><img decoding=\"async\" loading=\"lazy\" width=\"350\" height=\"174\" src=\"https:\/\/www.opur.cloud\/wp-content\/uploads\/2023\/09\/Zibold-2.jpg\" alt=\"\" class=\"wp-image-1030\" srcset=\"https:\/\/www.opur.cloud\/wp-content\/uploads\/2023\/09\/Zibold-2.jpg 350w, https:\/\/www.opur.cloud\/wp-content\/uploads\/2023\/09\/Zibold-2-300x149.jpg 300w\" sizes=\"(max-width: 350px) 100vw, 350px\" \/><\/figure><\/div>\n\n\n<p><\/p>\n<\/div><\/div><\/div>\n<\/div><\/div><\/div><\/div>\n\n\n\n<p><\/p>\n<\/div><\/section><\/div>\n","protected":false},"excerpt":{"rendered":"","protected":false},"author":1,"featured_media":0,"parent":0,"menu_order":0,"comment_status":"closed","ping_status":"closed","template":"templates\/page-builder.php","meta":{"footnotes":""},"featured_image_src":false,"featured_image_src_square":false,"rbea_author_info":{"display_name":"admin","author_link":"https:\/\/www.opur.cloud\/index.php\/author\/admin\/"},"rbea_excerpt_info":null,"_links":{"self":[{"href":"https:\/\/www.opur.cloud\/index.php\/wp-json\/wp\/v2\/pages\/1140"}],"collection":[{"href":"https:\/\/www.opur.cloud\/index.php\/wp-json\/wp\/v2\/pages"}],"about":[{"href":"https:\/\/www.opur.cloud\/index.php\/wp-json\/wp\/v2\/types\/page"}],"author":[{"embeddable":true,"href":"https:\/\/www.opur.cloud\/index.php\/wp-json\/wp\/v2\/users\/1"}],"replies":[{"embeddable":true,"href":"https:\/\/www.opur.cloud\/index.php\/wp-json\/wp\/v2\/comments?post=1140"}],"version-history":[{"count":4,"href":"https:\/\/www.opur.cloud\/index.php\/wp-json\/wp\/v2\/pages\/1140\/revisions"}],"predecessor-version":[{"id":1376,"href":"https:\/\/www.opur.cloud\/index.php\/wp-json\/wp\/v2\/pages\/1140\/revisions\/1376"}],"wp:attachment":[{"href":"https:\/\/www.opur.cloud\/index.php\/wp-json\/wp\/v2\/media?parent=1140"}],"curies":[{"name":"wp","href":"https:\/\/api.w.org\/{rel}","templated":true}]}}