{"id":1144,"date":"2023-10-02T13:09:31","date_gmt":"2023-10-02T13:09:31","guid":{"rendered":"https:\/\/www.opur.cloud\/?page_id=1144"},"modified":"2023-10-19T07:49:18","modified_gmt":"2023-10-19T07:49:18","slug":"actions-artistiques","status":"publish","type":"page","link":"https:\/\/www.opur.cloud\/index.php\/fr\/actions-artistiques\/","title":{"rendered":"Actions artistiques"},"content":{"rendered":"\n<div class=\"wp-block-skt-blocks-section gbnature-section-4 skt-blocks-block-section-outer-wrap block-f8970ebb-e651-4c33-89ee-0f304337398e background-type-color alignundefined\" style=\"z-index:1;max-width:;margin-left:;margin-right:\"><style type=\"text\/css\"> @media only screen and (max-width: 976px){\n .block-f8970ebb-e651-4c33-89ee-0f304337398e .skt-blocks-block-section{\n margin-top: 0px; margin-bottom: 0px; margin-left: 0px; margin-right: 0px; padding-top: 40px; padding-bottom: 40px; padding-left: 10px; padding-right: 10px; }\n}\n @media only screen and (max-width: 767px){\n .block-f8970ebb-e651-4c33-89ee-0f304337398e .skt-blocks-block-section{\n margin-top: 0px; margin-bottom: 0px; margin-left: 0px; margin-right: 0px; padding-top: 40px; padding-bottom: 40px; padding-left: 10px; padding-right: 10px; }\n}\n @media only screen and (min-width: 976px){\n .block-f8970ebb-e651-4c33-89ee-0f304337398e .skt-blocks-block-section{\n margin-top: 0px; margin-bottom: 0px; margin-left: 0px; margin-right: 0px; padding-top: 80px; padding-bottom: 80px; padding-left: 0px; padding-right: 0px; }\n}\n .block-f8970ebb-e651-4c33-89ee-0f304337398e.skt-blocks-block-section-outer-wrap.background-type-image{\n background-image: linear-gradient(rgba(255, 255, 255, 1),rgba(255, 255, 255, 1)),url(undefined); background-position: center-center; background-attachment: scroll; background-repeat: no-repeat; background-size: cover; border-radius: 0px; }\n .block-f8970ebb-e651-4c33-89ee-0f304337398e.skt-blocks-block-section-outer-wrap.background-type-image .skt-blocks-block-section.overlay-type-color{\n background-color: rgba(255, 255, 255, 1); }\n .block-f8970ebb-e651-4c33-89ee-0f304337398e.skt-blocks-block-section-outer-wrap.background-type-image .skt-blocks-block-section.overlay-type-gradient.linear{\n background-image: linear-gradient(0deg, rgba(255, 255, 255, 1) 0%, rgba(255, 255, 255, 1) 100%); }\n .block-f8970ebb-e651-4c33-89ee-0f304337398e.skt-blocks-block-section-outer-wrap.background-type-image .skt-blocks-block-section.overlay-type-gradient.radial{\n background-image: radial-gradient( at center center, rgba(255, 255, 255, 1) 0%, rgba(255, 255, 255, 1) 100%); }\n .block-f8970ebb-e651-4c33-89ee-0f304337398e.background-type-video .skt-blocks-block-section {\n background-color: rgba(255, 255, 255, 1); }\n<\/style><style type=\"text\/css\"> .block-f8970ebb-e651-4c33-89ee-0f304337398e .responsive-section-inner-wrap {\n max-width : 100%; }\n @media only screen and (min-width: 976px){\n .block-f8970ebb-e651-4c33-89ee-0f304337398e .responsive-section-inner-wrap, .page.page-template-gutenberg-fullwidth .block-f8970ebb-e651-4c33-89ee-0f304337398e.alignfull .responsive-section-inner-wrap {\n max-width : 1140px !important; }\n}\n @media only screen and (max-width: 976px){\n .block-f8970ebb-e651-4c33-89ee-0f304337398e .responsive-section-inner-wrap, .page.page-template-gutenberg-fullwidth .block-f8970ebb-e651-4c33-89ee-0f304337398e.alignfull .responsive-section-inner-wrap {\n max-width : 1140px !important; }\n}\n @media only screen and (max-width: 767px){\n .block-f8970ebb-e651-4c33-89ee-0f304337398e .responsive-section-inner-wrap, .page.page-template-gutenberg-fullwidth .block-f8970ebb-e651-4c33-89ee-0f304337398e.alignfull .responsive-section-inner-wrap {\n max-width : 1140px !important; }\n}\n<\/style><section class=\"responsive-section-wrap skt-blocks-block-section overlay-type-color linear\" style=\"border-width:1px;border-style:none;border-radius:0;background-color:rgba(255, 255, 255, 1);box-shadow:0px 0px 0px 0px undefined \"><div class=\"responsive-section-inner-wrap\" style=\"z-index:1\">\n<style type=\"text\/css\"> .block-15330f66-19ec-40bb-8b41-08afe0b5e93d .skt-blocks-block-columns.overlay-type-color{\n background-color: rgba(255, 255, 255, 0); }\n .block-15330f66-19ec-40bb-8b41-08afe0b5e93d .skt-blocks-block-columns.overlay-type-gradient.linear{\n background-image: linear-gradient(0deg, rgba(255, 255, 255, 0) 0%, rgba(255, 255, 255, 0) 100%); }\n .block-15330f66-19ec-40bb-8b41-08afe0b5e93d .skt-blocks-block-columns.overlay-type-gradient.radial{\n background-image: radial-gradient( at center center, rgba(255, 255, 255, 0) 0%, rgba(255, 255, 255, 0) 100%); }\n .block-15330f66-19ec-40bb-8b41-08afe0b5e93d .skt-blocks-block-column{\n min-height: ; align-items: flex-start; }\n @media only screen and (min-width: 976px){\n .block-15330f66-19ec-40bb-8b41-08afe0b5e93d .skt-blocks-block-columns{\n padding-top: 10px; padding-bottom: 10px; padding-left: 10px; padding-right: 10px; margin-top: 0px; margin-bottom: 0px; }\n}\n @media only screen and (max-width: 976px){\n .block-15330f66-19ec-40bb-8b41-08afe0b5e93d .skt-blocks-block-columns{\n padding-top: undefinedpx; padding-bottom: undefinedpx; padding-left: undefinedpx; padding-right: undefinedpx; margin-top: undefinedpx; margin-bottom: undefinedpx; }\n}\n @media only screen and (max-width: 767px){\n .block-15330f66-19ec-40bb-8b41-08afe0b5e93d .skt-blocks-block-columns{\n padding-top: undefinedpx; padding-bottom: undefinedpx; padding-left: undefinedpx; padding-right: undefinedpx; margin-top: undefinedpx; margin-bottom: undefinedpx; }\n}\n<\/style><div class=\"block-15330f66-19ec-40bb-8b41-08afe0b5e93d skt-blocks-advanced-column-outer-wrap undefined\" style=\"z-index:1\"><div class=\"skt-blocks-advanced-column alignundefined\"><div class=\"responsive-columns-wrap skt-blocks-block-columns responsive-columns__gap-default responsive-columns__stack-mobile responsive-columns__content-width-theme overlay-type-color linear\" style=\"text-align:left;border-width:1px;border-style:none;box-shadow:0px 0px 0px 0px undefined \"><div class=\"responsive-columns-inner-wrap responsive-columns-columns-2\" style=\"max-width:100%\">\n<style type=\"text\/css\"> .block-31098e1c-984f-41b6-95ef-29000ea1b633 .skt-blocks-block-column {\n box-shadow: 0px 0px 0px 0px undefined ; }\n .block-31098e1c-984f-41b6-95ef-29000ea1b633 .skt-blocks-block-column:hover {\n box-shadow: 0px 0px 0px 0px #cccccc ; }\n @media only screen and (min-width: 976px){\n .block-31098e1c-984f-41b6-95ef-29000ea1b633 .skt-blocks-block-column{\n padding-top: undefinedpx; padding-bottom: undefinedpx; padding-left: undefinedpx; padding-right: undefinedpx; margin-top: undefinedpx; margin-bottom: undefinedpx; margin-left: undefinedpx; margin-right: undefinedpx; }\n}\n @media only screen and (max-width: 976px){\n .block-31098e1c-984f-41b6-95ef-29000ea1b633 .skt-blocks-block-column{\n padding-top: undefinedpx; padding-bottom: undefinedpx; padding-left: undefinedpx; padding-right: undefinedpx; margin-top: undefinedpx; margin-bottom: undefinedpx; margin-left: undefinedpx; margin-right: undefinedpx; }\n}\n @media only screen and (max-width: 767px){\n .block-31098e1c-984f-41b6-95ef-29000ea1b633 .skt-blocks-block-column{\n padding-top: undefinedpx; padding-bottom: undefinedpx; padding-left: undefinedpx; padding-right: undefinedpx; margin-top: undefinedpx; margin-bottom: undefinedpx; margin-left: undefinedpx; margin-right: undefinedpx; }\n}\n<\/style><div class=\"skt-blocks-advanced-column-child block-31098e1c-984f-41b6-95ef-29000ea1b633\" style=\"width:50%\"><div class=\"responsive-column-wrap skt-blocks-block-column\" style=\"border-width:1px;border-style:none\"><div class=\"responsive-column-inner-wrap overlay-type-color linear\">\n<style type=\"text\/css\"> @media only screen and (min-width: 976px){\n\n.skt-blocks-block-advanced-heading.block-9dd27abe-2bf4-426b-ac56-a1952d7d3e80 .responsive-heading-title-text {\n font-size: 38px !important; margin-bottom: 20px !important; }\n\n.skt-blocks-block-advanced-heading.block-9dd27abe-2bf4-426b-ac56-a1952d7d3e80 .responsive-heading-seperator {\n margin-bottom: 15px !important; }\n\n.skt-blocks-block-advanced-heading.block-9dd27abe-2bf4-426b-ac56-a1952d7d3e80 .responsive-heading-desc-text {\n margin-bottom: 15px !important; }\n}\n @media only screen and (min-width: 768px) and (max-width: 976px){\n\n.skt-blocks-block-advanced-heading.block-9dd27abe-2bf4-426b-ac56-a1952d7d3e80 .responsive-heading-title-text {\n margin-bottom: 15px !important; }\n\n.skt-blocks-block-advanced-heading.block-9dd27abe-2bf4-426b-ac56-a1952d7d3e80 .responsive-heading-seperator {\n margin-bottom: 15px !important; }\n\n.skt-blocks-block-advanced-heading.block-9dd27abe-2bf4-426b-ac56-a1952d7d3e80 .responsive-heading-desc-text {\n margin-bottom: 15px !important; }\n}\n @media only screen and (max-width: 767px){\n .skt-blocks-block-advanced-heading.block-9dd27abe-2bf4-426b-ac56-a1952d7d3e80 .responsive-heading-title-text {\n margin-bottom: 15px !important; }\n .skt-blocks-block-advanced-heading.block-9dd27abe-2bf4-426b-ac56-a1952d7d3e80 .responsive-heading-seperator {\n margin-bottom: 15px !important; }\n .skt-blocks-block-advanced-heading.block-9dd27abe-2bf4-426b-ac56-a1952d7d3e80 .responsive-heading-desc-text {\n margin-bottom: 15px !important; }\n}\n<\/style><style type=\"text\/css\"> @media only screen and (max-width: 976px){\n\n.skt-blocks-block-advanced-heading.block-9dd27abe-2bf4-426b-ac56-a1952d7d3e80 .responsive-heading-title-text {\n font-size: 32px; }\n}\n<\/style><style type=\"text\/css\"> @media only screen and (max-width: 767px){\n .skt-blocks-block-advanced-heading.block-9dd27abe-2bf4-426b-ac56-a1952d7d3e80 .responsive-heading-title-text {\n font-size: 30px; }\n}\n<\/style><style type=\"text\/css\"> @media only screen and (min-width: 976px){\n\n.skt-blocks-block-advanced-heading.block-9dd27abe-2bf4-426b-ac56-a1952d7d3e80 .responsive-heading-desc-text {\n font-size: undefinedpx !important; }\n}\n<\/style><style type=\"text\/css\"> @media only screen and (min-width: 976px){\n .skt-blocks-block-advanced-heading.block-9dd27abe-2bf4-426b-ac56-a1952d7d3e80 {\n text-align: left; }\n}\n @media only screen and (max-width: 976px){\n .skt-blocks-block-advanced-heading.block-9dd27abe-2bf4-426b-ac56-a1952d7d3e80 {\n text-align: left; }\n}\n @media only screen and (max-width: 767px){\n .skt-blocks-block-advanced-heading.block-9dd27abe-2bf4-426b-ac56-a1952d7d3e80 {\n text-align: center; }\n}\n<\/style><div class=\"skt-blocks-block-advanced-heading block-9dd27abe-2bf4-426b-ac56-a1952d7d3e80\"><h2 class=\"responsive-heading-title-text\" style=\"font-family:Assistant;font-weight:700;line-height:1;letter-spacing:0\">Actions \u00e0 caract\u00e8re artistiques et litt\u00e9raire; communication vers les m\u00e9dia; documentation<\/h2><div class=\"responsive-heading-seperator-wrap\"><div class=\"responsive-heading-seperator\" style=\"border-top-style:solid;border-top-width:2px;width:40px;border-color:#6ab43e\"><\/div><\/div><\/div>\n\n\n\n<p><strong>2022<\/strong>:<br>\u2022 OPUR interview\u00e9 par le Journal Christian Science Monitor &#8211; CSMonitor.com<br>\u2022 Conf\u00e9rence invit\u00e9e lors d\u2019une s\u00e9rie de conf\u00e9rence sur l&#8217;eau organis\u00e9e par la Haute \u00e9cole des arts \u00e0 Mulhouse<br>\u2022 Le documentaire pour lequel OPUR a donn\u00e9 une interview et des condenseurs de ros\u00e9e film\u00e9s \u00e0 Paris est en ligne : <a href=\"https:\/\/youtu.be\/ZyC_9gFn3oM\">https:\/\/youtu.be\/ZyC_9gFn3oM<\/a><br>\u2022 Interview au journal The Korea Times: \u201cDew, a long-ignored alternative source of fresh water\u201d<\/p>\n\n\n\n<p><strong>2021<\/strong>:<br>\u2022 Notre Pr\u00e9sident a \u00e9t\u00e9 invit\u00e9 \u00e0 la conf\u00e9rence \u00ab L&#8217;eau \u00bb organis\u00e9e par l&#8217;O.N.G. \u00ab Volubilis \u00bb. La conf\u00e9rence a dur\u00e9 trois jours \u00e0 Avignon (France) et une table ronde sp\u00e9ciale a \u00e9t\u00e9 organis\u00e9e sur la collecte de brouillard et de ros\u00e9e.<br>\u2022 Interview de notre Pr\u00e9sident par le Journal \u201cScience et Vie\u201d concernant l\u2019eau de ros\u00e9e.<br>\u2022 OPUR collabore avec Pierre-Jean Giloux \u00e0 un projet de film en Inde (Madurai) concernant les condenseurs de ros\u00e9e.<\/p>\n\n\n\n<p><\/p>\n\n\n\n<p><\/p>\n<\/div><\/div><\/div>\n\n\n\n<style type=\"text\/css\"> .block-a25dcb43-013e-424a-b729-257fba2392f3 .skt-blocks-block-column {\n box-shadow: 0px 0px 0px 0px undefined ; }\n .block-a25dcb43-013e-424a-b729-257fba2392f3 .skt-blocks-block-column:hover {\n box-shadow: 0px 0px 0px 0px #cccccc ; }\n @media only screen and (min-width: 976px){\n .block-a25dcb43-013e-424a-b729-257fba2392f3 .skt-blocks-block-column{\n padding-top: undefinedpx; padding-bottom: undefinedpx; padding-left: 50px; padding-right: undefinedpx; margin-top: undefinedpx; margin-bottom: undefinedpx; margin-left: undefinedpx; margin-right: undefinedpx; }\n}\n @media only screen and (max-width: 976px){\n .block-a25dcb43-013e-424a-b729-257fba2392f3 .skt-blocks-block-column{\n padding-top: undefinedpx; padding-bottom: undefinedpx; padding-left: undefinedpx; padding-right: undefinedpx; margin-top: undefinedpx; margin-bottom: undefinedpx; margin-left: undefinedpx; margin-right: undefinedpx; }\n}\n @media only screen and (max-width: 767px){\n .block-a25dcb43-013e-424a-b729-257fba2392f3 .skt-blocks-block-column{\n padding-top: 40px; padding-bottom: undefinedpx; padding-left: undefinedpx; padding-right: undefinedpx; margin-top: undefinedpx; margin-bottom: undefinedpx; margin-left: undefinedpx; margin-right: undefinedpx; }\n}\n<\/style><div class=\"skt-blocks-advanced-column-child block-a25dcb43-013e-424a-b729-257fba2392f3\" style=\"width:50%\"><div class=\"responsive-column-wrap skt-blocks-block-column\" style=\"border-width:1px;border-style:none\"><div class=\"responsive-column-inner-wrap overlay-type-color linear\"><div class=\"wp-block-image\">\n<figure class=\"alignleft size-full\"><img decoding=\"async\" loading=\"lazy\" width=\"639\" height=\"425\" src=\"https:\/\/www.opur.cloud\/wp-content\/uploads\/2023\/09\/monaco-ko1.jpeg\" alt=\"\" class=\"wp-image-983\" srcset=\"https:\/\/www.opur.cloud\/wp-content\/uploads\/2023\/09\/monaco-ko1.jpeg 639w, https:\/\/www.opur.cloud\/wp-content\/uploads\/2023\/09\/monaco-ko1-300x200.jpeg 300w\" sizes=\"(max-width: 639px) 100vw, 639px\" \/><figcaption class=\"wp-element-caption\">Coralie avec le Prince Albert devant son oeuvre<\/figcaption><\/figure><\/div>\n\n<div class=\"wp-block-image\">\n<figure class=\"alignleft size-full\"><img decoding=\"async\" loading=\"lazy\" width=\"518\" height=\"389\" src=\"https:\/\/www.opur.cloud\/wp-content\/uploads\/2023\/09\/chateau-laval.jpg\" alt=\"\" class=\"wp-image-1021\" srcset=\"https:\/\/www.opur.cloud\/wp-content\/uploads\/2023\/09\/chateau-laval.jpg 518w, https:\/\/www.opur.cloud\/wp-content\/uploads\/2023\/09\/chateau-laval-300x225.jpg 300w\" sizes=\"(max-width: 518px) 100vw, 518px\" \/><figcaption class=\"wp-element-caption\">R\u00e9alisation d OPUR au ch\u00e2teau de Lacroix Laval<\/figcaption><\/figure><\/div>\n\n<div class=\"wp-block-image\">\n<figure class=\"alignleft size-full\"><img decoding=\"async\" loading=\"lazy\" width=\"162\" height=\"180\" src=\"https:\/\/www.opur.cloud\/wp-content\/uploads\/2023\/09\/ruiz-oeil.jpg\" alt=\"\" class=\"wp-image-1022\"\/><figcaption class=\"wp-element-caption\">Peinture de ros\u00e9e de J.\u2013P. Ruiz<\/figcaption><\/figure><\/div><\/div><\/div><\/div>\n<\/div><\/div><\/div><\/div>\n<\/div><\/section><\/div>\n","protected":false},"excerpt":{"rendered":"","protected":false},"author":1,"featured_media":0,"parent":0,"menu_order":0,"comment_status":"closed","ping_status":"closed","template":"templates\/page-builder.php","meta":{"footnotes":""},"featured_image_src":false,"featured_image_src_square":false,"rbea_author_info":{"display_name":"admin","author_link":"https:\/\/www.opur.cloud\/index.php\/author\/admin\/"},"rbea_excerpt_info":null,"_links":{"self":[{"href":"https:\/\/www.opur.cloud\/index.php\/wp-json\/wp\/v2\/pages\/1144"}],"collection":[{"href":"https:\/\/www.opur.cloud\/index.php\/wp-json\/wp\/v2\/pages"}],"about":[{"href":"https:\/\/www.opur.cloud\/index.php\/wp-json\/wp\/v2\/types\/page"}],"author":[{"embeddable":true,"href":"https:\/\/www.opur.cloud\/index.php\/wp-json\/wp\/v2\/users\/1"}],"replies":[{"embeddable":true,"href":"https:\/\/www.opur.cloud\/index.php\/wp-json\/wp\/v2\/comments?post=1144"}],"version-history":[{"count":7,"href":"https:\/\/www.opur.cloud\/index.php\/wp-json\/wp\/v2\/pages\/1144\/revisions"}],"predecessor-version":[{"id":1287,"href":"https:\/\/www.opur.cloud\/index.php\/wp-json\/wp\/v2\/pages\/1144\/revisions\/1287"}],"wp:attachment":[{"href":"https:\/\/www.opur.cloud\/index.php\/wp-json\/wp\/v2\/media?parent=1144"}],"curies":[{"name":"wp","href":"https:\/\/api.w.org\/{rel}","templated":true}]}}