{"id":1189,"date":"2023-10-05T12:41:07","date_gmt":"2023-10-05T12:41:07","guid":{"rendered":"https:\/\/www.opur.cloud\/?page_id=1189"},"modified":"2023-10-05T12:41:08","modified_gmt":"2023-10-05T12:41:08","slug":"objetivos-de-opur","status":"publish","type":"page","link":"https:\/\/www.opur.cloud\/index.php\/es\/objetivos-de-opur\/","title":{"rendered":"Objetivos de OPUR"},"content":{"rendered":"\n<div class=\"wp-block-skt-blocks-section gbnature-section-4 skt-blocks-block-section-outer-wrap block-2d8828fc-8dcd-405b-abaf-18ce96cf5ae8 background-type-color alignundefined\" style=\"z-index:1;max-width:;margin-left:;margin-right:\"><style type=\"text\/css\"> @media only screen and (max-width: 976px){\n .block-2d8828fc-8dcd-405b-abaf-18ce96cf5ae8 .skt-blocks-block-section{\n margin-top: 0px; margin-bottom: 0px; margin-left: 0px; margin-right: 0px; padding-top: 40px; padding-bottom: 40px; padding-left: 10px; padding-right: 10px; }\n}\n @media only screen and (max-width: 767px){\n .block-2d8828fc-8dcd-405b-abaf-18ce96cf5ae8 .skt-blocks-block-section{\n margin-top: 0px; margin-bottom: 0px; margin-left: 0px; margin-right: 0px; padding-top: 40px; padding-bottom: 40px; padding-left: 10px; padding-right: 10px; }\n}\n @media only screen and (min-width: 976px){\n .block-2d8828fc-8dcd-405b-abaf-18ce96cf5ae8 .skt-blocks-block-section{\n margin-top: 0px; margin-bottom: 0px; margin-left: 0px; margin-right: 0px; padding-top: 80px; padding-bottom: 80px; padding-left: 0px; padding-right: 0px; }\n}\n .block-2d8828fc-8dcd-405b-abaf-18ce96cf5ae8.skt-blocks-block-section-outer-wrap.background-type-image{\n background-image: linear-gradient(rgba(255, 255, 255, 1),rgba(255, 255, 255, 1)),url(undefined); background-position: center-center; background-attachment: scroll; background-repeat: no-repeat; background-size: cover; border-radius: 0px; }\n .block-2d8828fc-8dcd-405b-abaf-18ce96cf5ae8.skt-blocks-block-section-outer-wrap.background-type-image .skt-blocks-block-section.overlay-type-color{\n background-color: rgba(255, 255, 255, 1); }\n .block-2d8828fc-8dcd-405b-abaf-18ce96cf5ae8.skt-blocks-block-section-outer-wrap.background-type-image .skt-blocks-block-section.overlay-type-gradient.linear{\n background-image: linear-gradient(0deg, rgba(255, 255, 255, 1) 0%, rgba(255, 255, 255, 1) 100%); }\n .block-2d8828fc-8dcd-405b-abaf-18ce96cf5ae8.skt-blocks-block-section-outer-wrap.background-type-image .skt-blocks-block-section.overlay-type-gradient.radial{\n background-image: radial-gradient( at center center, rgba(255, 255, 255, 1) 0%, rgba(255, 255, 255, 1) 100%); }\n .block-2d8828fc-8dcd-405b-abaf-18ce96cf5ae8.background-type-video .skt-blocks-block-section {\n background-color: rgba(255, 255, 255, 1); }\n<\/style><style type=\"text\/css\"> .block-2d8828fc-8dcd-405b-abaf-18ce96cf5ae8 .responsive-section-inner-wrap {\n max-width : 100%; }\n @media only screen and (min-width: 976px){\n .block-2d8828fc-8dcd-405b-abaf-18ce96cf5ae8 .responsive-section-inner-wrap, .page.page-template-gutenberg-fullwidth .block-2d8828fc-8dcd-405b-abaf-18ce96cf5ae8.alignfull .responsive-section-inner-wrap {\n max-width : 1140px !important; }\n}\n @media only screen and (max-width: 976px){\n .block-2d8828fc-8dcd-405b-abaf-18ce96cf5ae8 .responsive-section-inner-wrap, .page.page-template-gutenberg-fullwidth .block-2d8828fc-8dcd-405b-abaf-18ce96cf5ae8.alignfull .responsive-section-inner-wrap {\n max-width : 1140px !important; }\n}\n @media only screen and (max-width: 767px){\n .block-2d8828fc-8dcd-405b-abaf-18ce96cf5ae8 .responsive-section-inner-wrap, .page.page-template-gutenberg-fullwidth .block-2d8828fc-8dcd-405b-abaf-18ce96cf5ae8.alignfull .responsive-section-inner-wrap {\n max-width : 1140px !important; }\n}\n<\/style><section class=\"responsive-section-wrap skt-blocks-block-section overlay-type-color linear\" style=\"border-width:1px;border-style:none;border-radius:0;background-color:rgba(255, 255, 255, 1);box-shadow:0px 0px 0px 0px undefined \"><div class=\"responsive-section-inner-wrap\" style=\"z-index:1\">\n<style type=\"text\/css\"> .block-4b27a643-68fc-4318-a71a-1f5d0e426d13 .skt-blocks-block-columns.overlay-type-color{\n background-color: rgba(255, 255, 255, 0); }\n .block-4b27a643-68fc-4318-a71a-1f5d0e426d13 .skt-blocks-block-columns.overlay-type-gradient.linear{\n background-image: linear-gradient(0deg, rgba(255, 255, 255, 0) 0%, rgba(255, 255, 255, 0) 100%); }\n .block-4b27a643-68fc-4318-a71a-1f5d0e426d13 .skt-blocks-block-columns.overlay-type-gradient.radial{\n background-image: radial-gradient( at center center, rgba(255, 255, 255, 0) 0%, rgba(255, 255, 255, 0) 100%); }\n .block-4b27a643-68fc-4318-a71a-1f5d0e426d13 .skt-blocks-block-column{\n min-height: ; align-items: flex-start; }\n @media only screen and (min-width: 976px){\n .block-4b27a643-68fc-4318-a71a-1f5d0e426d13 .skt-blocks-block-columns{\n padding-top: 10px; padding-bottom: 10px; padding-left: 10px; padding-right: 10px; margin-top: 0px; margin-bottom: 0px; }\n}\n @media only screen and (max-width: 976px){\n .block-4b27a643-68fc-4318-a71a-1f5d0e426d13 .skt-blocks-block-columns{\n padding-top: undefinedpx; padding-bottom: undefinedpx; padding-left: undefinedpx; padding-right: undefinedpx; margin-top: undefinedpx; margin-bottom: undefinedpx; }\n}\n @media only screen and (max-width: 767px){\n .block-4b27a643-68fc-4318-a71a-1f5d0e426d13 .skt-blocks-block-columns{\n padding-top: undefinedpx; padding-bottom: undefinedpx; padding-left: undefinedpx; padding-right: undefinedpx; margin-top: undefinedpx; margin-bottom: undefinedpx; }\n}\n<\/style><div class=\"block-4b27a643-68fc-4318-a71a-1f5d0e426d13 skt-blocks-advanced-column-outer-wrap undefined\" style=\"z-index:1\"><div class=\"skt-blocks-advanced-column alignundefined\"><div class=\"responsive-columns-wrap skt-blocks-block-columns responsive-columns__gap-default responsive-columns__stack-mobile responsive-columns__content-width-theme overlay-type-color linear\" style=\"text-align:left;border-width:1px;border-style:none;box-shadow:0px 0px 0px 0px undefined \"><div class=\"responsive-columns-inner-wrap responsive-columns-columns-2\" style=\"max-width:100%\">\n<style type=\"text\/css\"> .block-2dd4909a-0dd3-4339-a80e-59ee8d7beda4 .skt-blocks-block-column {\n box-shadow: 0px 0px 0px 0px undefined ; }\n .block-2dd4909a-0dd3-4339-a80e-59ee8d7beda4 .skt-blocks-block-column:hover {\n box-shadow: 0px 0px 0px 0px #cccccc ; }\n @media only screen and (min-width: 976px){\n .block-2dd4909a-0dd3-4339-a80e-59ee8d7beda4 .skt-blocks-block-column{\n padding-top: undefinedpx; padding-bottom: undefinedpx; padding-left: undefinedpx; padding-right: undefinedpx; margin-top: undefinedpx; margin-bottom: undefinedpx; margin-left: undefinedpx; margin-right: undefinedpx; }\n}\n @media only screen and (max-width: 976px){\n .block-2dd4909a-0dd3-4339-a80e-59ee8d7beda4 .skt-blocks-block-column{\n padding-top: undefinedpx; padding-bottom: undefinedpx; padding-left: undefinedpx; padding-right: undefinedpx; margin-top: undefinedpx; margin-bottom: undefinedpx; margin-left: undefinedpx; margin-right: undefinedpx; }\n}\n @media only screen and (max-width: 767px){\n .block-2dd4909a-0dd3-4339-a80e-59ee8d7beda4 .skt-blocks-block-column{\n padding-top: undefinedpx; padding-bottom: undefinedpx; padding-left: undefinedpx; padding-right: undefinedpx; margin-top: undefinedpx; margin-bottom: undefinedpx; margin-left: undefinedpx; margin-right: undefinedpx; }\n}\n<\/style><div class=\"skt-blocks-advanced-column-child block-2dd4909a-0dd3-4339-a80e-59ee8d7beda4\" style=\"width:50%\"><div class=\"responsive-column-wrap skt-blocks-block-column\" style=\"border-width:1px;border-style:none\"><div class=\"responsive-column-inner-wrap overlay-type-color linear\">\n<style type=\"text\/css\"> @media only screen and (min-width: 976px){\n\n.skt-blocks-block-advanced-heading.block-939ab8ea-0329-41ea-8c8d-0f42ce11ff68 .responsive-heading-title-text {\n font-size: 38px !important; margin-bottom: 20px !important; }\n\n.skt-blocks-block-advanced-heading.block-939ab8ea-0329-41ea-8c8d-0f42ce11ff68 .responsive-heading-seperator {\n margin-bottom: 15px !important; }\n\n.skt-blocks-block-advanced-heading.block-939ab8ea-0329-41ea-8c8d-0f42ce11ff68 .responsive-heading-desc-text {\n margin-bottom: 15px !important; }\n}\n @media only screen and (min-width: 768px) and (max-width: 976px){\n\n.skt-blocks-block-advanced-heading.block-939ab8ea-0329-41ea-8c8d-0f42ce11ff68 .responsive-heading-title-text {\n margin-bottom: 15px !important; }\n\n.skt-blocks-block-advanced-heading.block-939ab8ea-0329-41ea-8c8d-0f42ce11ff68 .responsive-heading-seperator {\n margin-bottom: 15px !important; }\n\n.skt-blocks-block-advanced-heading.block-939ab8ea-0329-41ea-8c8d-0f42ce11ff68 .responsive-heading-desc-text {\n margin-bottom: 15px !important; }\n}\n @media only screen and (max-width: 767px){\n .skt-blocks-block-advanced-heading.block-939ab8ea-0329-41ea-8c8d-0f42ce11ff68 .responsive-heading-title-text {\n margin-bottom: 15px !important; }\n .skt-blocks-block-advanced-heading.block-939ab8ea-0329-41ea-8c8d-0f42ce11ff68 .responsive-heading-seperator {\n margin-bottom: 15px !important; }\n .skt-blocks-block-advanced-heading.block-939ab8ea-0329-41ea-8c8d-0f42ce11ff68 .responsive-heading-desc-text {\n margin-bottom: 15px !important; }\n}\n<\/style><style type=\"text\/css\"> @media only screen and (max-width: 976px){\n\n.skt-blocks-block-advanced-heading.block-939ab8ea-0329-41ea-8c8d-0f42ce11ff68 .responsive-heading-title-text {\n font-size: 32px; }\n}\n<\/style><style type=\"text\/css\"> @media only screen and (max-width: 767px){\n .skt-blocks-block-advanced-heading.block-939ab8ea-0329-41ea-8c8d-0f42ce11ff68 .responsive-heading-title-text {\n font-size: 30px; }\n}\n<\/style><style type=\"text\/css\"> @media only screen and (min-width: 976px){\n\n.skt-blocks-block-advanced-heading.block-939ab8ea-0329-41ea-8c8d-0f42ce11ff68 .responsive-heading-desc-text {\n font-size: undefinedpx !important; }\n}\n<\/style><style type=\"text\/css\"> @media only screen and (min-width: 976px){\n .skt-blocks-block-advanced-heading.block-939ab8ea-0329-41ea-8c8d-0f42ce11ff68 {\n text-align: left; }\n}\n @media only screen and (max-width: 976px){\n .skt-blocks-block-advanced-heading.block-939ab8ea-0329-41ea-8c8d-0f42ce11ff68 {\n text-align: left; }\n}\n @media only screen and (max-width: 767px){\n .skt-blocks-block-advanced-heading.block-939ab8ea-0329-41ea-8c8d-0f42ce11ff68 {\n text-align: center; }\n}\n<\/style><div class=\"skt-blocks-block-advanced-heading block-939ab8ea-0329-41ea-8c8d-0f42ce11ff68\"><h2 class=\"responsive-heading-title-text\" style=\"font-family:Assistant;font-weight:700;line-height:1;letter-spacing:0\">Objetivos de OPUR<\/h2><div class=\"responsive-heading-seperator-wrap\"><div class=\"responsive-heading-seperator\" style=\"border-top-style:solid;border-top-width:2px;width:40px;border-color:#6ab43e\"><\/div><\/div><\/div>\n\n\n\n<p>La Asociaci\u00f3n tiene por objeto promover y apoyar las acciones cient\u00edficas, t\u00e9cnicas, art\u00edsticas y literarias relacionadas con la formaci\u00f3n y la recuperaci\u00f3n de roc\u00edo atmosf\u00e9rico como una alternativa de abastecimiento de agua.<br>La Asociaci\u00f3n trabaja en compa\u00f1ia de diferentes centros cient\u00edficos y art\u00edsticos de alto prestigio.<br>La Asociaci\u00f3n tiene sus corresponsales en el extranjero que forman parte de diversas organizaciones internacionales de investigaci\u00f3n.<\/p>\n\n\n\n<p>La Asociaci\u00f3n se propone lograr estos objetivos, incluyendo:<\/p>\n\n\n\n<ul>\n<li>la subvenci\u00f3n y la coordinaci\u00f3n de todos los proyectos relacionados con la producci\u00f3n de agua alternativa<\/li>\n\n\n\n<li>la cooperaci\u00f3n con los pa\u00edses o regiones que sufren o pueden sufrir de escasez de agua pura (regiones \u00e1ridas, islas \u2026)<\/li>\n\n\n\n<li>la comunicaci\u00f3n con los medios de difusi\u00f3n<br>-la creaci\u00f3n de un centro de documentos<\/li>\n\n\n\n<li>el apoyo a las actividades cient\u00edficas y educativas relacionadas con el roc\u00edo, en los colegios, liceos y universidades.<\/li>\n<\/ul>\n<\/div><\/div><\/div>\n\n\n\n<style type=\"text\/css\"> .block-52c99739-6e63-488a-bebd-6ca6e5621fdf .skt-blocks-block-column {\n box-shadow: 0px 0px 0px 0px undefined ; }\n .block-52c99739-6e63-488a-bebd-6ca6e5621fdf .skt-blocks-block-column:hover {\n box-shadow: 0px 0px 0px 0px #cccccc ; }\n @media only screen and (min-width: 976px){\n .block-52c99739-6e63-488a-bebd-6ca6e5621fdf .skt-blocks-block-column{\n padding-top: undefinedpx; padding-bottom: undefinedpx; padding-left: 50px; padding-right: undefinedpx; margin-top: undefinedpx; margin-bottom: undefinedpx; margin-left: undefinedpx; margin-right: undefinedpx; }\n}\n @media only screen and (max-width: 976px){\n .block-52c99739-6e63-488a-bebd-6ca6e5621fdf .skt-blocks-block-column{\n padding-top: undefinedpx; padding-bottom: undefinedpx; padding-left: undefinedpx; padding-right: undefinedpx; margin-top: undefinedpx; margin-bottom: undefinedpx; margin-left: undefinedpx; margin-right: undefinedpx; }\n}\n @media only screen and (max-width: 767px){\n .block-52c99739-6e63-488a-bebd-6ca6e5621fdf .skt-blocks-block-column{\n padding-top: 40px; padding-bottom: undefinedpx; padding-left: undefinedpx; padding-right: undefinedpx; margin-top: undefinedpx; margin-bottom: undefinedpx; margin-left: undefinedpx; margin-right: undefinedpx; }\n}\n<\/style><div class=\"skt-blocks-advanced-column-child block-52c99739-6e63-488a-bebd-6ca6e5621fdf\" style=\"width:50%\"><div class=\"responsive-column-wrap skt-blocks-block-column\" style=\"border-width:1px;border-style:none\"><div class=\"responsive-column-inner-wrap overlay-type-color linear\"><div class=\"wp-block-image\">\n<figure class=\"alignleft size-full\"><img decoding=\"async\" loading=\"lazy\" width=\"289\" height=\"272\" src=\"https:\/\/www.opur.cloud\/wp-content\/uploads\/2023\/09\/main-rosee.gif\" alt=\"\" class=\"wp-image-1027\"\/><\/figure><\/div>\n\n<div class=\"wp-block-image\">\n<figure class=\"alignleft size-full\"><img decoding=\"async\" loading=\"lazy\" width=\"330\" height=\"203\" src=\"https:\/\/www.opur.cloud\/wp-content\/uploads\/2023\/09\/cactus.gif\" alt=\"\" class=\"wp-image-1026\"\/><\/figure><\/div><\/div><\/div><\/div>\n<\/div><\/div><\/div><\/div>\n<\/div><\/section><\/div>\n","protected":false},"excerpt":{"rendered":"","protected":false},"author":1,"featured_media":0,"parent":0,"menu_order":0,"comment_status":"closed","ping_status":"closed","template":"templates\/page-builder.php","meta":{"footnotes":""},"featured_image_src":false,"featured_image_src_square":false,"rbea_author_info":{"display_name":"admin","author_link":"https:\/\/www.opur.cloud\/index.php\/author\/admin\/"},"rbea_excerpt_info":null,"_links":{"self":[{"href":"https:\/\/www.opur.cloud\/index.php\/wp-json\/wp\/v2\/pages\/1189"}],"collection":[{"href":"https:\/\/www.opur.cloud\/index.php\/wp-json\/wp\/v2\/pages"}],"about":[{"href":"https:\/\/www.opur.cloud\/index.php\/wp-json\/wp\/v2\/types\/page"}],"author":[{"embeddable":true,"href":"https:\/\/www.opur.cloud\/index.php\/wp-json\/wp\/v2\/users\/1"}],"replies":[{"embeddable":true,"href":"https:\/\/www.opur.cloud\/index.php\/wp-json\/wp\/v2\/comments?post=1189"}],"version-history":[{"count":2,"href":"https:\/\/www.opur.cloud\/index.php\/wp-json\/wp\/v2\/pages\/1189\/revisions"}],"predecessor-version":[{"id":1191,"href":"https:\/\/www.opur.cloud\/index.php\/wp-json\/wp\/v2\/pages\/1189\/revisions\/1191"}],"wp:attachment":[{"href":"https:\/\/www.opur.cloud\/index.php\/wp-json\/wp\/v2\/media?parent=1189"}],"curies":[{"name":"wp","href":"https:\/\/api.w.org\/{rel}","templated":true}]}}