{"id":1192,"date":"2023-10-05T12:44:19","date_gmt":"2023-10-05T12:44:19","guid":{"rendered":"https:\/\/www.opur.cloud\/?page_id=1192"},"modified":"2023-10-19T10:15:57","modified_gmt":"2023-10-19T10:15:57","slug":"actividades-cientificas","status":"publish","type":"page","link":"https:\/\/www.opur.cloud\/index.php\/es\/actividades-cientificas\/","title":{"rendered":"Actividades cient\u00edficas"},"content":{"rendered":"\n<div class=\"wp-block-skt-blocks-section gbnature-section-4 skt-blocks-block-section-outer-wrap block-86f52e7e-b6f1-4d2e-8307-8d098f56e4ed background-type-color alignundefined\" style=\"z-index:1;max-width:;margin-left:;margin-right:\"><style type=\"text\/css\"> @media only screen and (max-width: 976px){\n .block-86f52e7e-b6f1-4d2e-8307-8d098f56e4ed .skt-blocks-block-section{\n margin-top: 0px; margin-bottom: 0px; margin-left: 0px; margin-right: 0px; padding-top: 40px; padding-bottom: 40px; padding-left: 10px; padding-right: 10px; }\n}\n @media only screen and (max-width: 767px){\n .block-86f52e7e-b6f1-4d2e-8307-8d098f56e4ed .skt-blocks-block-section{\n margin-top: 0px; margin-bottom: 0px; margin-left: 0px; margin-right: 0px; padding-top: 40px; padding-bottom: 40px; padding-left: 10px; padding-right: 10px; }\n}\n @media only screen and (min-width: 976px){\n .block-86f52e7e-b6f1-4d2e-8307-8d098f56e4ed .skt-blocks-block-section{\n margin-top: 0px; margin-bottom: 0px; margin-left: 0px; margin-right: 0px; padding-top: 80px; padding-bottom: 80px; padding-left: 0px; padding-right: 0px; }\n}\n .block-86f52e7e-b6f1-4d2e-8307-8d098f56e4ed.skt-blocks-block-section-outer-wrap.background-type-image{\n background-image: linear-gradient(rgba(255, 255, 255, 1),rgba(255, 255, 255, 1)),url(undefined); background-position: center-center; background-attachment: scroll; background-repeat: no-repeat; background-size: cover; border-radius: 0px; }\n .block-86f52e7e-b6f1-4d2e-8307-8d098f56e4ed.skt-blocks-block-section-outer-wrap.background-type-image .skt-blocks-block-section.overlay-type-color{\n background-color: rgba(255, 255, 255, 1); }\n .block-86f52e7e-b6f1-4d2e-8307-8d098f56e4ed.skt-blocks-block-section-outer-wrap.background-type-image .skt-blocks-block-section.overlay-type-gradient.linear{\n background-image: linear-gradient(0deg, rgba(255, 255, 255, 1) 0%, rgba(255, 255, 255, 1) 100%); }\n .block-86f52e7e-b6f1-4d2e-8307-8d098f56e4ed.skt-blocks-block-section-outer-wrap.background-type-image .skt-blocks-block-section.overlay-type-gradient.radial{\n background-image: radial-gradient( at center center, rgba(255, 255, 255, 1) 0%, rgba(255, 255, 255, 1) 100%); }\n .block-86f52e7e-b6f1-4d2e-8307-8d098f56e4ed.background-type-video .skt-blocks-block-section {\n background-color: rgba(255, 255, 255, 1); }\n<\/style><style type=\"text\/css\"> .block-86f52e7e-b6f1-4d2e-8307-8d098f56e4ed .responsive-section-inner-wrap {\n max-width : 100%; }\n @media only screen and (min-width: 976px){\n .block-86f52e7e-b6f1-4d2e-8307-8d098f56e4ed .responsive-section-inner-wrap, .page.page-template-gutenberg-fullwidth .block-86f52e7e-b6f1-4d2e-8307-8d098f56e4ed.alignfull .responsive-section-inner-wrap {\n max-width : 1140px !important; }\n}\n @media only screen and (max-width: 976px){\n .block-86f52e7e-b6f1-4d2e-8307-8d098f56e4ed .responsive-section-inner-wrap, .page.page-template-gutenberg-fullwidth .block-86f52e7e-b6f1-4d2e-8307-8d098f56e4ed.alignfull .responsive-section-inner-wrap {\n max-width : 1140px !important; }\n}\n @media only screen and (max-width: 767px){\n .block-86f52e7e-b6f1-4d2e-8307-8d098f56e4ed .responsive-section-inner-wrap, .page.page-template-gutenberg-fullwidth .block-86f52e7e-b6f1-4d2e-8307-8d098f56e4ed.alignfull .responsive-section-inner-wrap {\n max-width : 1140px !important; }\n}\n<\/style><section class=\"responsive-section-wrap skt-blocks-block-section overlay-type-color linear\" style=\"border-width:1px;border-style:none;border-radius:0;background-color:rgba(255, 255, 255, 1);box-shadow:0px 0px 0px 0px undefined \"><div class=\"responsive-section-inner-wrap\" style=\"z-index:1\">\n<style type=\"text\/css\"> .block-192c58f9-aa23-4357-be3f-224c22869567 .skt-blocks-block-columns.overlay-type-color{\n background-color: rgba(255, 255, 255, 0); }\n .block-192c58f9-aa23-4357-be3f-224c22869567 .skt-blocks-block-columns.overlay-type-gradient.linear{\n background-image: linear-gradient(0deg, rgba(255, 255, 255, 0) 0%, rgba(255, 255, 255, 0) 100%); }\n .block-192c58f9-aa23-4357-be3f-224c22869567 .skt-blocks-block-columns.overlay-type-gradient.radial{\n background-image: radial-gradient( at center center, rgba(255, 255, 255, 0) 0%, rgba(255, 255, 255, 0) 100%); }\n .block-192c58f9-aa23-4357-be3f-224c22869567 .skt-blocks-block-column{\n min-height: ; align-items: flex-start; }\n @media only screen and (min-width: 976px){\n .block-192c58f9-aa23-4357-be3f-224c22869567 .skt-blocks-block-columns{\n padding-top: 10px; padding-bottom: 10px; padding-left: 10px; padding-right: 10px; margin-top: 0px; margin-bottom: 0px; }\n}\n @media only screen and (max-width: 976px){\n .block-192c58f9-aa23-4357-be3f-224c22869567 .skt-blocks-block-columns{\n padding-top: undefinedpx; padding-bottom: undefinedpx; padding-left: undefinedpx; padding-right: undefinedpx; margin-top: undefinedpx; margin-bottom: undefinedpx; }\n}\n @media only screen and (max-width: 767px){\n .block-192c58f9-aa23-4357-be3f-224c22869567 .skt-blocks-block-columns{\n padding-top: undefinedpx; padding-bottom: undefinedpx; padding-left: undefinedpx; padding-right: undefinedpx; margin-top: undefinedpx; margin-bottom: undefinedpx; }\n}\n<\/style><div class=\"block-192c58f9-aa23-4357-be3f-224c22869567 skt-blocks-advanced-column-outer-wrap undefined\" style=\"z-index:1\"><div class=\"skt-blocks-advanced-column alignundefined\"><div class=\"responsive-columns-wrap skt-blocks-block-columns responsive-columns__gap-default responsive-columns__stack-mobile responsive-columns__content-width-theme overlay-type-color linear\" style=\"text-align:left;border-width:1px;border-style:none;box-shadow:0px 0px 0px 0px undefined \"><div class=\"responsive-columns-inner-wrap responsive-columns-columns-2\" style=\"max-width:100%\">\n<style type=\"text\/css\"> .block-56010b36-b4ca-4c75-b63e-57ac8125ea3c .skt-blocks-block-column {\n box-shadow: 0px 0px 0px 0px undefined ; }\n .block-56010b36-b4ca-4c75-b63e-57ac8125ea3c .skt-blocks-block-column:hover {\n box-shadow: 0px 0px 0px 0px #cccccc ; }\n @media only screen and (min-width: 976px){\n .block-56010b36-b4ca-4c75-b63e-57ac8125ea3c .skt-blocks-block-column{\n padding-top: undefinedpx; padding-bottom: undefinedpx; padding-left: undefinedpx; padding-right: undefinedpx; margin-top: undefinedpx; margin-bottom: undefinedpx; margin-left: undefinedpx; margin-right: undefinedpx; }\n}\n @media only screen and (max-width: 976px){\n .block-56010b36-b4ca-4c75-b63e-57ac8125ea3c .skt-blocks-block-column{\n padding-top: undefinedpx; padding-bottom: undefinedpx; padding-left: undefinedpx; padding-right: undefinedpx; margin-top: undefinedpx; margin-bottom: undefinedpx; margin-left: undefinedpx; margin-right: undefinedpx; }\n}\n @media only screen and (max-width: 767px){\n .block-56010b36-b4ca-4c75-b63e-57ac8125ea3c .skt-blocks-block-column{\n padding-top: undefinedpx; padding-bottom: undefinedpx; padding-left: undefinedpx; padding-right: undefinedpx; margin-top: undefinedpx; margin-bottom: undefinedpx; margin-left: undefinedpx; margin-right: undefinedpx; }\n}\n<\/style><div class=\"skt-blocks-advanced-column-child block-56010b36-b4ca-4c75-b63e-57ac8125ea3c\" style=\"width:50%\"><div class=\"responsive-column-wrap skt-blocks-block-column\" style=\"border-width:1px;border-style:none\"><div class=\"responsive-column-inner-wrap overlay-type-color linear\">\n<p>Con el apoyo de la Comisi\u00f3n de Energ\u00eda At\u00f3mica (CEA), el Centro Nacional de Investigaci\u00f3n Cient\u00edfica (CNRS), el Instituto de Investigaciones para el Desarrollo (IRD),<br>l&#8217;Ecole Sup\u00e9rieure de Physique et Chimie Industrielles de la ville de Paris (ESPCI)<br>y la Universidad de C\u00f3rcegae<\/p>\n\n\n\n<style type=\"text\/css\"> @media only screen and (min-width: 976px){\n\n.skt-blocks-block-advanced-heading.block-4968a9fd-037a-4a5d-9091-7ec51c9f378b .responsive-heading-title-text {\n font-size: 38px !important; margin-bottom: 20px !important; }\n\n.skt-blocks-block-advanced-heading.block-4968a9fd-037a-4a5d-9091-7ec51c9f378b .responsive-heading-seperator {\n margin-bottom: 15px !important; }\n\n.skt-blocks-block-advanced-heading.block-4968a9fd-037a-4a5d-9091-7ec51c9f378b .responsive-heading-desc-text {\n margin-bottom: 15px !important; }\n}\n @media only screen and (min-width: 768px) and (max-width: 976px){\n\n.skt-blocks-block-advanced-heading.block-4968a9fd-037a-4a5d-9091-7ec51c9f378b .responsive-heading-title-text {\n margin-bottom: 15px !important; }\n\n.skt-blocks-block-advanced-heading.block-4968a9fd-037a-4a5d-9091-7ec51c9f378b .responsive-heading-seperator {\n margin-bottom: 15px !important; }\n\n.skt-blocks-block-advanced-heading.block-4968a9fd-037a-4a5d-9091-7ec51c9f378b .responsive-heading-desc-text {\n margin-bottom: 15px !important; }\n}\n @media only screen and (max-width: 767px){\n .skt-blocks-block-advanced-heading.block-4968a9fd-037a-4a5d-9091-7ec51c9f378b .responsive-heading-title-text {\n margin-bottom: 15px !important; }\n .skt-blocks-block-advanced-heading.block-4968a9fd-037a-4a5d-9091-7ec51c9f378b .responsive-heading-seperator {\n margin-bottom: 15px !important; }\n .skt-blocks-block-advanced-heading.block-4968a9fd-037a-4a5d-9091-7ec51c9f378b .responsive-heading-desc-text {\n margin-bottom: 15px !important; }\n}\n<\/style><style type=\"text\/css\"> @media only screen and (max-width: 976px){\n\n.skt-blocks-block-advanced-heading.block-4968a9fd-037a-4a5d-9091-7ec51c9f378b .responsive-heading-title-text {\n font-size: 32px; }\n}\n<\/style><style type=\"text\/css\"> @media only screen and (max-width: 767px){\n .skt-blocks-block-advanced-heading.block-4968a9fd-037a-4a5d-9091-7ec51c9f378b .responsive-heading-title-text {\n font-size: 30px; }\n}\n<\/style><style type=\"text\/css\"> @media only screen and (min-width: 976px){\n\n.skt-blocks-block-advanced-heading.block-4968a9fd-037a-4a5d-9091-7ec51c9f378b .responsive-heading-desc-text {\n font-size: undefinedpx !important; }\n}\n<\/style><style type=\"text\/css\"> @media only screen and (min-width: 976px){\n .skt-blocks-block-advanced-heading.block-4968a9fd-037a-4a5d-9091-7ec51c9f378b {\n text-align: left; }\n}\n @media only screen and (max-width: 976px){\n .skt-blocks-block-advanced-heading.block-4968a9fd-037a-4a5d-9091-7ec51c9f378b {\n text-align: left; }\n}\n @media only screen and (max-width: 767px){\n .skt-blocks-block-advanced-heading.block-4968a9fd-037a-4a5d-9091-7ec51c9f378b {\n text-align: center; }\n}\n<\/style><div class=\"skt-blocks-block-advanced-heading block-4968a9fd-037a-4a5d-9091-7ec51c9f378b\"><h2 class=\"responsive-heading-title-text\" style=\"font-family:Assistant;font-weight:700;line-height:1;letter-spacing:0\">Proyectos cient\u00edficos y t\u00e9cnicos en v\u00edas de desarollo:<\/h2><div class=\"responsive-heading-seperator-wrap\"><div class=\"responsive-heading-seperator\" style=\"border-top-style:solid;border-top-width:2px;width:40px;border-color:#6ab43e\"><\/div><\/div><\/div>\n\n\n\n<ol>\n<li>Especialidades:<br>1.1 Fen\u00f3menos de condensaci\u00f3n: vapor, roc\u00edo, heladas etc.<br>1.2 Corrosi\u00f3n<br>1.3 Anti-vapor<br>1.4 Climatisaci\u00f3n pasiva<\/li>\n\n\n\n<li>Estudio de la formaci\u00f3n de roc\u00edo:<br>2.1 Mediciones y experimentaciones (Francia &#8211; Ajaccio, Burdeos, Polinesia Francesa, Espa\u00f1a &#8211; Islas Canarias, Croacia, Israel, T\u00fanez, Marruecos, Mauritania, India, Australia, Chile)<br>2.2 Construcci\u00f3n de la Planta de Roc\u00edo en la India<br>2.3 Evaluaci\u00f3n semi-cuantitativa de la reserva de roc\u00edo en Francia (Proyecto ROR)<br>2.4 Teor\u00eda<\/li>\n\n\n\n<li>Estudio de condensadores atmosf\u00e9ricos:<br>3.1 Investigaciones:<br>\u2013 B\u00fasqueda de documentos sobre condensadores antiguos<br>\u2013 Descubrimiento en 1993 del condensador Zibold de principios del siglo XX (Feodosia, Crimea)<br>\u2013 Excavaciones arqueol\u00f3gicas de los t\u00famulos funerarios conocidos como condensadores antiguos (Feodosia, Crimea)<br>\u2013 Ex\u00e1men del condensador de Knapen en Trans-en-Provence<br>\u2013 Medidas termo-f\u00edsicas en el sitio de la \u00ab Tumba Santa \u00bb de Arles sur Tech<br>\u2013 Descubrimiento en el 2002 de restos de dos condensadores de roc\u00edo, construidos por Klaphake, cient\u00edfico alem\u00e1n de mediados del siglo XX en la isla de Vis (Croacia)<br>3.2 Operaciones:<br>\u2013 Estudio de nuevos materiales para aumentar el enfriamiento radiativo<br>\u2013 Estudi\u00f3 arquitectura aerodin\u00e1mica de condensadores<br>\u2013 Creaci\u00f3n de nuevos procesos: programa de simulaci\u00f3n num\u00e9rica de la condensaci\u00f3n<br>\u2013 Almacenamiento de roc\u00edo en geles de poliacrilamida<br>\u2013 Construcci\u00f3n de condensadores de radiaci\u00f3n : maquetas en Grenoble y Bordeaux (Francia), condensadores de tama\u00f1o normal en Vignola (C\u00f3rcega), en la isla Bi\u0161evo (Croacia) y en la regi\u00f3n de Kutch en la India<br>\u2013 An\u00e1lisis qu\u00edmico de agua de roc\u00edo : Grenoble, Bordeaux (Francia), Vignola (C\u00f3rcega), Polinesia francesa, Tahit\u00ed y el atol\u00f3n de Tikehau<br>\u2013 Estudio de la costra biol\u00f3gica, impulsado por el roc\u00edo, de las dunas del desierto (Negev, Israel)<br>\u2013Publicaci\u00f3n de un libro sobre el roc\u00edo por uno de nuestros miembros, el doctor Sharan Girja (India)<br>\u2013 Instalaci\u00f3n de una red de condensadores de roc\u00edo en Israel y la India<br>\u2013 Instalaci\u00f3n de condensadores radiativos en Croacia, Etiop\u00eda, Marruecos, India y la Polinesia Francesa<\/li>\n\n\n\n<li>Capacitaci\u00f3n, Educaci\u00f3n:<br>4.1 Pr\u00e1cticas y formaci\u00f3n cient\u00edfica (Cursos acad\u00e9micos, doctorado, post doctorado)<br>4.2 Apoyo a actividades de estudiantes y liceanos relacionados con la condensaci\u00f3n<\/li>\n\n\n\n<li>Proyectos:<br>5.1 Construcci\u00f3n de un condensador en una aldea en la zona \u00e1rida de Burkina-Faso<br>5.2 Estudios de utilizaci\u00f3n de roc\u00edo como fuente alternativa de agua en las Islas Canarias<\/li>\n<\/ol>\n<\/div><\/div><\/div>\n\n\n\n<style type=\"text\/css\"> .block-530937ec-6fe8-4fb0-91a7-c9c852d53bf7 .skt-blocks-block-column {\n box-shadow: 0px 0px 0px 0px undefined ; }\n .block-530937ec-6fe8-4fb0-91a7-c9c852d53bf7 .skt-blocks-block-column:hover {\n box-shadow: 0px 0px 0px 0px #cccccc ; }\n @media only screen and (min-width: 976px){\n .block-530937ec-6fe8-4fb0-91a7-c9c852d53bf7 .skt-blocks-block-column{\n padding-top: undefinedpx; padding-bottom: undefinedpx; padding-left: 50px; padding-right: undefinedpx; margin-top: undefinedpx; margin-bottom: undefinedpx; margin-left: undefinedpx; margin-right: undefinedpx; }\n}\n @media only screen and (max-width: 976px){\n .block-530937ec-6fe8-4fb0-91a7-c9c852d53bf7 .skt-blocks-block-column{\n padding-top: undefinedpx; padding-bottom: undefinedpx; padding-left: undefinedpx; padding-right: undefinedpx; margin-top: undefinedpx; margin-bottom: undefinedpx; margin-left: undefinedpx; margin-right: undefinedpx; }\n}\n @media only screen and (max-width: 767px){\n .block-530937ec-6fe8-4fb0-91a7-c9c852d53bf7 .skt-blocks-block-column{\n padding-top: 40px; padding-bottom: undefinedpx; padding-left: undefinedpx; padding-right: undefinedpx; margin-top: undefinedpx; margin-bottom: undefinedpx; margin-left: undefinedpx; margin-right: undefinedpx; }\n}\n<\/style><div class=\"skt-blocks-advanced-column-child block-530937ec-6fe8-4fb0-91a7-c9c852d53bf7\" style=\"width:50%\"><div class=\"responsive-column-wrap skt-blocks-block-column\" style=\"border-width:1px;border-style:none\"><div class=\"responsive-column-inner-wrap overlay-type-color linear\"><div class=\"wp-block-image\">\n<figure class=\"alignleft size-full\"><img decoding=\"async\" loading=\"lazy\" width=\"380\" height=\"248\" src=\"https:\/\/www.opur.cloud\/wp-content\/uploads\/2023\/09\/Zibold-3b.jpg\" alt=\"\" class=\"wp-image-1031\" srcset=\"https:\/\/www.opur.cloud\/wp-content\/uploads\/2023\/09\/Zibold-3b.jpg 380w, https:\/\/www.opur.cloud\/wp-content\/uploads\/2023\/09\/Zibold-3b-300x196.jpg 300w\" sizes=\"(max-width: 380px) 100vw, 380px\" \/><figcaption class=\"wp-element-caption\">Condensador de Zibold (1912) en F\u00e9odosia (Ucrania) \u2013 estado actual<\/figcaption><\/figure><\/div>\n\n<div class=\"wp-block-image\">\n<figure class=\"alignleft size-full\"><img decoding=\"async\" loading=\"lazy\" width=\"350\" height=\"174\" src=\"https:\/\/www.opur.cloud\/wp-content\/uploads\/2023\/09\/Zibold-2.jpg\" alt=\"\" class=\"wp-image-1030\" srcset=\"https:\/\/www.opur.cloud\/wp-content\/uploads\/2023\/09\/Zibold-2.jpg 350w, https:\/\/www.opur.cloud\/wp-content\/uploads\/2023\/09\/Zibold-2-300x149.jpg 300w\" sizes=\"(max-width: 350px) 100vw, 350px\" \/><\/figure><\/div>\n\n\n<p><\/p>\n<\/div><\/div><\/div>\n<\/div><\/div><\/div><\/div>\n\n\n\n<p><\/p>\n<\/div><\/section><\/div>\n","protected":false},"excerpt":{"rendered":"","protected":false},"author":1,"featured_media":0,"parent":0,"menu_order":0,"comment_status":"closed","ping_status":"closed","template":"templates\/page-builder.php","meta":{"footnotes":""},"featured_image_src":false,"featured_image_src_square":false,"rbea_author_info":{"display_name":"admin","author_link":"https:\/\/www.opur.cloud\/index.php\/author\/admin\/"},"rbea_excerpt_info":null,"_links":{"self":[{"href":"https:\/\/www.opur.cloud\/index.php\/wp-json\/wp\/v2\/pages\/1192"}],"collection":[{"href":"https:\/\/www.opur.cloud\/index.php\/wp-json\/wp\/v2\/pages"}],"about":[{"href":"https:\/\/www.opur.cloud\/index.php\/wp-json\/wp\/v2\/types\/page"}],"author":[{"embeddable":true,"href":"https:\/\/www.opur.cloud\/index.php\/wp-json\/wp\/v2\/users\/1"}],"replies":[{"embeddable":true,"href":"https:\/\/www.opur.cloud\/index.php\/wp-json\/wp\/v2\/comments?post=1192"}],"version-history":[{"count":9,"href":"https:\/\/www.opur.cloud\/index.php\/wp-json\/wp\/v2\/pages\/1192\/revisions"}],"predecessor-version":[{"id":1378,"href":"https:\/\/www.opur.cloud\/index.php\/wp-json\/wp\/v2\/pages\/1192\/revisions\/1378"}],"wp:attachment":[{"href":"https:\/\/www.opur.cloud\/index.php\/wp-json\/wp\/v2\/media?parent=1192"}],"curies":[{"name":"wp","href":"https:\/\/api.w.org\/{rel}","templated":true}]}}