{"id":1209,"date":"2023-10-05T12:59:20","date_gmt":"2023-10-05T12:59:20","guid":{"rendered":"https:\/\/www.opur.cloud\/?page_id=1209"},"modified":"2024-12-19T13:56:00","modified_gmt":"2024-12-19T13:56:00","slug":"como-afiliarse","status":"publish","type":"page","link":"https:\/\/www.opur.cloud\/index.php\/es\/como-afiliarse\/","title":{"rendered":"Como afiliarse"},"content":{"rendered":"\n<p>La Asociaci\u00f3n est\u00e1 abierta a todos. Si usted est\u00e1 interesad a\/o, complete el bolet\u00edn de adhesi\u00f3n, por favor. <\/p>\n\n\n\n<p>Las cuotas de membres\u00eda son las siguientes: <\/p>\n\n\n\n<p>Estudiantes y menores de 35 a\u00f1os: 20\u20ac<br>Adultos (a partir de 35 a\u00f1os): 50\u20ac<br>Empresas: 200\u20ac<\/p>\n\n\n\n<p>Los aportes pueden enviarse mediante cheque a OPUR o mediante transferencia bancaria (las instrucciones se dar\u00e1n por correo electr\u00f3nico)<\/p>\n\n\n\n<p><\/p>\n\n\n\n<div class=\"wpcf7 no-js\" id=\"wpcf7-f1446-o1\" lang=\"en-US\" dir=\"ltr\">\n<div class=\"screen-reader-response\"><p role=\"status\" aria-live=\"polite\" aria-atomic=\"true\"><\/p> <ul><\/ul><\/div>\n<form action=\"\/index.php\/wp-json\/wp\/v2\/pages\/1209#wpcf7-f1446-o1\" method=\"post\" class=\"wpcf7-form init\" aria-label=\"Contact form\" novalidate=\"novalidate\" data-status=\"init\">\n<div style=\"display: none;\">\n<input type=\"hidden\" name=\"_wpcf7\" value=\"1446\" \/>\n<input type=\"hidden\" name=\"_wpcf7_version\" value=\"5.8\" \/>\n<input type=\"hidden\" name=\"_wpcf7_locale\" value=\"en_US\" \/>\n<input type=\"hidden\" name=\"_wpcf7_unit_tag\" value=\"wpcf7-f1446-o1\" \/>\n<input type=\"hidden\" name=\"_wpcf7_container_post\" value=\"0\" \/>\n<input type=\"hidden\" name=\"_wpcf7_posted_data_hash\" value=\"\" \/>\n<\/div>\n<p><label> Su nombre<br \/>\n<span class=\"wpcf7-form-control-wrap\" data-name=\"your-name\"><input size=\"40\" class=\"wpcf7-form-control wpcf7-text wpcf7-validates-as-required\" autocomplete=\"name\" aria-required=\"true\" aria-invalid=\"false\" value=\"\" type=\"text\" name=\"your-name\" \/><\/span> <\/label>\n<\/p>\n<p><label> Su apellido<br \/>\n<span class=\"wpcf7-form-control-wrap\" data-name=\"your-email\"><input size=\"40\" class=\"wpcf7-form-control wpcf7-email wpcf7-validates-as-required wpcf7-text wpcf7-validates-as-email\" autocomplete=\"email\" aria-required=\"true\" aria-invalid=\"false\" value=\"\" type=\"email\" name=\"your-email\" \/><\/span> <\/label>\n<\/p>\n<p><label> Asunto<br \/>\n<span class=\"wpcf7-form-control-wrap\" data-name=\"your-subject\"><input size=\"40\" class=\"wpcf7-form-control wpcf7-text wpcf7-validates-as-required\" aria-required=\"true\" aria-invalid=\"false\" value=\"\" type=\"text\" name=\"your-subject\" \/><\/span> <\/label>\n<\/p>\n<p><label> Su mensaje (opcional)<br \/>\n<span class=\"wpcf7-form-control-wrap\" data-name=\"your-message\"><textarea cols=\"40\" rows=\"10\" class=\"wpcf7-form-control wpcf7-textarea\" aria-invalid=\"false\" name=\"your-message\"><\/textarea><\/span> <\/label>\n<\/p>\n<p><input class=\"wpcf7-form-control wpcf7-submit has-spinner\" type=\"submit\" value=\"Enviar\" \/>\n<\/p><div class=\"wpcf7-response-output\" aria-hidden=\"true\"><\/div>\n<\/form>\n<\/div>\n\n\n\n\n<div style=\"height:50px\" aria-hidden=\"true\" class=\"wp-block-spacer\"><\/div>\n","protected":false},"excerpt":{"rendered":"<p>La Asociaci\u00f3n est\u00e1 abierta a todos. Si usted est\u00e1 interesad a\/o, complete el bolet\u00edn de adhesi\u00f3n, por favor. Las cuotas de membres\u00eda son las siguientes: Estudiantes y menores de 35 a\u00f1os: 20\u20acAdultos (a partir de 35 a\u00f1os): 50\u20acEmpresas: 200\u20ac Los aportes pueden enviarse mediante cheque a OPUR o mediante transferencia bancaria (las instrucciones se dar\u00e1n<br \/><a class=\"moretag\" href=\"https:\/\/www.opur.cloud\/index.php\/es\/como-afiliarse\/\">+ Read More<\/a><\/p>\n","protected":false},"author":1,"featured_media":0,"parent":0,"menu_order":0,"comment_status":"closed","ping_status":"closed","template":"templates\/contact-layout1.php","meta":{"footnotes":""},"featured_image_src":false,"featured_image_src_square":false,"rbea_author_info":{"display_name":"admin","author_link":"https:\/\/www.opur.cloud\/index.php\/author\/admin\/"},"rbea_excerpt_info":"La Asociaci\u00f3n est\u00e1 abierta a todos. Si usted est\u00e1 interesad a\/o, complete el bolet\u00edn de adhesi\u00f3n, por favor. Las cuotas de membres\u00eda son las siguientes: Estudiantes y menores de 35 a\u00f1os: 20\u20acAdultos (a partir de 35 a\u00f1os): 50\u20acEmpresas: 200\u20ac Los aportes pueden enviarse mediante cheque a OPUR o mediante transferencia bancaria (las instrucciones se dar\u00e1n<br><a class=\"moretag\" href=\"https:\/\/www.opur.cloud\/index.php\/es\/como-afiliarse\/\">+ Read More<\/a>","_links":{"self":[{"href":"https:\/\/www.opur.cloud\/index.php\/wp-json\/wp\/v2\/pages\/1209"}],"collection":[{"href":"https:\/\/www.opur.cloud\/index.php\/wp-json\/wp\/v2\/pages"}],"about":[{"href":"https:\/\/www.opur.cloud\/index.php\/wp-json\/wp\/v2\/types\/page"}],"author":[{"embeddable":true,"href":"https:\/\/www.opur.cloud\/index.php\/wp-json\/wp\/v2\/users\/1"}],"replies":[{"embeddable":true,"href":"https:\/\/www.opur.cloud\/index.php\/wp-json\/wp\/v2\/comments?post=1209"}],"version-history":[{"count":4,"href":"https:\/\/www.opur.cloud\/index.php\/wp-json\/wp\/v2\/pages\/1209\/revisions"}],"predecessor-version":[{"id":1489,"href":"https:\/\/www.opur.cloud\/index.php\/wp-json\/wp\/v2\/pages\/1209\/revisions\/1489"}],"wp:attachment":[{"href":"https:\/\/www.opur.cloud\/index.php\/wp-json\/wp\/v2\/media?parent=1209"}],"curies":[{"name":"wp","href":"https:\/\/api.w.org\/{rel}","templated":true}]}}