{"id":1466,"date":"2023-11-04T10:45:54","date_gmt":"2023-11-04T10:45:54","guid":{"rendered":"https:\/\/www.opur.cloud\/?page_id=1466"},"modified":"2023-11-04T10:53:30","modified_gmt":"2023-11-04T10:53:30","slug":"actividades-artisticas","status":"publish","type":"page","link":"https:\/\/www.opur.cloud\/index.php\/es\/actividades-artisticas\/","title":{"rendered":"Actividades artisticas"},"content":{"rendered":"\n<div class=\"wp-block-skt-blocks-section gbnature-section-4 skt-blocks-block-section-outer-wrap block-83b69386-a49f-4644-b8ad-9f4021c32e33 background-type-color alignundefined\" style=\"z-index:1;max-width:;margin-left:;margin-right:\"><style type=\"text\/css\"> @media only screen and (max-width: 976px){\n .block-83b69386-a49f-4644-b8ad-9f4021c32e33 .skt-blocks-block-section{\n margin-top: 0px; margin-bottom: 0px; margin-left: 0px; margin-right: 0px; padding-top: 40px; padding-bottom: 40px; padding-left: 10px; padding-right: 10px; }\n}\n @media only screen and (max-width: 767px){\n .block-83b69386-a49f-4644-b8ad-9f4021c32e33 .skt-blocks-block-section{\n margin-top: 0px; margin-bottom: 0px; margin-left: 0px; margin-right: 0px; padding-top: 40px; padding-bottom: 40px; padding-left: 10px; padding-right: 10px; }\n}\n @media only screen and (min-width: 976px){\n .block-83b69386-a49f-4644-b8ad-9f4021c32e33 .skt-blocks-block-section{\n margin-top: 0px; margin-bottom: 0px; margin-left: 0px; margin-right: 0px; padding-top: 80px; padding-bottom: 80px; padding-left: 0px; padding-right: 0px; }\n}\n .block-83b69386-a49f-4644-b8ad-9f4021c32e33.skt-blocks-block-section-outer-wrap.background-type-image{\n background-image: linear-gradient(rgba(255, 255, 255, 1),rgba(255, 255, 255, 1)),url(undefined); background-position: center-center; background-attachment: scroll; background-repeat: no-repeat; background-size: cover; border-radius: 0px; }\n .block-83b69386-a49f-4644-b8ad-9f4021c32e33.skt-blocks-block-section-outer-wrap.background-type-image .skt-blocks-block-section.overlay-type-color{\n background-color: rgba(255, 255, 255, 1); }\n .block-83b69386-a49f-4644-b8ad-9f4021c32e33.skt-blocks-block-section-outer-wrap.background-type-image .skt-blocks-block-section.overlay-type-gradient.linear{\n background-image: linear-gradient(0deg, rgba(255, 255, 255, 1) 0%, rgba(255, 255, 255, 1) 100%); }\n .block-83b69386-a49f-4644-b8ad-9f4021c32e33.skt-blocks-block-section-outer-wrap.background-type-image .skt-blocks-block-section.overlay-type-gradient.radial{\n background-image: radial-gradient( at center center, rgba(255, 255, 255, 1) 0%, rgba(255, 255, 255, 1) 100%); }\n .block-83b69386-a49f-4644-b8ad-9f4021c32e33.background-type-video .skt-blocks-block-section {\n background-color: rgba(255, 255, 255, 1); }\n<\/style><style type=\"text\/css\"> .block-83b69386-a49f-4644-b8ad-9f4021c32e33 .responsive-section-inner-wrap {\n max-width : 100%; }\n @media only screen and (min-width: 976px){\n .block-83b69386-a49f-4644-b8ad-9f4021c32e33 .responsive-section-inner-wrap, .page.page-template-gutenberg-fullwidth .block-83b69386-a49f-4644-b8ad-9f4021c32e33.alignfull .responsive-section-inner-wrap {\n max-width : 1140px !important; }\n}\n @media only screen and (max-width: 976px){\n .block-83b69386-a49f-4644-b8ad-9f4021c32e33 .responsive-section-inner-wrap, .page.page-template-gutenberg-fullwidth .block-83b69386-a49f-4644-b8ad-9f4021c32e33.alignfull .responsive-section-inner-wrap {\n max-width : 1140px !important; }\n}\n @media only screen and (max-width: 767px){\n .block-83b69386-a49f-4644-b8ad-9f4021c32e33 .responsive-section-inner-wrap, .page.page-template-gutenberg-fullwidth .block-83b69386-a49f-4644-b8ad-9f4021c32e33.alignfull .responsive-section-inner-wrap {\n max-width : 1140px !important; }\n}\n<\/style><section class=\"responsive-section-wrap skt-blocks-block-section overlay-type-color linear\" style=\"border-width:1px;border-style:none;border-radius:0;background-color:rgba(255, 255, 255, 1);box-shadow:0px 0px 0px 0px undefined \"><div class=\"responsive-section-inner-wrap\" style=\"z-index:1\">\n<style type=\"text\/css\"> .block-58170c4c-7aa9-43ad-bb7c-3f4dfd0fdd7a .skt-blocks-block-columns.overlay-type-color{\n background-color: rgba(255, 255, 255, 0); }\n .block-58170c4c-7aa9-43ad-bb7c-3f4dfd0fdd7a .skt-blocks-block-columns.overlay-type-gradient.linear{\n background-image: linear-gradient(0deg, rgba(255, 255, 255, 0) 0%, rgba(255, 255, 255, 0) 100%); }\n .block-58170c4c-7aa9-43ad-bb7c-3f4dfd0fdd7a .skt-blocks-block-columns.overlay-type-gradient.radial{\n background-image: radial-gradient( at center center, rgba(255, 255, 255, 0) 0%, rgba(255, 255, 255, 0) 100%); }\n .block-58170c4c-7aa9-43ad-bb7c-3f4dfd0fdd7a .skt-blocks-block-column{\n min-height: ; align-items: flex-start; }\n @media only screen and (min-width: 976px){\n .block-58170c4c-7aa9-43ad-bb7c-3f4dfd0fdd7a .skt-blocks-block-columns{\n padding-top: 10px; padding-bottom: 10px; padding-left: 10px; padding-right: 10px; margin-top: 0px; margin-bottom: 0px; }\n}\n @media only screen and (max-width: 976px){\n .block-58170c4c-7aa9-43ad-bb7c-3f4dfd0fdd7a .skt-blocks-block-columns{\n padding-top: undefinedpx; padding-bottom: undefinedpx; padding-left: undefinedpx; padding-right: undefinedpx; margin-top: undefinedpx; margin-bottom: undefinedpx; }\n}\n @media only screen and (max-width: 767px){\n .block-58170c4c-7aa9-43ad-bb7c-3f4dfd0fdd7a .skt-blocks-block-columns{\n padding-top: undefinedpx; padding-bottom: undefinedpx; padding-left: undefinedpx; padding-right: undefinedpx; margin-top: undefinedpx; margin-bottom: undefinedpx; }\n}\n<\/style><div class=\"block-58170c4c-7aa9-43ad-bb7c-3f4dfd0fdd7a skt-blocks-advanced-column-outer-wrap undefined\" style=\"z-index:1\"><div class=\"skt-blocks-advanced-column alignundefined\"><div class=\"responsive-columns-wrap skt-blocks-block-columns responsive-columns__gap-default responsive-columns__stack-mobile responsive-columns__content-width-theme overlay-type-color linear\" style=\"text-align:left;border-width:1px;border-style:none;box-shadow:0px 0px 0px 0px undefined \"><div class=\"responsive-columns-inner-wrap responsive-columns-columns-2\" style=\"max-width:100%\">\n<style type=\"text\/css\"> .block-f61a9740-48af-4120-bc1f-eb79b38cb275 .skt-blocks-block-column {\n box-shadow: 0px 0px 0px 0px undefined ; }\n .block-f61a9740-48af-4120-bc1f-eb79b38cb275 .skt-blocks-block-column:hover {\n box-shadow: 0px 0px 0px 0px #cccccc ; }\n @media only screen and (min-width: 976px){\n .block-f61a9740-48af-4120-bc1f-eb79b38cb275 .skt-blocks-block-column{\n padding-top: undefinedpx; padding-bottom: undefinedpx; padding-left: undefinedpx; padding-right: undefinedpx; margin-top: undefinedpx; margin-bottom: undefinedpx; margin-left: undefinedpx; margin-right: undefinedpx; }\n}\n @media only screen and (max-width: 976px){\n .block-f61a9740-48af-4120-bc1f-eb79b38cb275 .skt-blocks-block-column{\n padding-top: undefinedpx; padding-bottom: undefinedpx; padding-left: undefinedpx; padding-right: undefinedpx; margin-top: undefinedpx; margin-bottom: undefinedpx; margin-left: undefinedpx; margin-right: undefinedpx; }\n}\n @media only screen and (max-width: 767px){\n .block-f61a9740-48af-4120-bc1f-eb79b38cb275 .skt-blocks-block-column{\n padding-top: undefinedpx; padding-bottom: undefinedpx; padding-left: undefinedpx; padding-right: undefinedpx; margin-top: undefinedpx; margin-bottom: undefinedpx; margin-left: undefinedpx; margin-right: undefinedpx; }\n}\n<\/style><div class=\"skt-blocks-advanced-column-child block-f61a9740-48af-4120-bc1f-eb79b38cb275\" style=\"width:50%\"><div class=\"responsive-column-wrap skt-blocks-block-column\" style=\"border-width:1px;border-style:none\"><div class=\"responsive-column-inner-wrap overlay-type-color linear\">\n<style type=\"text\/css\"> @media only screen and (min-width: 976px){\n\n.skt-blocks-block-advanced-heading.block-84b839ce-f5b0-4283-b8c9-25229963ea53 .responsive-heading-title-text {\n font-size: 38px !important; margin-bottom: 20px !important; }\n\n.skt-blocks-block-advanced-heading.block-84b839ce-f5b0-4283-b8c9-25229963ea53 .responsive-heading-seperator {\n margin-bottom: 15px !important; }\n\n.skt-blocks-block-advanced-heading.block-84b839ce-f5b0-4283-b8c9-25229963ea53 .responsive-heading-desc-text {\n margin-bottom: 15px !important; }\n}\n @media only screen and (min-width: 768px) and (max-width: 976px){\n\n.skt-blocks-block-advanced-heading.block-84b839ce-f5b0-4283-b8c9-25229963ea53 .responsive-heading-title-text {\n margin-bottom: 15px !important; }\n\n.skt-blocks-block-advanced-heading.block-84b839ce-f5b0-4283-b8c9-25229963ea53 .responsive-heading-seperator {\n margin-bottom: 15px !important; }\n\n.skt-blocks-block-advanced-heading.block-84b839ce-f5b0-4283-b8c9-25229963ea53 .responsive-heading-desc-text {\n margin-bottom: 15px !important; }\n}\n @media only screen and (max-width: 767px){\n .skt-blocks-block-advanced-heading.block-84b839ce-f5b0-4283-b8c9-25229963ea53 .responsive-heading-title-text {\n margin-bottom: 15px !important; }\n .skt-blocks-block-advanced-heading.block-84b839ce-f5b0-4283-b8c9-25229963ea53 .responsive-heading-seperator {\n margin-bottom: 15px !important; }\n .skt-blocks-block-advanced-heading.block-84b839ce-f5b0-4283-b8c9-25229963ea53 .responsive-heading-desc-text {\n margin-bottom: 15px !important; }\n}\n<\/style><style type=\"text\/css\"> @media only screen and (max-width: 976px){\n\n.skt-blocks-block-advanced-heading.block-84b839ce-f5b0-4283-b8c9-25229963ea53 .responsive-heading-title-text {\n font-size: 32px; }\n}\n<\/style><style type=\"text\/css\"> @media only screen and (max-width: 767px){\n .skt-blocks-block-advanced-heading.block-84b839ce-f5b0-4283-b8c9-25229963ea53 .responsive-heading-title-text {\n font-size: 30px; }\n}\n<\/style><style type=\"text\/css\"> @media only screen and (min-width: 976px){\n\n.skt-blocks-block-advanced-heading.block-84b839ce-f5b0-4283-b8c9-25229963ea53 .responsive-heading-desc-text {\n font-size: undefinedpx !important; }\n}\n<\/style><style type=\"text\/css\"> @media only screen and (min-width: 976px){\n .skt-blocks-block-advanced-heading.block-84b839ce-f5b0-4283-b8c9-25229963ea53 {\n text-align: left; }\n}\n @media only screen and (max-width: 976px){\n .skt-blocks-block-advanced-heading.block-84b839ce-f5b0-4283-b8c9-25229963ea53 {\n text-align: left; }\n}\n @media only screen and (max-width: 767px){\n .skt-blocks-block-advanced-heading.block-84b839ce-f5b0-4283-b8c9-25229963ea53 {\n text-align: center; }\n}\n<\/style><div class=\"skt-blocks-block-advanced-heading block-84b839ce-f5b0-4283-b8c9-25229963ea53\"><h2 class=\"responsive-heading-title-text\" style=\"font-family:Assistant;font-weight:700;line-height:1;letter-spacing:0\">ACTIVIDADES<br>ART\u00cdSTICAS Y LITERARIAS;<br>COMUNICACIONES CON LOS MEDIOS;<br>DOCUMENTACI\u00d3N (informaci\u00f3n)<\/h2><div class=\"responsive-heading-seperator-wrap\"><div class=\"responsive-heading-seperator\" style=\"border-top-style:solid;border-top-width:2px;width:40px;border-color:#6ab43e\"><\/div><\/div><\/div>\n\n\n\n<p><strong>2022<\/strong>:<br>\u2022 OPUR fue entrevistado por el Peri\u00f3dico Christian Science Monitor \u2013 CSMonitor.com<br>\u2022 Invitaci\u00f3n a una conferencia sobre el agua organizada por la Escuela Superior de Artes de Mulhouse, Francia<br>\u2022 Video documental en el que OPUR brind\u00f3 una entrevista; Los condensadores de roc\u00edo en uso fueron filmados en Par\u00eds, v\u00e9ase : <a href=\"https:\/\/youtu.be\/ZyC_9gFn3oM\">https:\/\/youtu.be\/ZyC_9gFn3oM<\/a><br>\u2022 Entrevista con el peri\u00f3dico The Korea Times: \u201cEl roc\u00edo, una fuente alternativa de agua dulce largamente ignorada\u201d<\/p>\n\n\n\n<p><strong>2021<\/strong>:<br>\u2022 El Presidente fue invitado a la conferencia &#8220;L&#8217;eau&#8221; (&#8220;Agua&#8221;) organizada por la ONG &#8220;Volubilis&#8221;. La conferencia se desarroll\u00f3 durante tres d\u00edas en Avi\u00f1\u00f3n (Francia) y se organiz\u00f3 una mesa redonda especial sobre la recolecci\u00f3n de niebla y roc\u00edo.<br>\u2022 La revista \u201cScience et Vie\u201d entrevist\u00f3 a nuestro presidente de la OPUR sobre el agua de roc\u00edo.<br>\u2022 OPUR colabora con Pierre-Jean Giloux en un proyecto cinematogr\u00e1fico en la India (Madurai) sobre los condensadores de roc\u00edo.<\/p>\n\n\n\n<p><\/p>\n\n\n\n<p><\/p>\n<\/div><\/div><\/div>\n\n\n\n<style type=\"text\/css\"> .block-915a32a8-09ad-463e-ab12-2de67552cfe4 .skt-blocks-block-column {\n box-shadow: 0px 0px 0px 0px undefined ; }\n .block-915a32a8-09ad-463e-ab12-2de67552cfe4 .skt-blocks-block-column:hover {\n box-shadow: 0px 0px 0px 0px #cccccc ; }\n @media only screen and (min-width: 976px){\n .block-915a32a8-09ad-463e-ab12-2de67552cfe4 .skt-blocks-block-column{\n padding-top: undefinedpx; padding-bottom: undefinedpx; padding-left: 50px; padding-right: undefinedpx; margin-top: undefinedpx; margin-bottom: undefinedpx; margin-left: undefinedpx; margin-right: undefinedpx; }\n}\n @media only screen and (max-width: 976px){\n .block-915a32a8-09ad-463e-ab12-2de67552cfe4 .skt-blocks-block-column{\n padding-top: undefinedpx; padding-bottom: undefinedpx; padding-left: undefinedpx; padding-right: undefinedpx; margin-top: undefinedpx; margin-bottom: undefinedpx; margin-left: undefinedpx; margin-right: undefinedpx; }\n}\n @media only screen and (max-width: 767px){\n .block-915a32a8-09ad-463e-ab12-2de67552cfe4 .skt-blocks-block-column{\n padding-top: 40px; padding-bottom: undefinedpx; padding-left: undefinedpx; padding-right: undefinedpx; margin-top: undefinedpx; margin-bottom: undefinedpx; margin-left: undefinedpx; margin-right: undefinedpx; }\n}\n<\/style><div class=\"skt-blocks-advanced-column-child block-915a32a8-09ad-463e-ab12-2de67552cfe4\" style=\"width:50%\"><div class=\"responsive-column-wrap skt-blocks-block-column\" style=\"border-width:1px;border-style:none\"><div class=\"responsive-column-inner-wrap overlay-type-color linear\"><div class=\"wp-block-image\">\n<figure class=\"alignleft size-full\"><img decoding=\"async\" loading=\"lazy\" width=\"639\" height=\"425\" src=\"https:\/\/www.opur.cloud\/wp-content\/uploads\/2023\/09\/monaco-ko1.jpeg\" alt=\"\" class=\"wp-image-983\" srcset=\"https:\/\/www.opur.cloud\/wp-content\/uploads\/2023\/09\/monaco-ko1.jpeg 639w, https:\/\/www.opur.cloud\/wp-content\/uploads\/2023\/09\/monaco-ko1-300x200.jpeg 300w\" sizes=\"(max-width: 639px) 100vw, 639px\" \/><figcaption class=\"wp-element-caption\">Coralie con el Pr\u00edncipe Alberto durante la exposici\u00f3n<\/figcaption><\/figure><\/div>\n\n<div class=\"wp-block-image\">\n<figure class=\"alignleft size-full\"><img decoding=\"async\" loading=\"lazy\" width=\"518\" height=\"389\" src=\"https:\/\/www.opur.cloud\/wp-content\/uploads\/2023\/09\/chateau-laval.jpg\" alt=\"\" class=\"wp-image-1021\" srcset=\"https:\/\/www.opur.cloud\/wp-content\/uploads\/2023\/09\/chateau-laval.jpg 518w, https:\/\/www.opur.cloud\/wp-content\/uploads\/2023\/09\/chateau-laval-300x225.jpg 300w\" sizes=\"(max-width: 518px) 100vw, 518px\" \/><figcaption class=\"wp-element-caption\">Escultura de OPUR en el castillo de Lacroix Laval<\/figcaption><\/figure><\/div>\n\n<div class=\"wp-block-image\">\n<figure class=\"alignleft size-full\"><img decoding=\"async\" loading=\"lazy\" width=\"162\" height=\"180\" src=\"https:\/\/www.opur.cloud\/wp-content\/uploads\/2023\/09\/ruiz-oeil.jpg\" alt=\"\" class=\"wp-image-1022\"\/><figcaption class=\"wp-element-caption\">Im\u00e1genes de roc\u00edo de J.-P. Ruiz<\/figcaption><\/figure><\/div><\/div><\/div><\/div>\n<\/div><\/div><\/div><\/div>\n<\/div><\/section><\/div>\n","protected":false},"excerpt":{"rendered":"","protected":false},"author":1,"featured_media":0,"parent":0,"menu_order":0,"comment_status":"closed","ping_status":"closed","template":"templates\/page-builder.php","meta":{"footnotes":""},"featured_image_src":false,"featured_image_src_square":false,"rbea_author_info":{"display_name":"admin","author_link":"https:\/\/www.opur.cloud\/index.php\/author\/admin\/"},"rbea_excerpt_info":null,"_links":{"self":[{"href":"https:\/\/www.opur.cloud\/index.php\/wp-json\/wp\/v2\/pages\/1466"}],"collection":[{"href":"https:\/\/www.opur.cloud\/index.php\/wp-json\/wp\/v2\/pages"}],"about":[{"href":"https:\/\/www.opur.cloud\/index.php\/wp-json\/wp\/v2\/types\/page"}],"author":[{"embeddable":true,"href":"https:\/\/www.opur.cloud\/index.php\/wp-json\/wp\/v2\/users\/1"}],"replies":[{"embeddable":true,"href":"https:\/\/www.opur.cloud\/index.php\/wp-json\/wp\/v2\/comments?post=1466"}],"version-history":[{"count":3,"href":"https:\/\/www.opur.cloud\/index.php\/wp-json\/wp\/v2\/pages\/1466\/revisions"}],"predecessor-version":[{"id":1470,"href":"https:\/\/www.opur.cloud\/index.php\/wp-json\/wp\/v2\/pages\/1466\/revisions\/1470"}],"wp:attachment":[{"href":"https:\/\/www.opur.cloud\/index.php\/wp-json\/wp\/v2\/media?parent=1466"}],"curies":[{"name":"wp","href":"https:\/\/api.w.org\/{rel}","templated":true}]}}