{"id":1471,"date":"2023-11-04T10:54:51","date_gmt":"2023-11-04T10:54:51","guid":{"rendered":"https:\/\/www.opur.cloud\/?page_id=1471"},"modified":"2023-11-04T11:04:14","modified_gmt":"2023-11-04T11:04:14","slug":"el-rocio-como-fenomeno-fisico","status":"publish","type":"page","link":"https:\/\/www.opur.cloud\/index.php\/es\/el-rocio-como-fenomeno-fisico\/","title":{"rendered":"El roc\u00edo como fen\u00f3meno f\u00edsico"},"content":{"rendered":"\n<div class=\"wp-block-skt-blocks-section gbnature-section-4 skt-blocks-block-section-outer-wrap block-41b7cbc3-9afb-46e6-91ed-1c75ff437654 background-type-color alignundefined\" style=\"z-index:1;max-width:;margin-left:;margin-right:\"><style type=\"text\/css\"> @media only screen and (max-width: 976px){\n .block-41b7cbc3-9afb-46e6-91ed-1c75ff437654 .skt-blocks-block-section{\n margin-top: 0px; margin-bottom: 0px; margin-left: 0px; margin-right: 0px; padding-top: 40px; padding-bottom: 40px; padding-left: 10px; padding-right: 10px; }\n}\n @media only screen and (max-width: 767px){\n .block-41b7cbc3-9afb-46e6-91ed-1c75ff437654 .skt-blocks-block-section{\n margin-top: 0px; margin-bottom: 0px; margin-left: 0px; margin-right: 0px; padding-top: 40px; padding-bottom: 40px; padding-left: 10px; padding-right: 10px; }\n}\n @media only screen and (min-width: 976px){\n .block-41b7cbc3-9afb-46e6-91ed-1c75ff437654 .skt-blocks-block-section{\n margin-top: 0px; margin-bottom: 0px; margin-left: 0px; margin-right: 0px; padding-top: 80px; padding-bottom: 80px; padding-left: 0px; padding-right: 0px; }\n}\n .block-41b7cbc3-9afb-46e6-91ed-1c75ff437654.skt-blocks-block-section-outer-wrap.background-type-image{\n background-image: linear-gradient(rgba(255, 255, 255, 1),rgba(255, 255, 255, 1)),url(undefined); background-position: center-center; background-attachment: scroll; background-repeat: no-repeat; background-size: cover; border-radius: 0px; }\n .block-41b7cbc3-9afb-46e6-91ed-1c75ff437654.skt-blocks-block-section-outer-wrap.background-type-image .skt-blocks-block-section.overlay-type-color{\n background-color: rgba(255, 255, 255, 1); }\n .block-41b7cbc3-9afb-46e6-91ed-1c75ff437654.skt-blocks-block-section-outer-wrap.background-type-image .skt-blocks-block-section.overlay-type-gradient.linear{\n background-image: linear-gradient(0deg, rgba(255, 255, 255, 1) 0%, rgba(255, 255, 255, 1) 100%); }\n .block-41b7cbc3-9afb-46e6-91ed-1c75ff437654.skt-blocks-block-section-outer-wrap.background-type-image .skt-blocks-block-section.overlay-type-gradient.radial{\n background-image: radial-gradient( at center center, rgba(255, 255, 255, 1) 0%, rgba(255, 255, 255, 1) 100%); }\n .block-41b7cbc3-9afb-46e6-91ed-1c75ff437654.background-type-video .skt-blocks-block-section {\n background-color: rgba(255, 255, 255, 1); }\n<\/style><style type=\"text\/css\"> .block-41b7cbc3-9afb-46e6-91ed-1c75ff437654 .responsive-section-inner-wrap {\n max-width : 100%; }\n @media only screen and (min-width: 976px){\n .block-41b7cbc3-9afb-46e6-91ed-1c75ff437654 .responsive-section-inner-wrap, .page.page-template-gutenberg-fullwidth .block-41b7cbc3-9afb-46e6-91ed-1c75ff437654.alignfull .responsive-section-inner-wrap {\n max-width : 1140px !important; }\n}\n @media only screen and (max-width: 976px){\n .block-41b7cbc3-9afb-46e6-91ed-1c75ff437654 .responsive-section-inner-wrap, .page.page-template-gutenberg-fullwidth .block-41b7cbc3-9afb-46e6-91ed-1c75ff437654.alignfull .responsive-section-inner-wrap {\n max-width : 1140px !important; }\n}\n @media only screen and (max-width: 767px){\n .block-41b7cbc3-9afb-46e6-91ed-1c75ff437654 .responsive-section-inner-wrap, .page.page-template-gutenberg-fullwidth .block-41b7cbc3-9afb-46e6-91ed-1c75ff437654.alignfull .responsive-section-inner-wrap {\n max-width : 1140px !important; }\n}\n<\/style><section class=\"responsive-section-wrap skt-blocks-block-section overlay-type-color linear\" style=\"border-width:1px;border-style:none;border-radius:0;background-color:rgba(255, 255, 255, 1);box-shadow:0px 0px 0px 0px undefined \"><div class=\"responsive-section-inner-wrap\" style=\"z-index:1\">\n<style type=\"text\/css\"> .block-1b3c0e00-23fb-47b5-b6f7-3d7c81c0766e .skt-blocks-block-columns.overlay-type-color{\n background-color: rgba(255, 255, 255, 0); }\n .block-1b3c0e00-23fb-47b5-b6f7-3d7c81c0766e .skt-blocks-block-columns.overlay-type-gradient.linear{\n background-image: linear-gradient(0deg, rgba(255, 255, 255, 0) 0%, rgba(255, 255, 255, 0) 100%); }\n .block-1b3c0e00-23fb-47b5-b6f7-3d7c81c0766e .skt-blocks-block-columns.overlay-type-gradient.radial{\n background-image: radial-gradient( at center center, rgba(255, 255, 255, 0) 0%, rgba(255, 255, 255, 0) 100%); }\n .block-1b3c0e00-23fb-47b5-b6f7-3d7c81c0766e .skt-blocks-block-column{\n min-height: ; align-items: flex-start; }\n @media only screen and (min-width: 976px){\n .block-1b3c0e00-23fb-47b5-b6f7-3d7c81c0766e .skt-blocks-block-columns{\n padding-top: 10px; padding-bottom: 10px; padding-left: 10px; padding-right: 10px; margin-top: 0px; margin-bottom: 0px; }\n}\n @media only screen and (max-width: 976px){\n .block-1b3c0e00-23fb-47b5-b6f7-3d7c81c0766e .skt-blocks-block-columns{\n padding-top: undefinedpx; padding-bottom: undefinedpx; padding-left: undefinedpx; padding-right: undefinedpx; margin-top: undefinedpx; margin-bottom: undefinedpx; }\n}\n @media only screen and (max-width: 767px){\n .block-1b3c0e00-23fb-47b5-b6f7-3d7c81c0766e .skt-blocks-block-columns{\n padding-top: undefinedpx; padding-bottom: undefinedpx; padding-left: undefinedpx; padding-right: undefinedpx; margin-top: undefinedpx; margin-bottom: undefinedpx; }\n}\n<\/style><div class=\"block-1b3c0e00-23fb-47b5-b6f7-3d7c81c0766e skt-blocks-advanced-column-outer-wrap undefined\" style=\"z-index:1\"><div class=\"skt-blocks-advanced-column alignundefined\"><div class=\"responsive-columns-wrap skt-blocks-block-columns responsive-columns__gap-default responsive-columns__stack-mobile responsive-columns__content-width-theme overlay-type-color linear\" style=\"text-align:left;border-width:1px;border-style:none;box-shadow:0px 0px 0px 0px undefined \"><div class=\"responsive-columns-inner-wrap responsive-columns-columns-2\" style=\"max-width:100%\">\n<style type=\"text\/css\"> .block-d1831a31-d7b1-48e2-9a0c-57deefacf60e .skt-blocks-block-column {\n box-shadow: 0px 0px 0px 0px undefined ; }\n .block-d1831a31-d7b1-48e2-9a0c-57deefacf60e .skt-blocks-block-column:hover {\n box-shadow: 0px 0px 0px 0px #cccccc ; }\n @media only screen and (min-width: 976px){\n .block-d1831a31-d7b1-48e2-9a0c-57deefacf60e .skt-blocks-block-column{\n padding-top: undefinedpx; padding-bottom: undefinedpx; padding-left: undefinedpx; padding-right: undefinedpx; margin-top: undefinedpx; margin-bottom: undefinedpx; margin-left: undefinedpx; margin-right: undefinedpx; }\n}\n @media only screen and (max-width: 976px){\n .block-d1831a31-d7b1-48e2-9a0c-57deefacf60e .skt-blocks-block-column{\n padding-top: undefinedpx; padding-bottom: undefinedpx; padding-left: undefinedpx; padding-right: undefinedpx; margin-top: undefinedpx; margin-bottom: undefinedpx; margin-left: undefinedpx; margin-right: undefinedpx; }\n}\n @media only screen and (max-width: 767px){\n .block-d1831a31-d7b1-48e2-9a0c-57deefacf60e .skt-blocks-block-column{\n padding-top: undefinedpx; padding-bottom: undefinedpx; padding-left: undefinedpx; padding-right: undefinedpx; margin-top: undefinedpx; margin-bottom: undefinedpx; margin-left: undefinedpx; margin-right: undefinedpx; }\n}\n<\/style><div class=\"skt-blocks-advanced-column-child block-d1831a31-d7b1-48e2-9a0c-57deefacf60e\" style=\"width:50%\"><div class=\"responsive-column-wrap skt-blocks-block-column\" style=\"border-width:1px;border-style:none\"><div class=\"responsive-column-inner-wrap overlay-type-color linear\">\n<style type=\"text\/css\"> @media only screen and (min-width: 976px){\n\n.skt-blocks-block-advanced-heading.block-c00b666f-b7cf-49fb-8502-fd4fcce0cd4c .responsive-heading-title-text {\n font-size: 32px !important; margin-bottom: 15px !important; }\n\n.skt-blocks-block-advanced-heading.block-c00b666f-b7cf-49fb-8502-fd4fcce0cd4c .responsive-heading-seperator {\n margin-bottom: 15px !important; }\n\n.skt-blocks-block-advanced-heading.block-c00b666f-b7cf-49fb-8502-fd4fcce0cd4c .responsive-heading-desc-text {\n margin-bottom: 15px !important; }\n}\n @media only screen and (min-width: 768px) and (max-width: 976px){\n\n.skt-blocks-block-advanced-heading.block-c00b666f-b7cf-49fb-8502-fd4fcce0cd4c .responsive-heading-title-text {\n margin-bottom: 15px !important; }\n\n.skt-blocks-block-advanced-heading.block-c00b666f-b7cf-49fb-8502-fd4fcce0cd4c .responsive-heading-seperator {\n margin-bottom: 15px !important; }\n\n.skt-blocks-block-advanced-heading.block-c00b666f-b7cf-49fb-8502-fd4fcce0cd4c .responsive-heading-desc-text {\n margin-bottom: 15px !important; }\n}\n @media only screen and (max-width: 767px){\n .skt-blocks-block-advanced-heading.block-c00b666f-b7cf-49fb-8502-fd4fcce0cd4c .responsive-heading-title-text {\n margin-bottom: 15px !important; }\n .skt-blocks-block-advanced-heading.block-c00b666f-b7cf-49fb-8502-fd4fcce0cd4c .responsive-heading-seperator {\n margin-bottom: 15px !important; }\n .skt-blocks-block-advanced-heading.block-c00b666f-b7cf-49fb-8502-fd4fcce0cd4c .responsive-heading-desc-text {\n margin-bottom: 15px !important; }\n}\n<\/style><style type=\"text\/css\"> @media only screen and (max-width: 976px){\n\n.skt-blocks-block-advanced-heading.block-c00b666f-b7cf-49fb-8502-fd4fcce0cd4c .responsive-heading-title-text {\n font-size: 28px; }\n}\n<\/style><style type=\"text\/css\"> @media only screen and (max-width: 767px){\n .skt-blocks-block-advanced-heading.block-c00b666f-b7cf-49fb-8502-fd4fcce0cd4c .responsive-heading-title-text {\n font-size: 24px; }\n}\n<\/style><style type=\"text\/css\"> @media only screen and (min-width: 976px){\n\n.skt-blocks-block-advanced-heading.block-c00b666f-b7cf-49fb-8502-fd4fcce0cd4c .responsive-heading-desc-text {\n font-size: undefinedpx !important; }\n}\n<\/style><style type=\"text\/css\"> @media only screen and (min-width: 976px){\n .skt-blocks-block-advanced-heading.block-c00b666f-b7cf-49fb-8502-fd4fcce0cd4c {\n text-align: left; }\n}\n @media only screen and (max-width: 976px){\n .skt-blocks-block-advanced-heading.block-c00b666f-b7cf-49fb-8502-fd4fcce0cd4c {\n text-align: left; }\n}\n @media only screen and (max-width: 767px){\n .skt-blocks-block-advanced-heading.block-c00b666f-b7cf-49fb-8502-fd4fcce0cd4c {\n text-align: center; }\n}\n<\/style><div class=\"skt-blocks-block-advanced-heading block-c00b666f-b7cf-49fb-8502-fd4fcce0cd4c\"><h2 class=\"responsive-heading-title-text\" style=\"font-family:Assistant;font-weight:600;line-height:1;letter-spacing:0;color:#3a3a3a\">\u2026 \u00bfCu\u00e1l es el origen del roc\u00edo?<\/h2><\/div>\n\n\n\n<style type=\"text\/css\"> @media only screen and (min-width: 976px){\n\n.skt-blocks-block-advanced-heading.block-dacc0016-67b5-4451-957e-9e18276c5aea .responsive-heading-title-text {\n font-size: 38px !important; margin-bottom: 20px !important; }\n\n.skt-blocks-block-advanced-heading.block-dacc0016-67b5-4451-957e-9e18276c5aea .responsive-heading-seperator {\n margin-bottom: 15px !important; }\n\n.skt-blocks-block-advanced-heading.block-dacc0016-67b5-4451-957e-9e18276c5aea .responsive-heading-desc-text {\n margin-bottom: 15px !important; }\n}\n @media only screen and (min-width: 768px) and (max-width: 976px){\n\n.skt-blocks-block-advanced-heading.block-dacc0016-67b5-4451-957e-9e18276c5aea .responsive-heading-title-text {\n margin-bottom: 15px !important; }\n\n.skt-blocks-block-advanced-heading.block-dacc0016-67b5-4451-957e-9e18276c5aea .responsive-heading-seperator {\n margin-bottom: 15px !important; }\n\n.skt-blocks-block-advanced-heading.block-dacc0016-67b5-4451-957e-9e18276c5aea .responsive-heading-desc-text {\n margin-bottom: 15px !important; }\n}\n @media only screen and (max-width: 767px){\n .skt-blocks-block-advanced-heading.block-dacc0016-67b5-4451-957e-9e18276c5aea .responsive-heading-title-text {\n margin-bottom: 15px !important; }\n .skt-blocks-block-advanced-heading.block-dacc0016-67b5-4451-957e-9e18276c5aea .responsive-heading-seperator {\n margin-bottom: 15px !important; }\n .skt-blocks-block-advanced-heading.block-dacc0016-67b5-4451-957e-9e18276c5aea .responsive-heading-desc-text {\n margin-bottom: 15px !important; }\n}\n<\/style><style type=\"text\/css\"> @media only screen and (max-width: 976px){\n\n.skt-blocks-block-advanced-heading.block-dacc0016-67b5-4451-957e-9e18276c5aea .responsive-heading-title-text {\n font-size: 32px; }\n}\n<\/style><style type=\"text\/css\"> @media only screen and (max-width: 767px){\n .skt-blocks-block-advanced-heading.block-dacc0016-67b5-4451-957e-9e18276c5aea .responsive-heading-title-text {\n font-size: 30px; }\n}\n<\/style><style type=\"text\/css\"> @media only screen and (min-width: 976px){\n\n.skt-blocks-block-advanced-heading.block-dacc0016-67b5-4451-957e-9e18276c5aea .responsive-heading-desc-text {\n font-size: undefinedpx !important; }\n}\n<\/style><style type=\"text\/css\"> @media only screen and (min-width: 976px){\n .skt-blocks-block-advanced-heading.block-dacc0016-67b5-4451-957e-9e18276c5aea {\n text-align: left; }\n}\n @media only screen and (max-width: 976px){\n .skt-blocks-block-advanced-heading.block-dacc0016-67b5-4451-957e-9e18276c5aea {\n text-align: left; }\n}\n @media only screen and (max-width: 767px){\n .skt-blocks-block-advanced-heading.block-dacc0016-67b5-4451-957e-9e18276c5aea {\n text-align: center; }\n}\n<\/style><div class=\"skt-blocks-block-advanced-heading block-dacc0016-67b5-4451-957e-9e18276c5aea\"><h2 class=\"responsive-heading-title-text\" style=\"font-family:Assistant;font-weight:700;line-height:1;letter-spacing:0\">El roc\u00edo como fen\u00f3meno f\u00edsico<\/h2><div class=\"responsive-heading-seperator-wrap\"><div class=\"responsive-heading-seperator\" style=\"border-top-style:solid;border-top-width:2px;width:40px;border-color:#6ab43e\"><\/div><\/div><\/div>\n\n\n\n<p>&#8220;El roc\u00edo est\u00e1 hecho de agua. Se forma durante la noche, cuando el cielo est\u00e1 despejado&#8221;. Todo se resume en estas pocas palabras.<\/p>\n\n\n\n<p>El roc\u00edo es el resultado casi m\u00e1gico de la transformaci\u00f3n del vapor de agua. Este vapor, contenido en nuestra atm\u00f3sfera, se metamorfosea sobre un soporte fr\u00edo en gotas de agua l\u00edquida. El soporte puede ser m\u00e1s fr\u00edo que la atm\u00f3sfera ambiente porque cede su calor al espacio interestelar difundiendo su luz, las ondas infrarrojas. La agitaci\u00f3n t\u00e9rmica desordenada de las mol\u00e9culas de vapor en el aire se transforma en orden l\u00edquido gracias a la temperatura m\u00e1s baja y a la estructura organizada del sustrato: es el fen\u00f3meno de la condensaci\u00f3n. La temperatura a la que el vapor de agua sobresaturado se transforma en agua l\u00edquida se denomina &#8220;temperatura de roc\u00edo&#8221;.<\/p>\n\n\n\n<p>Las gotas de lluvia y de niebla nacen, tambi\u00e9n, sobre sustratos, pero sobre sustratos microsc\u00f3picos: polvo, granos de arena del desierto, salpicaduras de agua de mar\u2026 que son los distintos g\u00e9rmenes que favorecen la condensaci\u00f3n. Podemos decir que la lluvia y la niebla son el roc\u00edo del cielo.<\/p>\n\n\n\n<p>Se sospechaba que la importancia de los intercambios radiativos en la temperatura de las superficies donde se forma el roc\u00edo contribu\u00eda muy tempranamente a la formaci\u00f3n del roc\u00edo; Esta hip\u00f3tesis subyacente se encuentra en el primer libro sobre este tema, de William Charles Wells &#8220;Un ensayo sobre el roc\u00edo, y varias apariciones relacionadas con \u00e9l&#8221;, publicado en 1814 en Londres.<\/p>\n\n\n\n<p>Los intercambios radiativos tienen, para simplificar las cosas, dos acciones antag\u00f3nicas: calentamiento, por radiaci\u00f3n solar, y enfriamiento, principalmente por emisi\u00f3n de infrarrojos, es decir, la radiaci\u00f3n emitida por un material a temperatura ambiente. Durante el d\u00eda, el calentamiento directo o indirecto del sol es mayor que el enfriamiento radiativo. Durante la noche, sin calefacci\u00f3n solar, el sustrato se enfr\u00eda. Evidentemente, los gases de efecto invernadero presentes en la atm\u00f3sfera, como el di\u00f3xido de carbono y especialmente el vapor de agua, limitan el enfriamiento por infrarrojos. El enfriamiento puede incluso anularse cuando la capa de nubes es densa: por esta raz\u00f3n, el roc\u00edo s\u00f3lo se forma durante las noches despejadas.<\/p>\n\n\n\n<p>Si se aprecia el roc\u00edo por el frescor que aporta a las ma\u00f1anas de principios de verano, y por la humedad que aporta a las plantas, incluso en \u00e9pocas secas, mientras que la helada blanca se aprecia menos cuando aparece, generalmente en octubre, y nos hace raspar los parabrisas de nuestros coches antes de ir a trabajar.<\/p>\n\n\n\n<p>Si existe escarcha blanca, es porque la temperatura de la superficie desciende por debajo de cero grados cent\u00edgrados y las gotas de roc\u00edo se han congelado. Estas gotitas fr\u00edas siguen creciendo en forma de agujas de hielo que forman la escarcha blanca, un verdadero &#8220;cristal&#8221; de roc\u00edo. El roc\u00edo y la escarcha blanca, sin embargo, surgen de la misma manera y requieren las mismas condiciones: un cielo nocturno despejado, una fuerte radiaci\u00f3n, luego una temperatura baja, un viento tranquilo y una fuerte humedad del aire.<\/p>\n\n\n\n<p>Las gotas de roc\u00edo crecen seg\u00fan reglas simples que conducen a un orden sorprendente. Cuando nacen peque\u00f1as gotas sobre una superficie, son de tama\u00f1o muy peque\u00f1o, del orden de una millon\u00e9sima de mil\u00edmetro. Crecen aglomerando las mol\u00e9culas de vapor a su alrededor: las gotas son aut\u00e9nticas bombas de mol\u00e9culas. Al aumentar su tama\u00f1o, se tocan y se fusionan (es el fen\u00f3meno de la coalescencia) y forman una nueva gota, m\u00e1s grande y de la misma forma, pero que ocupa menos lugar que las dos gotas precedentes. El resultado es sorprendente, pero se debe simplemente a que las gotas &#8220;crecen&#8221; en una dimensi\u00f3n distinta a la de la superficie, la tercera dimensi\u00f3n.<\/p>\n\n\n\n<p> Cualesquiera que sean los tama\u00f1os de las gotas, ya sean muy peque\u00f1as, de dimensiones comparables a las longitudes at\u00f3micas utilizadas durante la elaboraci\u00f3n de capas finas para su uso en nanoelectr\u00f3nica, o un mill\u00f3n de veces m\u00e1s grandes como las gotas que observamos a simple vista. En las hojas del jard\u00edn o en el cristal de la ventana de la cocina, casi la mitad de la superficie permanecer\u00e1 seca permanentemente. Esto da como resultado propiedades &#8220;universales&#8221; del roc\u00edo, que no detallaremos aqu\u00ed, pero que hacen que este modelo sea muy popular entre los cient\u00edficos que estudian las propiedades estad\u00edsticas de la materia. \u00a1Y hasta se pueden hacer &#8220;saltar&#8221; las gotas de roc\u00edo!<\/p>\n\n\n\n<p>Si la temperatura del s\u00f3lido sobre el que crece el roc\u00edo est\u00e1 pr\u00f3xima a su punto de fusi\u00f3n, el calor (latente) que el s\u00f3lido debe evacuar para que las mol\u00e9culas de vapor desordenadas se &#8220;calmen&#8221; y se organicen en l\u00edquido, es suficiente para licuar el sustrato. La gota realmente &#8220;salta&#8221; la danza de Saint-Gui.<\/p>\n\n\n\n<p>Las gotas de roc\u00edo pueden incluso &#8220;hablar&#8221;: cuando se tocan y se fusionan, emiten un peque\u00f1o &#8220;grito&#8221; que puede hacerse audible.<\/p>\n<\/div><\/div><\/div>\n\n\n\n<style type=\"text\/css\"> .block-dfd923e6-8115-40fb-9010-07877b724ec6 .skt-blocks-block-column {\n box-shadow: 0px 0px 0px 0px undefined ; }\n .block-dfd923e6-8115-40fb-9010-07877b724ec6 .skt-blocks-block-column:hover {\n box-shadow: 0px 0px 0px 0px #cccccc ; }\n @media only screen and (min-width: 976px){\n .block-dfd923e6-8115-40fb-9010-07877b724ec6 .skt-blocks-block-column{\n padding-top: undefinedpx; padding-bottom: undefinedpx; padding-left: undefinedpx; padding-right: undefinedpx; margin-top: undefinedpx; margin-bottom: undefinedpx; margin-left: undefinedpx; margin-right: undefinedpx; }\n}\n @media only screen and (max-width: 976px){\n .block-dfd923e6-8115-40fb-9010-07877b724ec6 .skt-blocks-block-column{\n padding-top: undefinedpx; padding-bottom: undefinedpx; padding-left: undefinedpx; padding-right: undefinedpx; margin-top: undefinedpx; margin-bottom: undefinedpx; margin-left: undefinedpx; margin-right: undefinedpx; }\n}\n @media only screen and (max-width: 767px){\n .block-dfd923e6-8115-40fb-9010-07877b724ec6 .skt-blocks-block-column{\n padding-top: 40px; padding-bottom: undefinedpx; padding-left: undefinedpx; padding-right: undefinedpx; margin-top: undefinedpx; margin-bottom: undefinedpx; margin-left: undefinedpx; margin-right: undefinedpx; }\n}\n<\/style><div class=\"skt-blocks-advanced-column-child block-dfd923e6-8115-40fb-9010-07877b724ec6\" style=\"width:50%\"><div class=\"responsive-column-wrap skt-blocks-block-column\" style=\"border-width:1px;border-style:none\"><div class=\"responsive-column-inner-wrap overlay-type-color linear\"><div class=\"wp-block-image\">\n<figure class=\"alignright size-full\"><img decoding=\"async\" loading=\"lazy\" width=\"453\" height=\"303\" src=\"https:\/\/www.opur.cloud\/wp-content\/uploads\/2023\/09\/BUEE.jpg\" alt=\"\" class=\"wp-image-1024\" srcset=\"https:\/\/www.opur.cloud\/wp-content\/uploads\/2023\/09\/BUEE.jpg 453w, https:\/\/www.opur.cloud\/wp-content\/uploads\/2023\/09\/BUEE-300x201.jpg 300w\" sizes=\"(max-width: 453px) 100vw, 453px\" \/><figcaption class=\"wp-element-caption\">Gotas de roc\u00edo sobre el cristal. Para saber m\u00e1s v\u00e9ase:<br><a rel=\"noreferrer noopener\" href=\"https:\/\/www.encyclopedie-environnement.org\/en\/air-en\/dew\/\" target=\"_blank\">https:\/\/www.encyclopedie-environnement.org\/en\/air-en\/dew\/<\/a><\/figcaption><\/figure><\/div><\/div><\/div><\/div>\n<\/div><\/div><\/div><\/div>\n<\/div><\/section><\/div>\n","protected":false},"excerpt":{"rendered":"","protected":false},"author":1,"featured_media":0,"parent":0,"menu_order":0,"comment_status":"closed","ping_status":"closed","template":"templates\/page-builder.php","meta":{"footnotes":""},"featured_image_src":false,"featured_image_src_square":false,"rbea_author_info":{"display_name":"admin","author_link":"https:\/\/www.opur.cloud\/index.php\/author\/admin\/"},"rbea_excerpt_info":null,"_links":{"self":[{"href":"https:\/\/www.opur.cloud\/index.php\/wp-json\/wp\/v2\/pages\/1471"}],"collection":[{"href":"https:\/\/www.opur.cloud\/index.php\/wp-json\/wp\/v2\/pages"}],"about":[{"href":"https:\/\/www.opur.cloud\/index.php\/wp-json\/wp\/v2\/types\/page"}],"author":[{"embeddable":true,"href":"https:\/\/www.opur.cloud\/index.php\/wp-json\/wp\/v2\/users\/1"}],"replies":[{"embeddable":true,"href":"https:\/\/www.opur.cloud\/index.php\/wp-json\/wp\/v2\/comments?post=1471"}],"version-history":[{"count":5,"href":"https:\/\/www.opur.cloud\/index.php\/wp-json\/wp\/v2\/pages\/1471\/revisions"}],"predecessor-version":[{"id":1478,"href":"https:\/\/www.opur.cloud\/index.php\/wp-json\/wp\/v2\/pages\/1471\/revisions\/1478"}],"wp:attachment":[{"href":"https:\/\/www.opur.cloud\/index.php\/wp-json\/wp\/v2\/media?parent=1471"}],"curies":[{"name":"wp","href":"https:\/\/api.w.org\/{rel}","templated":true}]}}