{"id":799,"date":"2023-09-03T09:23:21","date_gmt":"2023-09-03T09:23:21","guid":{"rendered":"https:\/\/www.opur.cloud\/?page_id=799"},"modified":"2023-09-03T09:31:29","modified_gmt":"2023-09-03T09:31:29","slug":"home-3","status":"publish","type":"page","link":"https:\/\/www.opur.cloud\/index.php\/fr\/home-3\/","title":{"rendered":"Home"},"content":{"rendered":"\n<div class=\"wp-block-skt-blocks-section skt-blocks-block-section-outer-wrap block-809ee1ed-89bb-4055-9e9b-56e185b5798c background-type-none alignundefined\" style=\"z-index:1;max-width:900px;margin-left:auto;margin-right:auto\"><style type=\"text\/css\"> @media only screen and (max-width: 976px){\n .block-809ee1ed-89bb-4055-9e9b-56e185b5798c .skt-blocks-block-section{\n margin-top: 0px; margin-bottom: 0px; margin-left: 0px; margin-right: 0px; padding-top: 10px; padding-bottom: 10px; padding-left: 10px; padding-right: 10px; }\n}\n @media only screen and (max-width: 767px){\n .block-809ee1ed-89bb-4055-9e9b-56e185b5798c .skt-blocks-block-section{\n margin-top: 0px; margin-bottom: 0px; margin-left: 0px; margin-right: 0px; padding-top: 10px; padding-bottom: 10px; padding-left: 10px; padding-right: 10px; }\n}\n @media only screen and (min-width: 976px){\n .block-809ee1ed-89bb-4055-9e9b-56e185b5798c .skt-blocks-block-section{\n margin-top: 0px; margin-bottom: 0px; margin-left: 0px; margin-right: 0px; padding-top: 10px; padding-bottom: 10px; padding-left: 10px; padding-right: 10px; }\n}\n .block-809ee1ed-89bb-4055-9e9b-56e185b5798c.skt-blocks-block-section-outer-wrap.background-type-image{\n background-image: linear-gradient(rgba(255, 255, 255, 0.2),rgba(255, 255, 255, 0.2)),url(undefined); background-position: center-center; background-attachment: scroll; background-repeat: no-repeat; background-size: cover; border-radius: 0px; }\n .block-809ee1ed-89bb-4055-9e9b-56e185b5798c.skt-blocks-block-section-outer-wrap.background-type-image .skt-blocks-block-section.overlay-type-color{\n background-color: rgba(255, 255, 255, 0.2); }\n .block-809ee1ed-89bb-4055-9e9b-56e185b5798c.skt-blocks-block-section-outer-wrap.background-type-image .skt-blocks-block-section.overlay-type-gradient.linear{\n background-image: linear-gradient(0deg, rgba(255, 255, 255, 0.2) 0%, rgba(255, 255, 255, 0.2) 100%); }\n .block-809ee1ed-89bb-4055-9e9b-56e185b5798c.skt-blocks-block-section-outer-wrap.background-type-image .skt-blocks-block-section.overlay-type-gradient.radial{\n background-image: radial-gradient( at center center, rgba(255, 255, 255, 0.2) 0%, rgba(255, 255, 255, 0.2) 100%); }\n .block-809ee1ed-89bb-4055-9e9b-56e185b5798c.background-type-video .skt-blocks-block-section {\n background-color: rgba(255, 255, 255, 0.2); }\n<\/style><section class=\"responsive-section-wrap skt-blocks-block-section overlay-type-color linear\" style=\"border-width:1px;border-style:none;border-radius:0;box-shadow:0px 0px 0px 0px undefined \"><div class=\"responsive-section-inner-wrap\" style=\"z-index:1\"><\/div><\/section><\/div>\n\n\n\n<div class=\"wp-block-skt-blocks-section skt-blocks-block-section-outer-wrap block-7209f8ff-f4aa-4b90-9ee9-bd179f367e6c background-type-none alignundefined\" style=\"z-index:1;max-width:900px;margin-left:auto;margin-right:auto\"><style type=\"text\/css\"> @media only screen and (max-width: 976px){\n .block-7209f8ff-f4aa-4b90-9ee9-bd179f367e6c .skt-blocks-block-section{\n margin-top: 0px; margin-bottom: 0px; margin-left: 0px; margin-right: 0px; padding-top: 10px; padding-bottom: 10px; padding-left: 10px; padding-right: 10px; }\n}\n @media only screen and (max-width: 767px){\n .block-7209f8ff-f4aa-4b90-9ee9-bd179f367e6c .skt-blocks-block-section{\n margin-top: 0px; margin-bottom: 0px; margin-left: 0px; margin-right: 0px; padding-top: 10px; padding-bottom: 10px; padding-left: 10px; padding-right: 10px; }\n}\n @media only screen and (min-width: 976px){\n .block-7209f8ff-f4aa-4b90-9ee9-bd179f367e6c .skt-blocks-block-section{\n margin-top: 0px; margin-bottom: 0px; margin-left: 0px; margin-right: 0px; padding-top: 10px; padding-bottom: 10px; padding-left: 10px; padding-right: 10px; }\n}\n .block-7209f8ff-f4aa-4b90-9ee9-bd179f367e6c.skt-blocks-block-section-outer-wrap.background-type-image{\n background-image: linear-gradient(rgba(255, 255, 255, 0.2),rgba(255, 255, 255, 0.2)),url(undefined); background-position: center-center; background-attachment: scroll; background-repeat: no-repeat; background-size: cover; border-radius: 0px; }\n .block-7209f8ff-f4aa-4b90-9ee9-bd179f367e6c.skt-blocks-block-section-outer-wrap.background-type-image .skt-blocks-block-section.overlay-type-color{\n background-color: rgba(255, 255, 255, 0.2); }\n .block-7209f8ff-f4aa-4b90-9ee9-bd179f367e6c.skt-blocks-block-section-outer-wrap.background-type-image .skt-blocks-block-section.overlay-type-gradient.linear{\n background-image: linear-gradient(0deg, rgba(255, 255, 255, 0.2) 0%, rgba(255, 255, 255, 0.2) 100%); }\n .block-7209f8ff-f4aa-4b90-9ee9-bd179f367e6c.skt-blocks-block-section-outer-wrap.background-type-image .skt-blocks-block-section.overlay-type-gradient.radial{\n background-image: radial-gradient( at center center, rgba(255, 255, 255, 0.2) 0%, rgba(255, 255, 255, 0.2) 100%); }\n .block-7209f8ff-f4aa-4b90-9ee9-bd179f367e6c.background-type-video .skt-blocks-block-section {\n background-color: rgba(255, 255, 255, 0.2); }\n<\/style><section class=\"responsive-section-wrap skt-blocks-block-section overlay-type-color linear\" style=\"border-width:1px;border-style:none;border-radius:0;box-shadow:0px 0px 0px 0px undefined \"><div class=\"responsive-section-inner-wrap\" style=\"z-index:1\">\n<div style=\"height:50px\" aria-hidden=\"true\" class=\"wp-block-spacer\"><\/div>\n\n\n\n<h2 class=\"wp-block-heading\">OPUR<\/h2>\n\n\n\n<h3 class=\"wp-block-heading\">International Organization For Dew Utilization<\/h3>\n\n\n\n<p>( Non &#8211; Profit Organization )<\/p>\n\n\n\n<p>\u2026La Ros\u00e9e<br>est semblable \u00e0 notre Terre, si solide mais aussi si fragile. Il ne tient qu&#8217;\u00e0 nous que ce miracle matinal ne se transforme jamais en caustique et naus\u00e9abond liquide. Pour que ros\u00e9e reste symbole de puret\u00e9 et d&#8217;innocence\u2026<\/p>\n<\/div><\/section><\/div>\n\n\n\n<div class=\"wp-block-skt-blocks-section skt-blocks-block-section-outer-wrap block-735bf191-8e2a-4243-b575-b9deb528cf07 background-type-none alignundefined\" style=\"z-index:1;max-width:900px;margin-left:auto;margin-right:auto\"><style type=\"text\/css\"> @media only screen and (max-width: 976px){\n .block-735bf191-8e2a-4243-b575-b9deb528cf07 .skt-blocks-block-section{\n margin-top: 0px; margin-bottom: 0px; margin-left: 0px; margin-right: 0px; padding-top: 10px; padding-bottom: 10px; padding-left: 10px; padding-right: 10px; }\n}\n @media only screen and (max-width: 767px){\n .block-735bf191-8e2a-4243-b575-b9deb528cf07 .skt-blocks-block-section{\n margin-top: 0px; margin-bottom: 0px; margin-left: 0px; margin-right: 0px; padding-top: 10px; padding-bottom: 10px; padding-left: 10px; padding-right: 10px; }\n}\n @media only screen and (min-width: 976px){\n .block-735bf191-8e2a-4243-b575-b9deb528cf07 .skt-blocks-block-section{\n margin-top: 0px; margin-bottom: 0px; margin-left: 0px; margin-right: 0px; padding-top: 10px; padding-bottom: 10px; padding-left: 10px; padding-right: 10px; }\n}\n .block-735bf191-8e2a-4243-b575-b9deb528cf07.skt-blocks-block-section-outer-wrap.background-type-image{\n background-image: linear-gradient(rgba(255, 255, 255, 0.2),rgba(255, 255, 255, 0.2)),url(undefined); background-position: center-center; background-attachment: scroll; background-repeat: no-repeat; background-size: cover; border-radius: 0px; }\n .block-735bf191-8e2a-4243-b575-b9deb528cf07.skt-blocks-block-section-outer-wrap.background-type-image .skt-blocks-block-section.overlay-type-color{\n background-color: rgba(255, 255, 255, 0.2); }\n .block-735bf191-8e2a-4243-b575-b9deb528cf07.skt-blocks-block-section-outer-wrap.background-type-image .skt-blocks-block-section.overlay-type-gradient.linear{\n background-image: linear-gradient(0deg, rgba(255, 255, 255, 0.2) 0%, rgba(255, 255, 255, 0.2) 100%); }\n .block-735bf191-8e2a-4243-b575-b9deb528cf07.skt-blocks-block-section-outer-wrap.background-type-image .skt-blocks-block-section.overlay-type-gradient.radial{\n background-image: radial-gradient( at center center, rgba(255, 255, 255, 0.2) 0%, rgba(255, 255, 255, 0.2) 100%); }\n .block-735bf191-8e2a-4243-b575-b9deb528cf07.background-type-video .skt-blocks-block-section {\n background-color: rgba(255, 255, 255, 0.2); }\n<\/style><section class=\"responsive-section-wrap skt-blocks-block-section overlay-type-color linear\" style=\"border-width:1px;border-style:none;border-radius:0;box-shadow:0px 0px 0px 0px undefined \"><div class=\"responsive-section-inner-wrap\" style=\"z-index:1\">\n<div class=\"wp-block-columns is-layout-flex wp-container-4 wp-block-columns-is-layout-flex\">\n<div class=\"wp-block-column is-layout-flow wp-block-column-is-layout-flow\">\n<figure class=\"wp-block-image size-full\"><img decoding=\"async\" loading=\"lazy\" width=\"356\" height=\"267\" src=\"https:\/\/www.opur.cloud\/wp-content\/uploads\/2023\/09\/Maroc09bis.jpg\" alt=\"\" class=\"wp-image-770\" srcset=\"https:\/\/www.opur.cloud\/wp-content\/uploads\/2023\/09\/Maroc09bis.jpg 356w, https:\/\/www.opur.cloud\/wp-content\/uploads\/2023\/09\/Maroc09bis-300x225.jpg 300w\" sizes=\"(max-width: 356px) 100vw, 356px\" \/><figcaption class=\"wp-element-caption\">Vue d\u2019ensemble du projet au Maroc<\/figcaption><\/figure>\n<\/div>\n\n\n\n<div class=\"wp-block-column is-layout-flow wp-block-column-is-layout-flow\">\n<figure class=\"wp-block-image size-full\"><img decoding=\"async\" loading=\"lazy\" width=\"640\" height=\"480\" src=\"https:\/\/www.opur.cloud\/wp-content\/uploads\/2023\/09\/Toit-Bisevo-2.jpg\" alt=\"\" class=\"wp-image-771\" srcset=\"https:\/\/www.opur.cloud\/wp-content\/uploads\/2023\/09\/Toit-Bisevo-2.jpg 640w, https:\/\/www.opur.cloud\/wp-content\/uploads\/2023\/09\/Toit-Bisevo-2-300x225.jpg 300w\" sizes=\"(max-width: 640px) 100vw, 640px\" \/><figcaption class=\"wp-element-caption\">Le toit et les sondes de condensation<br>(Ile de Bi\u0161evo, Croatie)<\/figcaption><\/figure>\n<\/div>\n\n\n\n<div class=\"wp-block-column is-layout-flow wp-block-column-is-layout-flow\">\n<figure class=\"wp-block-image size-full is-resized\"><img decoding=\"async\" loading=\"lazy\" src=\"https:\/\/www.opur.cloud\/wp-content\/uploads\/2023\/09\/cond-Vignola2.jpg\" alt=\"\" class=\"wp-image-772\" style=\"width:320px;height:203px\" width=\"320\" height=\"203\" srcset=\"https:\/\/www.opur.cloud\/wp-content\/uploads\/2023\/09\/cond-Vignola2.jpg 334w, https:\/\/www.opur.cloud\/wp-content\/uploads\/2023\/09\/cond-Vignola2-300x190.jpg 300w\" sizes=\"(max-width: 320px) 100vw, 320px\" \/><figcaption class=\"wp-element-caption\">Condenseur exp\u00e9rimental de ros\u00e9e \u00e0 Vignola (France)<\/figcaption><\/figure>\n<\/div>\n<\/div>\n<\/div><\/section><\/div>\n\n\n\n<div style=\"height:100px\" aria-hidden=\"true\" class=\"wp-block-spacer\"><\/div>\n","protected":false},"excerpt":{"rendered":"","protected":false},"author":1,"featured_media":0,"parent":0,"menu_order":0,"comment_status":"closed","ping_status":"closed","template":"templates\/page-builder.php","meta":{"footnotes":""},"featured_image_src":false,"featured_image_src_square":false,"rbea_author_info":{"display_name":"admin","author_link":"https:\/\/www.opur.cloud\/index.php\/author\/admin\/"},"rbea_excerpt_info":null,"_links":{"self":[{"href":"https:\/\/www.opur.cloud\/index.php\/wp-json\/wp\/v2\/pages\/799"}],"collection":[{"href":"https:\/\/www.opur.cloud\/index.php\/wp-json\/wp\/v2\/pages"}],"about":[{"href":"https:\/\/www.opur.cloud\/index.php\/wp-json\/wp\/v2\/types\/page"}],"author":[{"embeddable":true,"href":"https:\/\/www.opur.cloud\/index.php\/wp-json\/wp\/v2\/users\/1"}],"replies":[{"embeddable":true,"href":"https:\/\/www.opur.cloud\/index.php\/wp-json\/wp\/v2\/comments?post=799"}],"version-history":[{"count":4,"href":"https:\/\/www.opur.cloud\/index.php\/wp-json\/wp\/v2\/pages\/799\/revisions"}],"predecessor-version":[{"id":808,"href":"https:\/\/www.opur.cloud\/index.php\/wp-json\/wp\/v2\/pages\/799\/revisions\/808"}],"wp:attachment":[{"href":"https:\/\/www.opur.cloud\/index.php\/wp-json\/wp\/v2\/media?parent=799"}],"curies":[{"name":"wp","href":"https:\/\/api.w.org\/{rel}","templated":true}]}}