{"id":865,"date":"2023-09-10T15:01:11","date_gmt":"2023-09-10T15:01:11","guid":{"rendered":"https:\/\/www.opur.cloud\/?page_id=865"},"modified":"2023-10-19T11:02:19","modified_gmt":"2023-10-19T11:02:19","slug":"opur-books-newsletters","status":"publish","type":"page","link":"https:\/\/www.opur.cloud\/index.php\/opur-books-newsletters\/","title":{"rendered":"OPUR books &#038; newsletters"},"content":{"rendered":"\n<div class=\"wp-block-skt-blocks-section gbnature-section-4 skt-blocks-block-section-outer-wrap block-6dc6bda3-af35-4e10-935a-d4a3a2d225eb background-type-color alignundefined\" style=\"z-index:1;max-width:;margin-left:;margin-right:\"><style type=\"text\/css\"> @media only screen and (max-width: 976px){\n .block-6dc6bda3-af35-4e10-935a-d4a3a2d225eb .skt-blocks-block-section{\n margin-top: 0px; margin-bottom: 0px; margin-left: 0px; margin-right: 0px; padding-top: 40px; padding-bottom: 40px; padding-left: 10px; padding-right: 10px; }\n}\n @media only screen and (max-width: 767px){\n .block-6dc6bda3-af35-4e10-935a-d4a3a2d225eb .skt-blocks-block-section{\n margin-top: 0px; margin-bottom: 0px; margin-left: 0px; margin-right: 0px; padding-top: 40px; padding-bottom: 40px; padding-left: 10px; padding-right: 10px; }\n}\n @media only screen and (min-width: 976px){\n .block-6dc6bda3-af35-4e10-935a-d4a3a2d225eb .skt-blocks-block-section{\n margin-top: 0px; margin-bottom: 0px; margin-left: 0px; margin-right: 0px; padding-top: 80px; padding-bottom: 80px; padding-left: 0px; padding-right: 0px; }\n}\n .block-6dc6bda3-af35-4e10-935a-d4a3a2d225eb.skt-blocks-block-section-outer-wrap.background-type-image{\n background-image: linear-gradient(rgba(255, 255, 255, 1),rgba(255, 255, 255, 1)),url(undefined); background-position: center-center; background-attachment: scroll; background-repeat: no-repeat; background-size: cover; border-radius: 0px; }\n .block-6dc6bda3-af35-4e10-935a-d4a3a2d225eb.skt-blocks-block-section-outer-wrap.background-type-image .skt-blocks-block-section.overlay-type-color{\n background-color: rgba(255, 255, 255, 1); }\n .block-6dc6bda3-af35-4e10-935a-d4a3a2d225eb.skt-blocks-block-section-outer-wrap.background-type-image .skt-blocks-block-section.overlay-type-gradient.linear{\n background-image: linear-gradient(0deg, rgba(255, 255, 255, 1) 0%, rgba(255, 255, 255, 1) 100%); }\n .block-6dc6bda3-af35-4e10-935a-d4a3a2d225eb.skt-blocks-block-section-outer-wrap.background-type-image .skt-blocks-block-section.overlay-type-gradient.radial{\n background-image: radial-gradient( at center center, rgba(255, 255, 255, 1) 0%, rgba(255, 255, 255, 1) 100%); }\n .block-6dc6bda3-af35-4e10-935a-d4a3a2d225eb.background-type-video .skt-blocks-block-section {\n background-color: rgba(255, 255, 255, 1); }\n<\/style><style type=\"text\/css\"> .block-6dc6bda3-af35-4e10-935a-d4a3a2d225eb .responsive-section-inner-wrap {\n max-width : 100%; }\n @media only screen and (min-width: 976px){\n .block-6dc6bda3-af35-4e10-935a-d4a3a2d225eb .responsive-section-inner-wrap, .page.page-template-gutenberg-fullwidth .block-6dc6bda3-af35-4e10-935a-d4a3a2d225eb.alignfull .responsive-section-inner-wrap {\n max-width : 1140px !important; }\n}\n @media only screen and (max-width: 976px){\n .block-6dc6bda3-af35-4e10-935a-d4a3a2d225eb .responsive-section-inner-wrap, .page.page-template-gutenberg-fullwidth .block-6dc6bda3-af35-4e10-935a-d4a3a2d225eb.alignfull .responsive-section-inner-wrap {\n max-width : 1140px !important; }\n}\n @media only screen and (max-width: 767px){\n .block-6dc6bda3-af35-4e10-935a-d4a3a2d225eb .responsive-section-inner-wrap, .page.page-template-gutenberg-fullwidth .block-6dc6bda3-af35-4e10-935a-d4a3a2d225eb.alignfull .responsive-section-inner-wrap {\n max-width : 1140px !important; }\n}\n<\/style><section class=\"responsive-section-wrap skt-blocks-block-section overlay-type-color linear\" style=\"border-width:1px;border-style:none;border-radius:0;background-color:rgba(255, 255, 255, 1);box-shadow:0px 0px 0px 0px undefined \"><div class=\"responsive-section-inner-wrap\" style=\"z-index:1\">\n<style type=\"text\/css\"> .block-4f98c67f-95b1-4529-adf6-71842ff49449 .skt-blocks-block-columns.overlay-type-color{\n background-color: rgba(255, 255, 255, 0); }\n .block-4f98c67f-95b1-4529-adf6-71842ff49449 .skt-blocks-block-columns.overlay-type-gradient.linear{\n background-image: linear-gradient(0deg, rgba(255, 255, 255, 0) 0%, rgba(255, 255, 255, 0) 100%); }\n .block-4f98c67f-95b1-4529-adf6-71842ff49449 .skt-blocks-block-columns.overlay-type-gradient.radial{\n background-image: radial-gradient( at center center, rgba(255, 255, 255, 0) 0%, rgba(255, 255, 255, 0) 100%); }\n .block-4f98c67f-95b1-4529-adf6-71842ff49449 .skt-blocks-block-column{\n min-height: ; align-items: flex-start; }\n @media only screen and (min-width: 976px){\n .block-4f98c67f-95b1-4529-adf6-71842ff49449 .skt-blocks-block-columns{\n padding-top: 10px; padding-bottom: 10px; padding-left: 10px; padding-right: 10px; margin-top: 0px; margin-bottom: 0px; }\n}\n @media only screen and (max-width: 976px){\n .block-4f98c67f-95b1-4529-adf6-71842ff49449 .skt-blocks-block-columns{\n padding-top: undefinedpx; padding-bottom: undefinedpx; padding-left: undefinedpx; padding-right: undefinedpx; margin-top: undefinedpx; margin-bottom: undefinedpx; }\n}\n @media only screen and (max-width: 767px){\n .block-4f98c67f-95b1-4529-adf6-71842ff49449 .skt-blocks-block-columns{\n padding-top: undefinedpx; padding-bottom: undefinedpx; padding-left: undefinedpx; padding-right: undefinedpx; margin-top: undefinedpx; margin-bottom: undefinedpx; }\n}\n<\/style><div class=\"block-4f98c67f-95b1-4529-adf6-71842ff49449 skt-blocks-advanced-column-outer-wrap undefined\" style=\"z-index:1\"><div class=\"skt-blocks-advanced-column alignundefined\"><div class=\"responsive-columns-wrap skt-blocks-block-columns responsive-columns__gap-default responsive-columns__stack-mobile responsive-columns__content-width-theme overlay-type-color linear\" style=\"text-align:left;border-width:1px;border-style:none;box-shadow:0px 0px 0px 0px undefined \"><div class=\"responsive-columns-inner-wrap responsive-columns-columns-2\" style=\"max-width:100%\">\n<style type=\"text\/css\"> .block-4b54d088-2171-4a2f-b374-674e6e57e212 .skt-blocks-block-column {\n box-shadow: 0px 0px 0px 0px undefined ; }\n .block-4b54d088-2171-4a2f-b374-674e6e57e212 .skt-blocks-block-column:hover {\n box-shadow: 0px 0px 0px 0px #cccccc ; }\n @media only screen and (min-width: 976px){\n .block-4b54d088-2171-4a2f-b374-674e6e57e212 .skt-blocks-block-column{\n padding-top: undefinedpx; padding-bottom: undefinedpx; padding-left: undefinedpx; padding-right: undefinedpx; margin-top: undefinedpx; margin-bottom: undefinedpx; margin-left: undefinedpx; margin-right: undefinedpx; }\n}\n @media only screen and (max-width: 976px){\n .block-4b54d088-2171-4a2f-b374-674e6e57e212 .skt-blocks-block-column{\n padding-top: undefinedpx; padding-bottom: undefinedpx; padding-left: undefinedpx; padding-right: undefinedpx; margin-top: undefinedpx; margin-bottom: undefinedpx; margin-left: undefinedpx; margin-right: undefinedpx; }\n}\n @media only screen and (max-width: 767px){\n .block-4b54d088-2171-4a2f-b374-674e6e57e212 .skt-blocks-block-column{\n padding-top: 40px; padding-bottom: undefinedpx; padding-left: undefinedpx; padding-right: undefinedpx; margin-top: undefinedpx; margin-bottom: undefinedpx; margin-left: undefinedpx; margin-right: undefinedpx; }\n}\n<\/style><div class=\"skt-blocks-advanced-column-child block-4b54d088-2171-4a2f-b374-674e6e57e212\" style=\"width:50%\"><div class=\"responsive-column-wrap skt-blocks-block-column\" style=\"border-width:1px;border-style:none\"><div class=\"responsive-column-inner-wrap overlay-type-color linear\">\n<p class=\"has-medium-font-size\">OPUR HAS CELEBRATED ITS 20 YEARS ANNIVERSARY IN 2019! ALREADY!<\/p>\n\n\n\n<style type=\"text\/css\"> @media only screen and (min-width: 976px){\n\n.skt-blocks-block-advanced-heading.block-da782500-487d-456e-af26-ad8b83595fef .responsive-heading-title-text {\n font-size: 38px !important; margin-bottom: 20px !important; }\n\n.skt-blocks-block-advanced-heading.block-da782500-487d-456e-af26-ad8b83595fef .responsive-heading-seperator {\n margin-bottom: 15px !important; }\n\n.skt-blocks-block-advanced-heading.block-da782500-487d-456e-af26-ad8b83595fef .responsive-heading-desc-text {\n margin-bottom: 15px !important; }\n}\n @media only screen and (min-width: 768px) and (max-width: 976px){\n\n.skt-blocks-block-advanced-heading.block-da782500-487d-456e-af26-ad8b83595fef .responsive-heading-title-text {\n margin-bottom: 15px !important; }\n\n.skt-blocks-block-advanced-heading.block-da782500-487d-456e-af26-ad8b83595fef .responsive-heading-seperator {\n margin-bottom: 15px !important; }\n\n.skt-blocks-block-advanced-heading.block-da782500-487d-456e-af26-ad8b83595fef .responsive-heading-desc-text {\n margin-bottom: 15px !important; }\n}\n @media only screen and (max-width: 767px){\n .skt-blocks-block-advanced-heading.block-da782500-487d-456e-af26-ad8b83595fef .responsive-heading-title-text {\n margin-bottom: 15px !important; }\n .skt-blocks-block-advanced-heading.block-da782500-487d-456e-af26-ad8b83595fef .responsive-heading-seperator {\n margin-bottom: 15px !important; }\n .skt-blocks-block-advanced-heading.block-da782500-487d-456e-af26-ad8b83595fef .responsive-heading-desc-text {\n margin-bottom: 15px !important; }\n}\n<\/style><style type=\"text\/css\"> @media only screen and (max-width: 976px){\n\n.skt-blocks-block-advanced-heading.block-da782500-487d-456e-af26-ad8b83595fef .responsive-heading-title-text {\n font-size: 32px; }\n}\n<\/style><style type=\"text\/css\"> @media only screen and (max-width: 767px){\n .skt-blocks-block-advanced-heading.block-da782500-487d-456e-af26-ad8b83595fef .responsive-heading-title-text {\n font-size: 30px; }\n}\n<\/style><style type=\"text\/css\"> @media only screen and (min-width: 976px){\n\n.skt-blocks-block-advanced-heading.block-da782500-487d-456e-af26-ad8b83595fef .responsive-heading-desc-text {\n font-size: undefinedpx !important; }\n}\n<\/style><style type=\"text\/css\"> @media only screen and (min-width: 976px){\n .skt-blocks-block-advanced-heading.block-da782500-487d-456e-af26-ad8b83595fef {\n text-align: left; }\n}\n @media only screen and (max-width: 976px){\n .skt-blocks-block-advanced-heading.block-da782500-487d-456e-af26-ad8b83595fef {\n text-align: left; }\n}\n @media only screen and (max-width: 767px){\n .skt-blocks-block-advanced-heading.block-da782500-487d-456e-af26-ad8b83595fef {\n text-align: center; }\n}\n<\/style><div class=\"skt-blocks-block-advanced-heading block-da782500-487d-456e-af26-ad8b83595fef\"><h2 class=\"responsive-heading-title-text\" style=\"font-family:Assistant;font-weight:700;line-height:1;letter-spacing:0\">Our books<\/h2><div class=\"responsive-heading-seperator-wrap\"><div class=\"responsive-heading-seperator\" style=\"border-top-style:solid;border-top-width:2px;width:40px;border-color:#6ab43e\"><\/div><\/div><\/div>\n\n\n\n<p><strong>Daniel Beysens<\/strong><br><strong>Dew. Encyclopedia of the Environment <\/strong>(2022).<br>on <a href=\"https:\/\/www.encyclopedie-environnement.org\/en\/presentation-2\/\">https:\/\/www.encyclopedie-environnement.org\/en\/presentation-2\/<\/a><br>Bu\u00e9e et Ros\u00e9e. Encyclopedie de l\u2019Environnement (2022).<br>on https:\/\/www.encyclopedie-environnement.org\/en\/home\/ \u201d<\/p>\n\n\n\n<p><strong>Daniel Beysens<\/strong><br><strong>&#8220;The Physics of Dew, Breath Figures and Dropwise Condensation&#8221;<\/strong><br>Lecture Notes in Physics, Berlin Springer Verlag, 2022, vol. 994<br>on <a href=\"https:\/\/link.springer.com\/book\/10.1007\/978-3-030-90442-5\">https:\/\/link.springer.com\/book\/10.1007\/978-3-030-90442-5<\/a><\/p>\n\n\n\n<div style=\"height:0px\" aria-hidden=\"true\" class=\"wp-block-spacer\"><\/div>\n\n\n\n<p><strong>Daniel Beysens<br>&#8220;Dew Water&#8221;<br>Winner of the Atmospheric Science Librarians International (ASLI) 2018 CHOICE Honorable Mention Award<\/strong><br>River Publishers Series in Chemical, Environmental, and Energy Engineering<br>on <a href=\"https:\/\/www.riverpublishers.com\/book_details.php?book_id=479\/\" data-type=\"link\" data-id=\"https:\/\/www.riverpublishers.com\/book_details.php?book_id=479\/\">www.riverpublishers.com<\/a><\/p>\n\n\n\n<p><strong>I. Mylymuk &amp; D. Beysens<br>&#8220;A la poursuite des Fontaines A\u00e9riennes&#8221;<\/strong><br>on <a href=\"http:\/\/www.book-e-book.com\/\" data-type=\"link\" data-id=\"http:\/\/www.book-e-book.com\/\">www.book-e-book.com<\/a> or <a href=\"http:\/\/www.amazon.fr\/\" data-type=\"link\" data-id=\"http:\/\/www.amazon.fr\/\">www.amazon.fr<\/a><\/p>\n\n\n\n<p><strong>Erik Orsenna<br>&#8220;L&#8217;avenir de l&#8217;eau, petit pr\u00e9cis de mondialisation&#8221;<\/strong><br>on <a href=\"http:\/\/www.amazon.fr\/\" data-type=\"link\" data-id=\"http:\/\/www.amazon.fr\/\">www.amazon.fr<\/a><\/p>\n\n\n\n<p><strong>G. Sharan<br>&#8220;Dew Harvest To Supplement Drinking Water Sources in Arid Coastal Belt of Kutch&#8221;<\/strong><br>on &#8220;Foundation Books&#8221;<\/p>\n\n\n\n<p><strong>P. Admirat, B. Dalle, J.-L. Lapeyre<br>&#8220;Neige collante, givre, pluie vergla\u00e7ante sur les lignes \u00e9lectriques&#8221;<\/strong><br>EDF, France, 2006<\/p>\n\n\n\n<p><strong>Berkowicz, S.M., Rautenbach, R. &amp; Jana Olivier, J.<br>&#8220;Proceedings of the Third International Conference on Fog, Fog Collection and Dew, Cape Town, South Africa, 11-15 October 2004&#8221;<\/strong><br>Atmospheric Research, Vol 87, pp 199-388, 2008<\/p>\n\n\n\n<p><strong>D. Beysens, I. Mylymuk, A. Dejoan<br>&#8220;Roc\u00edo y sereno, otras fuentes de agua, CAPTACI\u00d3N DE PRECIPITACIONES HORIZONTALES Y ESCORRENT\u00cdAS EN ZONAS SECAS: Hidrolog\u00eda de Conservaci\u00f3n de Aguas&#8221;<\/strong><br>Universidad de Valladolid, Secretario de Publicaciones e Intercambio Editorial, Serie: CIENCIAS 25, 2009<\/p>\n\n\n\n<p><strong>I. Mylymuk-Melnytchouk, D. Beysens<br>&#8220;Puits A\u00e9riens : mythes et r\u00e9alit\u00e9s&#8221;<br>Travaux russes &amp; sovi\u00e9tiques sur la production d&#8217;eau \u00e0 partir de l&#8217;air<\/strong><br>Editions Universitaires Europ\u00e9ennes, 2016<br>on <a href=\"http:\/\/www.amazon.fr\/\" data-type=\"link\" data-id=\"http:\/\/www.amazon.fr\/\">www.amazon.fr<\/a><\/p>\n<\/div><\/div><\/div>\n\n\n\n<style type=\"text\/css\"> .block-ae1a4ba3-b991-41cf-8f46-f7e4d6ec2199 .skt-blocks-block-column {\n box-shadow: 0px 0px 0px 0px undefined ; }\n .block-ae1a4ba3-b991-41cf-8f46-f7e4d6ec2199 .skt-blocks-block-column:hover {\n box-shadow: 0px 0px 0px 0px #cccccc ; }\n @media only screen and (min-width: 976px){\n .block-ae1a4ba3-b991-41cf-8f46-f7e4d6ec2199 .skt-blocks-block-column{\n padding-top: undefinedpx; padding-bottom: undefinedpx; padding-left: 30px; padding-right: undefinedpx; margin-top: undefinedpx; margin-bottom: undefinedpx; margin-left: undefinedpx; margin-right: undefinedpx; }\n}\n @media only screen and (max-width: 976px){\n .block-ae1a4ba3-b991-41cf-8f46-f7e4d6ec2199 .skt-blocks-block-column{\n padding-top: undefinedpx; padding-bottom: undefinedpx; padding-left: undefinedpx; padding-right: undefinedpx; margin-top: undefinedpx; margin-bottom: undefinedpx; margin-left: undefinedpx; margin-right: undefinedpx; }\n}\n @media only screen and (max-width: 767px){\n .block-ae1a4ba3-b991-41cf-8f46-f7e4d6ec2199 .skt-blocks-block-column{\n padding-top: undefinedpx; padding-bottom: undefinedpx; padding-left: undefinedpx; padding-right: undefinedpx; margin-top: undefinedpx; margin-bottom: undefinedpx; margin-left: undefinedpx; margin-right: undefinedpx; }\n}\n<\/style><div class=\"skt-blocks-advanced-column-child block-ae1a4ba3-b991-41cf-8f46-f7e4d6ec2199\" style=\"width:50%\"><div class=\"responsive-column-wrap skt-blocks-block-column\" style=\"border-width:1px;border-style:none\"><div class=\"responsive-column-inner-wrap overlay-type-color linear\">\n<figure class=\"wp-block-image size-full\"><a href=\"https:\/\/fogdew2023.org\/\"><img decoding=\"async\" loading=\"lazy\" width=\"450\" height=\"144\" src=\"https:\/\/www.opur.cloud\/wp-content\/uploads\/2023\/10\/fogdew.png\" alt=\"9th International Conference on\nFog, Fog Collection, and Dew\" class=\"wp-image-1367\" srcset=\"https:\/\/www.opur.cloud\/wp-content\/uploads\/2023\/10\/fogdew.png 450w, https:\/\/www.opur.cloud\/wp-content\/uploads\/2023\/10\/fogdew-300x96.png 300w\" sizes=\"(max-width: 450px) 100vw, 450px\" \/><\/a><\/figure>\n\n\n\n<div style=\"height:40px\" aria-hidden=\"true\" class=\"wp-block-spacer\"><\/div>\n\n\n\n<style type=\"text\/css\"> @media only screen and (min-width: 976px){\n\n.skt-blocks-block-advanced-heading.block-f33794cd-8acb-4ac5-93b5-16f3940f84d6 .responsive-heading-title-text {\n font-size: 38px !important; margin-bottom: 20px !important; }\n\n.skt-blocks-block-advanced-heading.block-f33794cd-8acb-4ac5-93b5-16f3940f84d6 .responsive-heading-seperator {\n margin-bottom: 15px !important; }\n\n.skt-blocks-block-advanced-heading.block-f33794cd-8acb-4ac5-93b5-16f3940f84d6 .responsive-heading-desc-text {\n margin-bottom: 15px !important; }\n}\n @media only screen and (min-width: 768px) and (max-width: 976px){\n\n.skt-blocks-block-advanced-heading.block-f33794cd-8acb-4ac5-93b5-16f3940f84d6 .responsive-heading-title-text {\n margin-bottom: 15px !important; }\n\n.skt-blocks-block-advanced-heading.block-f33794cd-8acb-4ac5-93b5-16f3940f84d6 .responsive-heading-seperator {\n margin-bottom: 15px !important; }\n\n.skt-blocks-block-advanced-heading.block-f33794cd-8acb-4ac5-93b5-16f3940f84d6 .responsive-heading-desc-text {\n margin-bottom: 15px !important; }\n}\n @media only screen and (max-width: 767px){\n .skt-blocks-block-advanced-heading.block-f33794cd-8acb-4ac5-93b5-16f3940f84d6 .responsive-heading-title-text {\n margin-bottom: 15px !important; }\n .skt-blocks-block-advanced-heading.block-f33794cd-8acb-4ac5-93b5-16f3940f84d6 .responsive-heading-seperator {\n margin-bottom: 15px !important; }\n .skt-blocks-block-advanced-heading.block-f33794cd-8acb-4ac5-93b5-16f3940f84d6 .responsive-heading-desc-text {\n margin-bottom: 15px !important; }\n}\n<\/style><style type=\"text\/css\"> @media only screen and (max-width: 976px){\n\n.skt-blocks-block-advanced-heading.block-f33794cd-8acb-4ac5-93b5-16f3940f84d6 .responsive-heading-title-text {\n font-size: 32px; }\n}\n<\/style><style type=\"text\/css\"> @media only screen and (max-width: 767px){\n .skt-blocks-block-advanced-heading.block-f33794cd-8acb-4ac5-93b5-16f3940f84d6 .responsive-heading-title-text {\n font-size: 30px; }\n}\n<\/style><style type=\"text\/css\"> @media only screen and (min-width: 976px){\n\n.skt-blocks-block-advanced-heading.block-f33794cd-8acb-4ac5-93b5-16f3940f84d6 .responsive-heading-desc-text {\n font-size: undefinedpx !important; }\n}\n<\/style><style type=\"text\/css\"> @media only screen and (min-width: 976px){\n .skt-blocks-block-advanced-heading.block-f33794cd-8acb-4ac5-93b5-16f3940f84d6 {\n text-align: left; }\n}\n @media only screen and (max-width: 976px){\n .skt-blocks-block-advanced-heading.block-f33794cd-8acb-4ac5-93b5-16f3940f84d6 {\n text-align: left; }\n}\n @media only screen and (max-width: 767px){\n .skt-blocks-block-advanced-heading.block-f33794cd-8acb-4ac5-93b5-16f3940f84d6 {\n text-align: center; }\n}\n<\/style><div class=\"skt-blocks-block-advanced-heading block-f33794cd-8acb-4ac5-93b5-16f3940f84d6\"><h2 class=\"responsive-heading-title-text\" style=\"font-family:Assistant;font-weight:700;line-height:1;letter-spacing:0\">OPUR newsletters<\/h2><div class=\"responsive-heading-seperator-wrap\"><div class=\"responsive-heading-seperator\" style=\"border-top-style:solid;border-top-width:2px;width:40px;border-color:#6ab43e\"><\/div><\/div><\/div>\n\n\n\n<p>The Newsletter is reserved for<br>members. If you have special requests, please contact us at <a href=\"mailto:imylymuk@yahoo.fr\">imylymuk@yahoo.fr<\/a><\/p>\n<\/div><\/div><\/div>\n<\/div><\/div><\/div><\/div>\n<\/div><\/section><\/div>\n","protected":false},"excerpt":{"rendered":"","protected":false},"author":1,"featured_media":0,"parent":0,"menu_order":0,"comment_status":"closed","ping_status":"closed","template":"templates\/page-builder.php","meta":{"footnotes":""},"featured_image_src":false,"featured_image_src_square":false,"rbea_author_info":{"display_name":"admin","author_link":"https:\/\/www.opur.cloud\/index.php\/author\/admin\/"},"rbea_excerpt_info":null,"_links":{"self":[{"href":"https:\/\/www.opur.cloud\/index.php\/wp-json\/wp\/v2\/pages\/865"}],"collection":[{"href":"https:\/\/www.opur.cloud\/index.php\/wp-json\/wp\/v2\/pages"}],"about":[{"href":"https:\/\/www.opur.cloud\/index.php\/wp-json\/wp\/v2\/types\/page"}],"author":[{"embeddable":true,"href":"https:\/\/www.opur.cloud\/index.php\/wp-json\/wp\/v2\/users\/1"}],"replies":[{"embeddable":true,"href":"https:\/\/www.opur.cloud\/index.php\/wp-json\/wp\/v2\/comments?post=865"}],"version-history":[{"count":23,"href":"https:\/\/www.opur.cloud\/index.php\/wp-json\/wp\/v2\/pages\/865\/revisions"}],"predecessor-version":[{"id":1413,"href":"https:\/\/www.opur.cloud\/index.php\/wp-json\/wp\/v2\/pages\/865\/revisions\/1413"}],"wp:attachment":[{"href":"https:\/\/www.opur.cloud\/index.php\/wp-json\/wp\/v2\/media?parent=865"}],"curies":[{"name":"wp","href":"https:\/\/api.w.org\/{rel}","templated":true}]}}